{"id":1823,"date":"2021-05-26T11:16:29","date_gmt":"2021-05-26T03:16:29","guid":{"rendered":"https:\/\/med-disposable.com\/?post_type=product&#038;p=1823"},"modified":"2023-09-21T16:21:40","modified_gmt":"2023-09-21T08:21:40","slug":"manga-de-braco-microporosa-descartavel-para-uso-hospitalar","status":"publish","type":"product","link":"https:\/\/med-disposable.com\/pt\/product\/disposable-microporous-arm-sleeve-for-hospital-use\/","title":{"rendered":"Manga de bra\u00e7o microporosa descart\u00e1vel para uso hospitalar"},"content":{"rendered":"<p>A seguran\u00e7a, o conforto e a higiene s\u00e3o fundamentais num ambiente hospitalar. A nossa manga de bra\u00e7o microporosa descart\u00e1vel foi meticulosamente concebida para cumprir as normas exigentes dos ambientes m\u00e9dicos. Fabricada a partir de material n\u00e3o tecido microporoso de qualidade superior, oferece uma prote\u00e7\u00e3o refor\u00e7ada, garantindo simultaneamente o m\u00e1ximo conforto aos seus utilizadores.<\/p>\n<p><img fetchpriority=\"high\" decoding=\"async\" class=\"aligncenter wp-image-10335 size-full\" src=\"https:\/\/med-disposable.com\/wp-content\/uploads\/2021\/05\/40A0961.jpg\" alt=\"\" width=\"805\" height=\"805\" srcset=\"https:\/\/med-disposable.com\/wp-content\/uploads\/2021\/05\/40A0961.jpg 805w, https:\/\/med-disposable.com\/wp-content\/uploads\/2021\/05\/40A0961-300x300.jpg 300w, https:\/\/med-disposable.com\/wp-content\/uploads\/2021\/05\/40A0961-150x150.jpg 150w, https:\/\/med-disposable.com\/wp-content\/uploads\/2021\/05\/40A0961-768x768.jpg 768w, https:\/\/med-disposable.com\/wp-content\/uploads\/2021\/05\/40A0961-600x600.jpg 600w, https:\/\/med-disposable.com\/wp-content\/uploads\/2021\/05\/40A0961-100x100.jpg 100w\" sizes=\"(max-width: 805px) 100vw, 805px\" \/><\/p>\n<p><strong>Carater\u00edsticas:<\/strong><\/p>\n<ol>\n<li><strong>Material de alta qualidade:<\/strong> Fabricado com material n\u00e3o tecido microporoso, conhecido pela sua durabilidade e seguran\u00e7a.<\/li>\n<li><strong>Punhos el\u00e1sticos:<\/strong> Concebidas com punhos el\u00e1sticos para garantir um ajuste confort\u00e1vel sem comprometer o conforto.<\/li>\n<li><strong>Bloqueador de bact\u00e9rias:<\/strong> A manga para o bra\u00e7o oferece uma barreira eficaz contra bact\u00e9rias nocivas, garantindo a seguran\u00e7a em ambientes esterilizados.<\/li>\n<li><strong>Imperme\u00e1vel e respir\u00e1vel:<\/strong> Equilibrando prote\u00e7\u00e3o e conforto, a manga \u00e9 simultaneamente resistente \u00e0 \u00e1gua e respir\u00e1vel.<\/li>\n<\/ol>\n<p><img decoding=\"async\" class=\"aligncenter wp-image-10339 size-large\" src=\"https:\/\/med-disposable.com\/wp-content\/uploads\/2021\/05\/40A0966-1024x1024.jpg\" alt=\"\" width=\"800\" height=\"800\" srcset=\"https:\/\/med-disposable.com\/wp-content\/uploads\/2021\/05\/40A0966-1024x1024.jpg 1024w, https:\/\/med-disposable.com\/wp-content\/uploads\/2021\/05\/40A0966-300x300.jpg 300w, https:\/\/med-disposable.com\/wp-content\/uploads\/2021\/05\/40A0966-150x150.jpg 150w, https:\/\/med-disposable.com\/wp-content\/uploads\/2021\/05\/40A0966-768x768.jpg 768w, https:\/\/med-disposable.com\/wp-content\/uploads\/2021\/05\/40A0966-1536x1536.jpg 1536w, https:\/\/med-disposable.com\/wp-content\/uploads\/2021\/05\/40A0966-scaled.jpg 2048w, https:\/\/med-disposable.com\/wp-content\/uploads\/2021\/05\/40A0966-600x600.jpg 600w, https:\/\/med-disposable.com\/wp-content\/uploads\/2021\/05\/40A0966-100x100.jpg 100w\" sizes=\"(max-width: 800px) 100vw, 800px\" \/><\/p>\n<p><strong>Especifica\u00e7\u00f5es de base:<\/strong><\/p>\n<table width=\"496\">\n<tbody>\n<tr>\n<td width=\"92\">Tamanho<\/td>\n<td width=\"404\">40x20cm,45x20cm,60x20cm, ou conforme personalizado<\/td>\n<\/tr>\n<tr>\n<td width=\"92\">Material<\/td>\n<td>Microporoso<\/td>\n<\/tr>\n<tr>\n<td width=\"92\">Peso<\/td>\n<td>40-65gsm<\/td>\n<\/tr>\n<tr>\n<td width=\"92\">Cor<\/td>\n<td>branco<\/td>\n<\/tr>\n<tr>\n<td width=\"92\">Embalagem<\/td>\n<td>100pc\/saco, 1000pcs\/ctn, ou como pedido<\/td>\n<\/tr>\n<tr>\n<td width=\"92\">Aplica\u00e7\u00e3o<\/td>\n<td>hospital, laborat\u00f3rios, cl\u00ednica, ind\u00fastria m\u00e9dica...<\/td>\n<\/tr>\n<\/tbody>\n<\/table>\n<p><strong>Vantagens:<\/strong><\/p>\n<ol>\n<li><strong>Prote\u00e7\u00e3o superior:<\/strong> Proporciona uma barreira robusta contra contaminantes, garantindo a seguran\u00e7a do utilizador e dos doentes.<\/li>\n<li><strong>Conforto:<\/strong> O material respir\u00e1vel e os punhos el\u00e1sticos garantem que os utilizadores n\u00e3o se sentem apertados ou desconfort\u00e1veis durante longas horas.<\/li>\n<li><strong>Solu\u00e7\u00e3o higi\u00e9nica:<\/strong> A conce\u00e7\u00e3o de utiliza\u00e7\u00e3o \u00fanica elimina o risco de contamina\u00e7\u00e3o cruzada, essencial em ambientes hospitalares.<\/li>\n<li><strong>Versatilidade:<\/strong> A sua cor branca e o seu design universal tornam-no adequado para v\u00e1rios departamentos de uma institui\u00e7\u00e3o m\u00e9dica.<\/li>\n<\/ol>\n<p><img decoding=\"async\" class=\"aligncenter wp-image-10340 size-large\" src=\"https:\/\/med-disposable.com\/wp-content\/uploads\/2021\/05\/40A0967-1024x1024.jpg\" alt=\"\" width=\"800\" height=\"800\" srcset=\"https:\/\/med-disposable.com\/wp-content\/uploads\/2021\/05\/40A0967-1024x1024.jpg 1024w, https:\/\/med-disposable.com\/wp-content\/uploads\/2021\/05\/40A0967-300x300.jpg 300w, https:\/\/med-disposable.com\/wp-content\/uploads\/2021\/05\/40A0967-150x150.jpg 150w, https:\/\/med-disposable.com\/wp-content\/uploads\/2021\/05\/40A0967-768x768.jpg 768w, https:\/\/med-disposable.com\/wp-content\/uploads\/2021\/05\/40A0967-1536x1536.jpg 1536w, https:\/\/med-disposable.com\/wp-content\/uploads\/2021\/05\/40A0967-scaled.jpg 2048w, https:\/\/med-disposable.com\/wp-content\/uploads\/2021\/05\/40A0967-600x600.jpg 600w, https:\/\/med-disposable.com\/wp-content\/uploads\/2021\/05\/40A0967-100x100.jpg 100w\" sizes=\"(max-width: 800px) 100vw, 800px\" \/><\/p>\n<p><strong>Aplica\u00e7\u00f5es:<\/strong><\/p>\n<ul>\n<li>Procedimentos cir\u00fargicos<\/li>\n<li>Unidades de cuidados intensivos<\/li>\n<li>Laborat\u00f3rios m\u00e9dicos<\/li>\n<li>Actividades de cuidados aos doentes<\/li>\n<li>Qualquer procedimento m\u00e9dico que exija uma camada adicional de prote\u00e7\u00e3o.<\/li>\n<\/ul>\n<p><img loading=\"lazy\" decoding=\"async\" class=\"aligncenter wp-image-10343 size-full\" src=\"https:\/\/med-disposable.com\/wp-content\/uploads\/2021\/05\/sleeve-cover-medical.jpg\" alt=\"\" width=\"800\" height=\"605\" srcset=\"https:\/\/med-disposable.com\/wp-content\/uploads\/2021\/05\/sleeve-cover-medical.jpg 800w, https:\/\/med-disposable.com\/wp-content\/uploads\/2021\/05\/sleeve-cover-medical-300x227.jpg 300w, https:\/\/med-disposable.com\/wp-content\/uploads\/2021\/05\/sleeve-cover-medical-768x581.jpg 768w, https:\/\/med-disposable.com\/wp-content\/uploads\/2021\/05\/sleeve-cover-medical-600x454.jpg 600w\" sizes=\"(max-width: 800px) 100vw, 800px\" \/><\/p>\n<p><strong>Modo de utiliza\u00e7\u00e3o:<\/strong><\/p>\n<ol>\n<li>Assegure-se de que os seus bra\u00e7os est\u00e3o limpos e sem humidade.<\/li>\n<li>Deslize suavemente a manga sobre o bra\u00e7o at\u00e9 que o punho el\u00e1stico fique bem ajustado ao pulso.<\/li>\n<li>Realize as suas tarefas m\u00e9dicas com confian\u00e7a, sabendo que est\u00e1 protegido.<\/li>\n<li>Ap\u00f3s a utiliza\u00e7\u00e3o, remover cuidadosamente e eliminar o inv\u00f3lucro em contentores de res\u00edduos de risco biol\u00f3gico para manter a higiene.<\/li>\n<\/ol>\n<p><strong>FAQs :<\/strong><\/p>\n<ol>\n<li><strong>Como \u00e9 que estas mangas de bra\u00e7o microporosas se comparam a outros materiais em termos de prote\u00e7\u00e3o?<\/strong>\n<p>O material n\u00e3o tecido microporoso \u00e9 conhecido pelos seus excelentes atributos de prote\u00e7\u00e3o. Oferece uma combina\u00e7\u00e3o \u00fanica de respirabilidade e prote\u00e7\u00e3o de barreira contra contaminantes, incluindo bact\u00e9rias. A sua estrutura densa garante que os agentes nocivos n\u00e3o penetram, tornando-o superior a muitos outros materiais em ambientes hospitalares.<\/li>\n<li><strong>S\u00e3o isentos de l\u00e1tex e seguros para pessoas com alergias?<\/strong>\n<p>O material microporoso utilizado nestas mangas de bra\u00e7o n\u00e3o \u00e9 derivado do l\u00e1tex, o que o torna seguro para a maioria das pessoas, incluindo as que sofrem de alergias ao l\u00e1tex. No entanto, para outras quest\u00f5es espec\u00edficas sobre alerg\u00e9nios, recomendamos que contacte a nossa equipa de apoio.<\/li>\n<li><strong>Estas mangas s\u00e3o resistentes aos produtos qu\u00edmicos e desinfectantes habitualmente utilizados nos hospitais?<\/strong>\n<p>O material n\u00e3o tecido microporoso \u00e9 conhecido pela sua resist\u00eancia a v\u00e1rios produtos qu\u00edmicos. No entanto, \u00e9 essencial consultar a ficha de dados t\u00e9cnicos do produto ou contactar o nosso apoio para obter informa\u00e7\u00f5es espec\u00edficas sobre a resist\u00eancia qu\u00edmica.<\/li>\n<li><strong>Como \u00e9 que os punhos el\u00e1sticos melhoram a funcionalidade das mangas?<\/strong>\n<p>Os punhos el\u00e1sticos garantem um ajuste seguro, impedindo que a manga se desloque para baixo durante as actividades. Tamb\u00e9m cria uma barreira protetora no pulso, assegurando que nenhum contaminante pode entrar pela abertura da manga, aumentando assim a seguran\u00e7a do utilizador.<\/li>\n<li><strong>Que tamanhos est\u00e3o dispon\u00edveis e podem ser personalizados de acordo com requisitos espec\u00edficos?<\/strong>\n<p>As mangas para os bra\u00e7os foram concebidas para se adaptarem confortavelmente \u00e0 maioria dos indiv\u00edduos. Para requisitos de tamanho espec\u00edficos ou encomendas personalizadas, recomendamos que discuta as suas necessidades com a nossa equipa de vendas, que o poder\u00e1 orientar melhor.<\/li>\n<\/ol>","protected":false},"excerpt":{"rendered":"<p>Material microporoso n\u00e3o tecido, cor branca.<\/p>\n<p>Com punhos el\u00e1sticos, \u00e9 mais confort\u00e1vel de usar.<\/p>\n<p>Melhor fun\u00e7\u00e3o de bloqueio das bact\u00e9rias; respir\u00e1vel e imperme\u00e1vel.<\/p>","protected":false},"featured_media":10337,"template":"","meta":{"_seopress_robots_primary_cat":"none","_seopress_titles_title":"Microporous Material: Waterproof, Breathable, &amp; Blocks Bacteria - Perfect for Hospital &amp; Medical Usage","_seopress_titles_desc":"Manufacturer of Disposable Microporous Arm Sleeve for hospital, labs, clinic and medical industry use. Microporous material, waterproof and breathable.","_seopress_robots_index":""},"product_brand":[],"product_cat":[51],"product_tag":[74],"class_list":{"0":"post-1823","1":"product","2":"type-product","3":"status-publish","4":"has-post-thumbnail","6":"product_cat-sleeve-cover","7":"product_tag-arm-sleeve","9":"first","10":"instock","11":"shipping-taxable","12":"product-type-simple"},"_links":{"self":[{"href":"https:\/\/med-disposable.com\/pt\/wp-json\/wp\/v2\/product\/1823","targetHints":{"allow":["GET"]}}],"collection":[{"href":"https:\/\/med-disposable.com\/pt\/wp-json\/wp\/v2\/product"}],"about":[{"href":"https:\/\/med-disposable.com\/pt\/wp-json\/wp\/v2\/types\/product"}],"version-history":[{"count":0,"href":"https:\/\/med-disposable.com\/pt\/wp-json\/wp\/v2\/product\/1823\/revisions"}],"wp:featuredmedia":[{"embeddable":true,"href":"https:\/\/med-disposable.com\/pt\/wp-json\/wp\/v2\/media\/10337"}],"wp:attachment":[{"href":"https:\/\/med-disposable.com\/pt\/wp-json\/wp\/v2\/media?parent=1823"}],"wp:term":[{"taxonomy":"product_brand","embeddable":true,"href":"https:\/\/med-disposable.com\/pt\/wp-json\/wp\/v2\/product_brand?post=1823"},{"taxonomy":"product_cat","embeddable":true,"href":"https:\/\/med-disposable.com\/pt\/wp-json\/wp\/v2\/product_cat?post=1823"},{"taxonomy":"product_tag","embeddable":true,"href":"https:\/\/med-disposable.com\/pt\/wp-json\/wp\/v2\/product_tag?post=1823"}],"curies":[{"name":"wp","href":"https:\/\/api.w.org\/{rel}","templated":true}]}}