{"id":1878,"date":"2021-06-09T18:15:39","date_gmt":"2021-06-09T10:15:39","guid":{"rendered":"https:\/\/med-disposable.com\/?post_type=product&#038;p=1878"},"modified":"2023-06-29T10:53:59","modified_gmt":"2023-06-29T02:53:59","slug":"rolo-de-lencol-descartavel-pp-pe-para-exame-hospitalar","status":"publish","type":"product","link":"https:\/\/med-disposable.com\/pt\/product\/disposable-pp-pe-bed-sheet-roll-for-hospital-examination\/","title":{"rendered":"Rolo de len\u00e7ol descart\u00e1vel PP+PE para exame hospitalar"},"content":{"rendered":"<p>Apresentamos o nosso rolo de len\u00e7\u00f3is PP\/PE descart\u00e1veis para exames hospitalares, uma solu\u00e7\u00e3o ideal para estabelecimentos de cuidados de sa\u00fade empenhados em manter padr\u00f5es excepcionais de higiene e conforto. Estes len\u00e7\u00f3is foram cuidadosamente concebidos com um tecido n\u00e3o tecido de qualidade superior para garantir uma experi\u00eancia suave, respir\u00e1vel e agrad\u00e1vel para a pele dos doentes durante os exames ou procedimentos m\u00e9dicos.<\/p>\n<p><img fetchpriority=\"high\" decoding=\"async\" class=\"aligncenter wp-image-8780 size-full\" src=\"https:\/\/med-disposable.com\/wp-content\/uploads\/2021\/06\/H166e1d4878d74ac5aad56f809fc8e28bH-1.jpg\" alt=\"\" width=\"800\" height=\"800\" srcset=\"https:\/\/med-disposable.com\/wp-content\/uploads\/2021\/06\/H166e1d4878d74ac5aad56f809fc8e28bH-1.jpg 800w, https:\/\/med-disposable.com\/wp-content\/uploads\/2021\/06\/H166e1d4878d74ac5aad56f809fc8e28bH-1-300x300.jpg 300w, https:\/\/med-disposable.com\/wp-content\/uploads\/2021\/06\/H166e1d4878d74ac5aad56f809fc8e28bH-1-150x150.jpg 150w, https:\/\/med-disposable.com\/wp-content\/uploads\/2021\/06\/H166e1d4878d74ac5aad56f809fc8e28bH-1-768x768.jpg 768w, https:\/\/med-disposable.com\/wp-content\/uploads\/2021\/06\/H166e1d4878d74ac5aad56f809fc8e28bH-1-600x600.jpg 600w, https:\/\/med-disposable.com\/wp-content\/uploads\/2021\/06\/H166e1d4878d74ac5aad56f809fc8e28bH-1-100x100.jpg 100w\" sizes=\"(max-width: 800px) 100vw, 800px\" \/><\/p>\n<p><strong>Carater\u00edsticas do produto:<\/strong><\/p>\n<p>Os nossos rolos de len\u00e7\u00f3is descart\u00e1veis de PP\/PE s\u00e3o desenvolvidos com carater\u00edsticas-chave destinadas a satisfazer os mais elevados padr\u00f5es de cuidados de sa\u00fade:<\/p>\n<ul>\n<li><em>Material:<\/em> Fabricados a partir de um tecido n\u00e3o tecido muito macio, estes len\u00e7\u00f3is s\u00e3o respir\u00e1veis e suaves para a pele, o que os torna adequados para todos os tipos de doentes, incluindo os que t\u00eam pele sens\u00edvel.<\/li>\n<li><em>Distribui\u00e7\u00e3o:<\/em> Convenientemente embaladas num rolo, estas folhas podem ser facilmente distribu\u00eddas e cortadas nos comprimentos desejados, oferecendo flexibilidade e reduzindo o desperd\u00edcio.<\/li>\n<li><em>Descart\u00e1vel:<\/em> Estas folhas s\u00e3o de utiliza\u00e7\u00e3o \u00fanica, promovendo um elevado padr\u00e3o de higiene e reduzindo o risco de contamina\u00e7\u00e3o cruzada.<\/li>\n<\/ul>\n<p><img decoding=\"async\" class=\"aligncenter wp-image-6548 size-large\" src=\"https:\/\/med-disposable.com\/wp-content\/uploads\/2021\/03\/bed-sheet-roll-1024x1024.jpg\" alt=\"\" width=\"800\" height=\"800\" srcset=\"https:\/\/med-disposable.com\/wp-content\/uploads\/2021\/03\/bed-sheet-roll-1024x1024.jpg 1024w, https:\/\/med-disposable.com\/wp-content\/uploads\/2021\/03\/bed-sheet-roll-300x300.jpg 300w, https:\/\/med-disposable.com\/wp-content\/uploads\/2021\/03\/bed-sheet-roll-150x150.jpg 150w, https:\/\/med-disposable.com\/wp-content\/uploads\/2021\/03\/bed-sheet-roll-768x768.jpg 768w, https:\/\/med-disposable.com\/wp-content\/uploads\/2021\/03\/bed-sheet-roll-1536x1536.jpg 1536w, https:\/\/med-disposable.com\/wp-content\/uploads\/2021\/03\/bed-sheet-roll-scaled.jpg 2048w, https:\/\/med-disposable.com\/wp-content\/uploads\/2021\/03\/bed-sheet-roll-600x600.jpg 600w, https:\/\/med-disposable.com\/wp-content\/uploads\/2021\/03\/bed-sheet-roll-100x100.jpg 100w\" sizes=\"(max-width: 800px) 100vw, 800px\" \/><\/p>\n<p><strong>Especifica\u00e7\u00f5es de base:<\/strong><\/p>\n<table border=\"1\">\n<tbody>\n<tr>\n<td><strong><span data-spm-anchor-id=\"a2700.details.0.i22.4d5b485eu9zz9d\">Material<\/span><\/strong><\/td>\n<td>PP n\u00e3o tecido + PE<\/td>\n<\/tr>\n<tr>\n<td><strong>Tamanho<\/strong><\/td>\n<td>50cm*100m,60cm*60m,80cm*60m,customized<\/td>\n<\/tr>\n<tr>\n<td><strong>Peso<\/strong><\/td>\n<td>20gsm-40gsm<\/td>\n<\/tr>\n<tr>\n<td><strong>Cor<\/strong><\/td>\n<td>Branco, cor-de-rosa, azul ou conforme pedido<\/td>\n<\/tr>\n<tr>\n<td><strong>Embalagem<\/strong><\/td>\n<td><span data-spm-anchor-id=\"a2700.details.0.i23.4d5b485eu9zz9d\">1 rolo\/saco, 10 rolos\/ctn, ou conforme necess\u00e1rio<\/span><\/td>\n<\/tr>\n<\/tbody>\n<\/table>\n<p>&nbsp;<\/p>\n<p><strong>Vantagens:<\/strong><\/p>\n<p>A escolha do nosso rolo de len\u00e7ol descart\u00e1vel de PP\/PE para o seu estabelecimento m\u00e9dico oferece v\u00e1rias vantagens importantes:<\/p>\n<ul>\n<li><em>Higiene refor\u00e7ada:<\/em> A natureza descart\u00e1vel destes len\u00e7\u00f3is ajuda a evitar a propaga\u00e7\u00e3o de infec\u00e7\u00f5es, garantindo um ambiente limpo e seguro tanto para os doentes como para os profissionais de sa\u00fade.<\/li>\n<li><em>Confort\u00e1vel:<\/em> A utiliza\u00e7\u00e3o de tecido n\u00e3o tecido macio, respir\u00e1vel e amigo da pele aumenta o conforto do doente durante os exames.<\/li>\n<li><em>Comodidade e efici\u00eancia:<\/em> O sistema de distribui\u00e7\u00e3o de rolos simplifica a prepara\u00e7\u00e3o da cama, poupando tempo e esfor\u00e7o valiosos ao seu pessoal.<\/li>\n<li><em>Rent\u00e1vel:<\/em> Ao eliminar a necessidade de lavagem, estes len\u00e7\u00f3is descart\u00e1veis podem ajudar a reduzir os custos a longo prazo.<\/li>\n<\/ul>\n<p><img decoding=\"async\" class=\"aligncenter wp-image-7969 size-full\" src=\"https:\/\/med-disposable.com\/wp-content\/uploads\/2021\/05\/bed-sheets-details_\u526f\u672c-1.jpg\" alt=\"\" width=\"800\" height=\"696\" srcset=\"https:\/\/med-disposable.com\/wp-content\/uploads\/2021\/05\/bed-sheets-details_\u526f\u672c-1.jpg 800w, https:\/\/med-disposable.com\/wp-content\/uploads\/2021\/05\/bed-sheets-details_\u526f\u672c-1-300x261.jpg 300w, https:\/\/med-disposable.com\/wp-content\/uploads\/2021\/05\/bed-sheets-details_\u526f\u672c-1-768x668.jpg 768w, https:\/\/med-disposable.com\/wp-content\/uploads\/2021\/05\/bed-sheets-details_\u526f\u672c-1-600x522.jpg 600w\" sizes=\"(max-width: 800px) 100vw, 800px\" \/><\/p>\n<p><strong>Utiliza\u00e7\u00f5es:<\/strong><\/p>\n<p>Os nossos rolos de len\u00e7\u00f3is descart\u00e1veis de PP\/PE s\u00e3o ideais para utiliza\u00e7\u00e3o numa variedade de ambientes de cuidados de sa\u00fade. S\u00e3o mais frequentemente utilizados em hospitais para mesas de exame, mas tamb\u00e9m s\u00e3o adequados para utiliza\u00e7\u00e3o em cl\u00ednicas, lares de idosos e outras instala\u00e7\u00f5es m\u00e9dicas.<\/p>\n<p><img loading=\"lazy\" decoding=\"async\" class=\"aligncenter wp-image-3422 size-large\" src=\"https:\/\/med-disposable.com\/wp-content\/uploads\/2022\/03\/Disposable-bed-sheet-roll-t-1024x1024.jpg\" alt=\"Rolo de len\u00e7ol descart\u00e1vel\" width=\"800\" height=\"800\" srcset=\"https:\/\/med-disposable.com\/wp-content\/uploads\/2022\/03\/Disposable-bed-sheet-roll-t-1024x1024.jpg 1024w, https:\/\/med-disposable.com\/wp-content\/uploads\/2022\/03\/Disposable-bed-sheet-roll-t-300x300.jpg 300w, https:\/\/med-disposable.com\/wp-content\/uploads\/2022\/03\/Disposable-bed-sheet-roll-t-150x150.jpg 150w, https:\/\/med-disposable.com\/wp-content\/uploads\/2022\/03\/Disposable-bed-sheet-roll-t-768x768.jpg 768w, https:\/\/med-disposable.com\/wp-content\/uploads\/2022\/03\/Disposable-bed-sheet-roll-t-1536x1536.jpg 1536w, https:\/\/med-disposable.com\/wp-content\/uploads\/2022\/03\/Disposable-bed-sheet-roll-t-scaled.jpg 2048w, https:\/\/med-disposable.com\/wp-content\/uploads\/2022\/03\/Disposable-bed-sheet-roll-t-600x600.jpg 600w, https:\/\/med-disposable.com\/wp-content\/uploads\/2022\/03\/Disposable-bed-sheet-roll-t-100x100.jpg 100w\" sizes=\"(max-width: 800px) 100vw, 800px\" \/><\/p>\n<p>&nbsp;<\/p>\n<p><strong>FAQ:<\/strong><\/p>\n<p><strong>1. Como \u00e9 que estes len\u00e7\u00f3is descart\u00e1veis melhoram as normas de higiene nos estabelecimentos de sa\u00fade?<\/strong><\/p>\n<p>A utiliza\u00e7\u00e3o de rolos de len\u00e7\u00f3is descart\u00e1veis de PP\/PE melhora significativamente a higiene em ambientes de cuidados de sa\u00fade. Uma vez que s\u00e3o concebidos para utiliza\u00e7\u00e3o \u00fanica, estes len\u00e7\u00f3is ajudam a eliminar o risco de contamina\u00e7\u00e3o cruzada entre doentes. Cada doente recebe um len\u00e7ol novo e limpo, criando um ambiente mais seguro e mais higi\u00e9nico.<\/p>\n<p><strong>2. Estes rolos de len\u00e7\u00f3is podem ser personalizados de acordo com necessidades espec\u00edficas?<\/strong><\/p>\n<p>Compreendemos que os diferentes contextos de cuidados de sa\u00fade podem ter requisitos diferentes. Embora o nosso produto padr\u00e3o tenha sido concebido para se adequar a uma vasta gama de necessidades, estamos abertos a discutir potenciais op\u00e7\u00f5es de personaliza\u00e7\u00e3o. Isto pode incluir diferentes tamanhos, cores ou embalagens. Contacte a nossa equipa de apoio ao cliente para discutir as suas necessidades espec\u00edficas.<\/p>\n<p><strong>3. Como posso beneficiar de descontos para encomendas de grandes quantidades?<\/strong><\/p>\n<p>Oferecemos op\u00e7\u00f5es de pre\u00e7os especiais para clientes que pretendam efetuar compras em grandes quantidades. As especificidades destes descontos variam consoante a dimens\u00e3o da encomenda e a nossa equipa de vendas est\u00e1 sempre dispon\u00edvel para fornecer informa\u00e7\u00f5es mais detalhadas. Encorajamos os clientes interessados a entrar em contacto connosco para discutir as possibilidades.<\/p>","protected":false},"excerpt":{"rendered":"<p>Perfurado e f\u00e1cil de rasgar.<\/p>\n<p>PP+PE n\u00e3o tecido, macio, imperme\u00e1vel e \u00e0 prova de \u00f3leo.<\/p>\n<p>Concebido para exames hospitalares.<\/p>","protected":false},"featured_media":8780,"template":"","meta":{"_seopress_robots_primary_cat":"none","_seopress_titles_title":"Non-Woven PP &amp; PE: Block Liquids &amp; Stains Without Sacrificing Comfort","_seopress_titles_desc":"Manufacturers of Disposable PP+PE bed sheet roll for hospital examination. Soft texture, effectively block liquids and stains.","_seopress_robots_index":""},"product_brand":[],"product_cat":[49],"product_tag":[69,57],"class_list":{"0":"post-1878","1":"product","2":"type-product","3":"status-publish","4":"has-post-thumbnail","6":"product_cat-bed-linens","7":"product_tag-bed-sheet","8":"product_tag-non-woven","10":"first","11":"instock","12":"shipping-taxable","13":"product-type-simple"},"_links":{"self":[{"href":"https:\/\/med-disposable.com\/pt\/wp-json\/wp\/v2\/product\/1878","targetHints":{"allow":["GET"]}}],"collection":[{"href":"https:\/\/med-disposable.com\/pt\/wp-json\/wp\/v2\/product"}],"about":[{"href":"https:\/\/med-disposable.com\/pt\/wp-json\/wp\/v2\/types\/product"}],"version-history":[{"count":0,"href":"https:\/\/med-disposable.com\/pt\/wp-json\/wp\/v2\/product\/1878\/revisions"}],"wp:featuredmedia":[{"embeddable":true,"href":"https:\/\/med-disposable.com\/pt\/wp-json\/wp\/v2\/media\/8780"}],"wp:attachment":[{"href":"https:\/\/med-disposable.com\/pt\/wp-json\/wp\/v2\/media?parent=1878"}],"wp:term":[{"taxonomy":"product_brand","embeddable":true,"href":"https:\/\/med-disposable.com\/pt\/wp-json\/wp\/v2\/product_brand?post=1878"},{"taxonomy":"product_cat","embeddable":true,"href":"https:\/\/med-disposable.com\/pt\/wp-json\/wp\/v2\/product_cat?post=1878"},{"taxonomy":"product_tag","embeddable":true,"href":"https:\/\/med-disposable.com\/pt\/wp-json\/wp\/v2\/product_tag?post=1878"}],"curies":[{"name":"wp","href":"https:\/\/api.w.org\/{rel}","templated":true}]}}