{"id":1920,"date":"2021-06-08T18:19:36","date_gmt":"2021-06-08T10:19:36","guid":{"rendered":"https:\/\/med-disposable.com\/?post_type=product&#038;p=1920"},"modified":"2023-07-21T18:12:04","modified_gmt":"2023-07-21T10:12:04","slug":"macacao-sms-descartavel-com-gorros-e-protecao-de-botas","status":"publish","type":"product","link":"https:\/\/med-disposable.com\/pt\/product\/disposable-sms-coverall-with-caps-and-boot-cover\/","title":{"rendered":"Fato-macaco SMS descart\u00e1vel com touca e prote\u00e7\u00e3o de botas"},"content":{"rendered":"<p><strong>Introdu\u00e7\u00e3o do produto:<\/strong><\/p>\n<p>Apresentamos o nosso Fato de prote\u00e7\u00e3o SMS descart\u00e1vel, meticulosamente concebido para oferecer uma cobertura abrangente. Fabricado em material SMS de alta qualidade, o fato inclui um capuz e botas e est\u00e1 dispon\u00edvel em v\u00e1rias cores, de acordo com a sua prefer\u00eancia, garantindo a m\u00e1xima prote\u00e7\u00e3o e melhorando a sua imagem profissional.<\/p>\n<figure class=\"wp-block-embed wp-block-embed-youtube is-type-video is-provider-youtube epyt-figure\"><div class=\"wp-block-embed__wrapper\"><div  id=\"_ytid_75941\"  width=\"800\" height=\"450\"  data-origwidth=\"800\" data-origheight=\"450\" data-facadesrc=\"https:\/\/www.youtube.com\/embed\/gdzmMZXja6A?enablejsapi=1&autoplay=0&cc_load_policy=0&cc_lang_pref=&iv_load_policy=1&loop=0&rel=1&fs=1&playsinline=0&autohide=2&theme=dark&color=red&controls=1&disablekb=0&\" class=\"__youtube_prefs__ epyt-facade no-lazyload\" data-epautoplay=\"1\" ><img decoding=\"async\" data-spai-excluded=\"true\" class=\"epyt-facade-poster skip-lazy\" loading=\"lazy\"  alt=\"Leitor do YouTube\"  src=\"https:\/\/i.ytimg.com\/vi\/gdzmMZXja6A\/maxresdefault.jpg\"  \/><button class=\"epyt-facade-play\" aria-label=\"Jogar\"><svg data-no-lazy=\"1\" height=\"100%\" version=\"1.1\" viewbox=\"0 0 68 48\" width=\"100%\"><path class=\"ytp-large-play-button-bg\" d=\"M66.52,7.74c-0.78-2.93-2.49-5.41-5.42-6.19C55.79,.13,34,0,34,0S12.21,.13,6.9,1.55 C3.97,2.33,2.27,4.81,1.48,7.74C0.06,13.05,0,24,0,24s0.06,10.95,1.48,16.26c0.78,2.93,2.49,5.41,5.42,6.19 C12.21,47.87,34,48,34,48s21.79-0.13,27.1-1.55c2.93-0.78,4.64-3.26,5.42-6.19C67.94,34.95,68,24,68,24S67.94,13.05,66.52,7.74z\" fill=\"#f00\"><\/path><path d=\"M 45,24 27,14 27,34\" fill=\"#fff\"><\/path><\/svg><\/button><\/div><\/div><\/figure>\n<p><strong>Especifica\u00e7\u00f5es pormenorizadas:<\/strong><\/p>\n<table width=\"445\">\n<tbody>\n<tr>\n<td width=\"98\">Tamanho<\/td>\n<td width=\"347\">M-5XL<\/td>\n<\/tr>\n<tr>\n<td>Material<\/td>\n<td>SMS<\/td>\n<\/tr>\n<tr>\n<td>Peso em gramas<\/td>\n<td>50gsm, pode ser conforme pedido<\/td>\n<\/tr>\n<tr>\n<td width=\"98\">Estilo<\/td>\n<td width=\"347\">Com gorro e punhos el\u00e1sticos<\/p>\n<p>Fecho de correr \u00e0 frente: fecho de correr de uma pe\u00e7a, sem aba<\/p>\n<p>Cintura: el\u00e1stica<\/p>\n<p>Com cobertura da bagageira<\/td>\n<\/tr>\n<tr>\n<td width=\"98\">Cor<\/td>\n<td width=\"347\">Azul, tamb\u00e9m pode ser branco, azul-marinho, preto a pedido<\/td>\n<\/tr>\n<\/tbody>\n<\/table>\n<p><img fetchpriority=\"high\" decoding=\"async\" class=\"aligncenter wp-image-9313 size-large\" src=\"https:\/\/med-disposable.com\/wp-content\/uploads\/2021\/06\/40A0055-1024x1024.jpg\" alt=\"\" width=\"800\" height=\"800\" srcset=\"https:\/\/med-disposable.com\/wp-content\/uploads\/2021\/06\/40A0055-1024x1024.jpg 1024w, https:\/\/med-disposable.com\/wp-content\/uploads\/2021\/06\/40A0055-300x300.jpg 300w, https:\/\/med-disposable.com\/wp-content\/uploads\/2021\/06\/40A0055-150x150.jpg 150w, https:\/\/med-disposable.com\/wp-content\/uploads\/2021\/06\/40A0055-768x768.jpg 768w, https:\/\/med-disposable.com\/wp-content\/uploads\/2021\/06\/40A0055-1536x1536.jpg 1536w, https:\/\/med-disposable.com\/wp-content\/uploads\/2021\/06\/40A0055-scaled.jpg 2048w, https:\/\/med-disposable.com\/wp-content\/uploads\/2021\/06\/40A0055-600x600.jpg 600w, https:\/\/med-disposable.com\/wp-content\/uploads\/2021\/06\/40A0055-100x100.jpg 100w\" sizes=\"(max-width: 800px) 100vw, 800px\" \/><\/p>\n<p><strong>Carater\u00edsticas do produto:<\/strong><\/p>\n<p>O macac\u00e3o SMS descart\u00e1vel possui v\u00e1rias carater\u00edsticas distintivas:<\/p>\n<ol>\n<li><strong>Material:<\/strong> Fabricado em material SMS, conhecido pela sua for\u00e7a, durabilidade e resist\u00eancia contra uma variedade de riscos.<\/li>\n<li><strong>Conce\u00e7\u00e3o:<\/strong> O macac\u00e3o inclui um capuz e cobre as botas, oferecendo uma cobertura total do corpo e garantindo a m\u00e1xima prote\u00e7\u00e3o.<\/li>\n<li><strong>Personaliza\u00e7\u00e3o da cor:<\/strong> Dispon\u00edvel numa variedade de cores, permitindo o alinhamento com a sua marca e promovendo uma apar\u00eancia profissional consistente.<\/li>\n<\/ol>\n<p><img decoding=\"async\" class=\"aligncenter wp-image-9310 size-full\" src=\"https:\/\/med-disposable.com\/wp-content\/uploads\/2021\/06\/40A0052.jpg\" alt=\"\" width=\"700\" height=\"700\" srcset=\"https:\/\/med-disposable.com\/wp-content\/uploads\/2021\/06\/40A0052.jpg 700w, https:\/\/med-disposable.com\/wp-content\/uploads\/2021\/06\/40A0052-300x300.jpg 300w, https:\/\/med-disposable.com\/wp-content\/uploads\/2021\/06\/40A0052-150x150.jpg 150w, https:\/\/med-disposable.com\/wp-content\/uploads\/2021\/06\/40A0052-600x600.jpg 600w, https:\/\/med-disposable.com\/wp-content\/uploads\/2021\/06\/40A0052-100x100.jpg 100w\" sizes=\"(max-width: 700px) 100vw, 700px\" \/><\/p>\n<p><strong>Vantagens do produto:<\/strong><\/p>\n<ol>\n<li><strong>Prote\u00e7\u00e3o superior:<\/strong> O macac\u00e3o SMS descart\u00e1vel oferece uma prote\u00e7\u00e3o abrangente contra poeiras, sujidade, salpicos e outros riscos potenciais, o que o torna uma excelente escolha para in\u00fameras ind\u00fastrias.<\/li>\n<li><strong>Conforto e mobilidade:<\/strong> Apesar do design protetor robusto, o fato \u00e9 confort\u00e1vel de usar e permite movimentos sem restri\u00e7\u00f5es, assegurando que a produtividade n\u00e3o \u00e9 comprometida.<\/li>\n<li><strong>Alinhamento da marca:<\/strong> Com a disponibilidade de v\u00e1rias cores, estes fatos podem facilmente alinhar-se com as cores da sua marca, melhorando a identidade empresarial no local de trabalho.<\/li>\n<\/ol>\n<p><img decoding=\"async\" class=\"aligncenter wp-image-9312 size-full\" src=\"https:\/\/med-disposable.com\/wp-content\/uploads\/2021\/06\/40A0054.jpg\" alt=\"\" width=\"875\" height=\"875\" srcset=\"https:\/\/med-disposable.com\/wp-content\/uploads\/2021\/06\/40A0054.jpg 875w, https:\/\/med-disposable.com\/wp-content\/uploads\/2021\/06\/40A0054-300x300.jpg 300w, https:\/\/med-disposable.com\/wp-content\/uploads\/2021\/06\/40A0054-150x150.jpg 150w, https:\/\/med-disposable.com\/wp-content\/uploads\/2021\/06\/40A0054-768x768.jpg 768w, https:\/\/med-disposable.com\/wp-content\/uploads\/2021\/06\/40A0054-600x600.jpg 600w, https:\/\/med-disposable.com\/wp-content\/uploads\/2021\/06\/40A0054-100x100.jpg 100w\" sizes=\"(max-width: 875px) 100vw, 875px\" \/><\/p>\n<p><img loading=\"lazy\" decoding=\"async\" class=\"aligncenter wp-image-9316 size-large\" src=\"https:\/\/med-disposable.com\/wp-content\/uploads\/2021\/06\/coverall-sms-1-768x1024.jpg\" alt=\"\" width=\"768\" height=\"1024\" srcset=\"https:\/\/med-disposable.com\/wp-content\/uploads\/2021\/06\/coverall-sms-1-768x1024.jpg 768w, https:\/\/med-disposable.com\/wp-content\/uploads\/2021\/06\/coverall-sms-1-225x300.jpg 225w, https:\/\/med-disposable.com\/wp-content\/uploads\/2021\/06\/coverall-sms-1-600x800.jpg 600w, https:\/\/med-disposable.com\/wp-content\/uploads\/2021\/06\/coverall-sms-1.jpg 1080w\" sizes=\"(max-width: 768px) 100vw, 768px\" \/><\/p>\n<p><strong>Utiliza\u00e7\u00f5es do produto:<\/strong><\/p>\n<p>O macac\u00e3o SMS descart\u00e1vel \u00e9 altamente vers\u00e1til, o que o torna adequado para v\u00e1rias ind\u00fastrias, tais como cuidados de sa\u00fade, processamento de alimentos, fabrico, servi\u00e7os de limpeza e qualquer outro sector que exija prote\u00e7\u00e3o para todo o corpo.<\/p>\n<p>&nbsp;<\/p>\n<p><strong>Perguntas frequentes:<\/strong><\/p>\n<ol>\n<li><strong>Que tamanhos est\u00e3o dispon\u00edveis para o Fato de prote\u00e7\u00e3o SMS descart\u00e1vel?<\/strong> O macac\u00e3o SMS descart\u00e1vel est\u00e1 dispon\u00edvel numa gama de tamanhos, acomodando um conjunto diversificado de tipos de corpo. Independentemente do tamanho, cada fato assegura uma prote\u00e7\u00e3o e um conforto extensos.<\/li>\n<li><strong>Como \u00e9 que o macac\u00e3o SMS descart\u00e1vel garante a qualidade e a seguran\u00e7a?<\/strong> Os nossos fatos-macaco SMS descart\u00e1veis s\u00e3o produzidos sob rigorosas medidas de controlo de qualidade e cumprem as normas de seguran\u00e7a internacionais. Todas as fases de produ\u00e7\u00e3o s\u00e3o meticulosamente monitorizadas para garantir que o produto final cumpre os mais elevados padr\u00f5es de qualidade e seguran\u00e7a.<\/li>\n<li><strong>O que torna o macac\u00e3o SMS descart\u00e1vel confort\u00e1vel para uma utiliza\u00e7\u00e3o prolongada?<\/strong> O conforto do macac\u00e3o SMS descart\u00e1vel pode ser atribu\u00eddo ao seu material SMS respir\u00e1vel e ao ajuste generoso que permite a liberdade de movimentos. Isto garante que os utilizadores podem desempenhar confortavelmente as suas fun\u00e7\u00f5es, mesmo quando o fato \u00e9 usado durante longos per\u00edodos.<\/li>\n<li><strong>O Fato-macaco SMS descart\u00e1vel pode ser personalizado para a marca da empresa?<\/strong> Sim, dependendo do volume da sua encomenda, podemos personalizar o Fato-macaco SMS descart\u00e1vel com o log\u00f3tipo da sua empresa, nome ou outros requisitos espec\u00edficos. Contacte a nossa equipa de apoio ao cliente para discutir as suas necessidades.<\/li>\n<\/ol>","protected":false},"excerpt":{"rendered":"<p>Material n\u00e3o tecido SMS, imperme\u00e1vel, respir\u00e1vel, resistente ao rasgamento;<\/p>\n<p>Estilo: gorro e punhos el\u00e1sticos, cintura el\u00e1stica, design de fecho de correr de uma pe\u00e7a, com cobertura para botas.<\/p>","protected":false},"featured_media":9305,"template":"","meta":{"_seopress_robots_primary_cat":"none","_seopress_titles_title":"SMS Nonwoven Fabric: Block Splashing Liquid, Prevent Dust, 5XL Sizes Available.","_seopress_titles_desc":"Disposable SMS coverall with caps and boot cover - SMS non-woven fabric, effective block the outside splashing liquid, avoid direct contact, can filter fine particles, dust, etc.","_seopress_robots_index":""},"product_brand":[],"product_cat":[44],"product_tag":[64,71],"class_list":{"0":"post-1920","1":"product","2":"type-product","3":"status-publish","4":"has-post-thumbnail","6":"product_cat-coverall","7":"product_tag-coverall","8":"product_tag-sms","10":"first","11":"instock","12":"shipping-taxable","13":"product-type-simple"},"_links":{"self":[{"href":"https:\/\/med-disposable.com\/pt\/wp-json\/wp\/v2\/product\/1920","targetHints":{"allow":["GET"]}}],"collection":[{"href":"https:\/\/med-disposable.com\/pt\/wp-json\/wp\/v2\/product"}],"about":[{"href":"https:\/\/med-disposable.com\/pt\/wp-json\/wp\/v2\/types\/product"}],"version-history":[{"count":0,"href":"https:\/\/med-disposable.com\/pt\/wp-json\/wp\/v2\/product\/1920\/revisions"}],"wp:featuredmedia":[{"embeddable":true,"href":"https:\/\/med-disposable.com\/pt\/wp-json\/wp\/v2\/media\/9305"}],"wp:attachment":[{"href":"https:\/\/med-disposable.com\/pt\/wp-json\/wp\/v2\/media?parent=1920"}],"wp:term":[{"taxonomy":"product_brand","embeddable":true,"href":"https:\/\/med-disposable.com\/pt\/wp-json\/wp\/v2\/product_brand?post=1920"},{"taxonomy":"product_cat","embeddable":true,"href":"https:\/\/med-disposable.com\/pt\/wp-json\/wp\/v2\/product_cat?post=1920"},{"taxonomy":"product_tag","embeddable":true,"href":"https:\/\/med-disposable.com\/pt\/wp-json\/wp\/v2\/product_tag?post=1920"}],"curies":[{"name":"wp","href":"https:\/\/api.w.org\/{rel}","templated":true}]}}