{"id":2006,"date":"2021-06-22T16:11:40","date_gmt":"2021-06-22T08:11:40","guid":{"rendered":"https:\/\/med-disposable.com\/?post_type=product&#038;p=2006"},"modified":"2023-07-10T18:04:42","modified_gmt":"2023-07-10T10:04:42","slug":"capa-para-sapatos-descartavel-em-tecido-nao-tecido-pp","status":"publish","type":"product","link":"https:\/\/med-disposable.com\/pt\/product\/disposable-standard-pp-non-woven-shoe-cover\/","title":{"rendered":"Cobertura para sapatos descart\u00e1vel em PP n\u00e3o tecido"},"content":{"rendered":"<h2>Especifica\u00e7\u00f5es de base:<\/h2>\n<table width=\"592\">\n<tbody>\n<tr>\n<td width=\"69\">Tamanho<\/td>\n<td width=\"523\">15*40cm, 17*42cm ou personalizado<\/td>\n<\/tr>\n<tr>\n<td width=\"69\">Material<\/td>\n<td width=\"523\">PP n\u00e3o tecido<\/td>\n<\/tr>\n<tr>\n<td width=\"69\">Peso<\/td>\n<td width=\"523\">\n<p data-spm-anchor-id=\"a2700.details.0.i30.74fa601a6ywQxv\">Normalmente 30-45gsm, pode ser personalizado<\/p>\n<\/td>\n<\/tr>\n<tr>\n<td width=\"69\">Cor<\/td>\n<td width=\"523\">branco, azul, verde ou personalizado<\/td>\n<\/tr>\n<tr>\n<td width=\"69\">Embalagem<\/td>\n<td width=\"523\">\u00a010pcs\/rolo, 100pcs\/saco, 2000pcs\/caixa, ou como pedido<\/td>\n<\/tr>\n<\/tbody>\n<\/table>\n<figure class=\"wp-block-embed wp-block-embed-youtube is-type-video is-provider-youtube epyt-figure\"><div class=\"wp-block-embed__wrapper\"><div  id=\"_ytid_82796\"  width=\"800\" height=\"450\"  data-origwidth=\"800\" data-origheight=\"450\" data-facadesrc=\"https:\/\/www.youtube.com\/embed\/HPAJ3B4j8Is?enablejsapi=1&autoplay=0&cc_load_policy=0&cc_lang_pref=&iv_load_policy=1&loop=0&rel=1&fs=1&playsinline=0&autohide=2&theme=dark&color=red&controls=1&disablekb=0&\" class=\"__youtube_prefs__ epyt-facade no-lazyload\" data-epautoplay=\"1\" ><img decoding=\"async\" data-spai-excluded=\"true\" class=\"epyt-facade-poster skip-lazy\" loading=\"lazy\"  alt=\"Leitor do YouTube\"  src=\"https:\/\/i.ytimg.com\/vi\/HPAJ3B4j8Is\/maxresdefault.jpg\"  \/><button class=\"epyt-facade-play\" aria-label=\"Jogar\"><svg data-no-lazy=\"1\" height=\"100%\" version=\"1.1\" viewbox=\"0 0 68 48\" width=\"100%\"><path class=\"ytp-large-play-button-bg\" d=\"M66.52,7.74c-0.78-2.93-2.49-5.41-5.42-6.19C55.79,.13,34,0,34,0S12.21,.13,6.9,1.55 C3.97,2.33,2.27,4.81,1.48,7.74C0.06,13.05,0,24,0,24s0.06,10.95,1.48,16.26c0.78,2.93,2.49,5.41,5.42,6.19 C12.21,47.87,34,48,34,48s21.79-0.13,27.1-1.55c2.93-0.78,4.64-3.26,5.42-6.19C67.94,34.95,68,24,68,24S67.94,13.05,66.52,7.74z\" fill=\"#f00\"><\/path><path d=\"M 45,24 27,14 27,34\" fill=\"#fff\"><\/path><\/svg><\/button><\/div><\/div><\/figure>\n<h2><\/h2>\n<h2>Carater\u00edsticas dos protectores de cal\u00e7ado em PP descart\u00e1veis:<\/h2>\n<p><strong>Material de alta qualidade:<\/strong>\u00a0As nossas capas para sapatos descart\u00e1veis s\u00e3o feitas de material n\u00e3o tecido de polipropileno (PP) dur\u00e1vel, proporcionando uma maior durabilidade e prote\u00e7\u00e3o de barreira contra l\u00edquidos, poeiras e contaminantes, garantindo um ambiente limpo e higi\u00e9nico.<\/p>\n<p><img fetchpriority=\"high\" decoding=\"async\" class=\"aligncenter wp-image-8487 size-full\" src=\"https:\/\/med-disposable.com\/wp-content\/uploads\/2021\/06\/shoe-cover-PP.jpg\" alt=\"\" width=\"750\" height=\"750\" srcset=\"https:\/\/med-disposable.com\/wp-content\/uploads\/2021\/06\/shoe-cover-PP.jpg 750w, https:\/\/med-disposable.com\/wp-content\/uploads\/2021\/06\/shoe-cover-PP-300x300.jpg 300w, https:\/\/med-disposable.com\/wp-content\/uploads\/2021\/06\/shoe-cover-PP-150x150.jpg 150w, https:\/\/med-disposable.com\/wp-content\/uploads\/2021\/06\/shoe-cover-PP-600x600.jpg 600w, https:\/\/med-disposable.com\/wp-content\/uploads\/2021\/06\/shoe-cover-PP-100x100.jpg 100w\" sizes=\"(max-width: 750px) 100vw, 750px\" \/><\/p>\n<p><strong>Faixas el\u00e1sticas para um ajuste seguro:<\/strong>\u00a0As bandas el\u00e1sticas \u00e0 volta da abertura das capas para sapatos garantem um ajuste seguro e confort\u00e1vel para v\u00e1rios tamanhos e tipos de sapatos. Este design tamb\u00e9m ajuda a manter as capas para sapatos no s\u00edtio durante a utiliza\u00e7\u00e3o.<\/p>\n<p><img decoding=\"async\" class=\"aligncenter wp-image-8493 size-full\" src=\"https:\/\/med-disposable.com\/wp-content\/uploads\/2021\/06\/standard-shoe-cover-6.jpg\" alt=\"\" width=\"800\" height=\"800\" srcset=\"https:\/\/med-disposable.com\/wp-content\/uploads\/2021\/06\/standard-shoe-cover-6.jpg 800w, https:\/\/med-disposable.com\/wp-content\/uploads\/2021\/06\/standard-shoe-cover-6-300x300.jpg 300w, https:\/\/med-disposable.com\/wp-content\/uploads\/2021\/06\/standard-shoe-cover-6-150x150.jpg 150w, https:\/\/med-disposable.com\/wp-content\/uploads\/2021\/06\/standard-shoe-cover-6-768x768.jpg 768w, https:\/\/med-disposable.com\/wp-content\/uploads\/2021\/06\/standard-shoe-cover-6-600x600.jpg 600w, https:\/\/med-disposable.com\/wp-content\/uploads\/2021\/06\/standard-shoe-cover-6-100x100.jpg 100w\" sizes=\"(max-width: 800px) 100vw, 800px\" \/><\/p>\n<p><strong>Descart\u00e1vel e higi\u00e9nico:<\/strong>\u00a0Estas capas para sapatos s\u00e3o concebidas para uma \u00fanica utiliza\u00e7\u00e3o, garantindo uma higiene \u00f3ptima e reduzindo o risco de contamina\u00e7\u00e3o cruzada em v\u00e1rios ambientes.<\/p>\n<p>&nbsp;<\/p>\n<h2>Aplica\u00e7\u00f5es:<\/h2>\n<p>Adequadas para utiliza\u00e7\u00e3o em v\u00e1rios ambientes, tais como instala\u00e7\u00f5es m\u00e9dicas, salas limpas, laborat\u00f3rios, estaleiros de constru\u00e7\u00e3o e outros ambientes que exijam uma limpeza e prote\u00e7\u00e3o melhoradas, as nossas coberturas para sapatos em tecido n\u00e3o tecido PP padr\u00e3o descart\u00e1veis proporcionam um desempenho fi\u00e1vel e comodidade.<\/p>\n<p>&nbsp;<\/p>\n<p><img decoding=\"async\" class=\"aligncenter wp-image-8486 size-large\" src=\"https:\/\/med-disposable.com\/wp-content\/uploads\/2021\/06\/PP-shoe-cover-application-1024x576.jpg\" alt=\"\" width=\"800\" height=\"450\" srcset=\"https:\/\/med-disposable.com\/wp-content\/uploads\/2021\/06\/PP-shoe-cover-application-1024x576.jpg 1024w, https:\/\/med-disposable.com\/wp-content\/uploads\/2021\/06\/PP-shoe-cover-application-300x169.jpg 300w, https:\/\/med-disposable.com\/wp-content\/uploads\/2021\/06\/PP-shoe-cover-application-768x432.jpg 768w, https:\/\/med-disposable.com\/wp-content\/uploads\/2021\/06\/PP-shoe-cover-application-600x338.jpg 600w, https:\/\/med-disposable.com\/wp-content\/uploads\/2021\/06\/PP-shoe-cover-application.jpg 1280w\" sizes=\"(max-width: 800px) 100vw, 800px\" \/><\/p>","protected":false},"excerpt":{"rendered":"<p>Fabricadas em material n\u00e3o tecido de polipropileno (PP) de alta qualidade, estas capas para sapatos oferecem maior durabilidade e prote\u00e7\u00e3o de barreira. As bandas el\u00e1sticas \u00e0 volta da abertura garantem um ajuste seguro e confort\u00e1vel, tornando-as a escolha ideal para uma vasta gama de aplica\u00e7\u00f5es.<\/p>","protected":false},"featured_media":8494,"template":"","meta":{"_seopress_robots_primary_cat":"none","_seopress_titles_title":"Non Woven Shoe Covers: Ideal for Any Foot Size, Easy to Pull Up &amp; Remove!","_seopress_titles_desc":"Disposable standard PP non-woven shoe covers suitable for home, travel, party, car, garden, all most indoor and outdoor can be used. Eco-friendly, up to ankle length &amp; of standard size.","_seopress_robots_index":""},"product_brand":[],"product_cat":[47],"product_tag":[115,66],"class_list":{"0":"post-2006","1":"product","2":"type-product","3":"status-publish","4":"has-post-thumbnail","6":"product_cat-foot-protection","7":"product_tag-pp-non-woven","8":"product_tag-shoe-cover","10":"first","11":"instock","12":"shipping-taxable","13":"product-type-simple"},"_links":{"self":[{"href":"https:\/\/med-disposable.com\/pt\/wp-json\/wp\/v2\/product\/2006","targetHints":{"allow":["GET"]}}],"collection":[{"href":"https:\/\/med-disposable.com\/pt\/wp-json\/wp\/v2\/product"}],"about":[{"href":"https:\/\/med-disposable.com\/pt\/wp-json\/wp\/v2\/types\/product"}],"version-history":[{"count":0,"href":"https:\/\/med-disposable.com\/pt\/wp-json\/wp\/v2\/product\/2006\/revisions"}],"wp:featuredmedia":[{"embeddable":true,"href":"https:\/\/med-disposable.com\/pt\/wp-json\/wp\/v2\/media\/8494"}],"wp:attachment":[{"href":"https:\/\/med-disposable.com\/pt\/wp-json\/wp\/v2\/media?parent=2006"}],"wp:term":[{"taxonomy":"product_brand","embeddable":true,"href":"https:\/\/med-disposable.com\/pt\/wp-json\/wp\/v2\/product_brand?post=2006"},{"taxonomy":"product_cat","embeddable":true,"href":"https:\/\/med-disposable.com\/pt\/wp-json\/wp\/v2\/product_cat?post=2006"},{"taxonomy":"product_tag","embeddable":true,"href":"https:\/\/med-disposable.com\/pt\/wp-json\/wp\/v2\/product_tag?post=2006"}],"curies":[{"name":"wp","href":"https:\/\/api.w.org\/{rel}","templated":true}]}}