{"id":2040,"date":"2021-06-28T18:19:23","date_gmt":"2021-06-28T10:19:23","guid":{"rendered":"https:\/\/med-disposable.com\/?post_type=product&#038;p=2040"},"modified":"2023-06-27T11:05:59","modified_gmt":"2023-06-27T03:05:59","slug":"vestuario-descartavel-impermeavel-pe-unissexo","status":"publish","type":"product","link":"https:\/\/med-disposable.com\/pt\/product\/disposable-waterproof-pe-unisex-frocks\/","title":{"rendered":"Fatos descart\u00e1veis imperme\u00e1veis de PE unissexo"},"content":{"rendered":"<p>Com uma op\u00e7\u00e3o de gola simples ou capuz, punhos abertos ou el\u00e1sticos e frente com bot\u00f5es, estas batas descart\u00e1veis oferecem um ajuste seguro e confort\u00e1vel, garantindo ao mesmo tempo a facilidade de movimentos. Dispon\u00edvel numa gama de cores, os nossos fatos descart\u00e1veis imperme\u00e1veis s\u00e3o adequados para homens e mulheres e s\u00e3o perfeitos para v\u00e1rias aplica\u00e7\u00f5es, incluindo processamento de alimentos, limpeza e outras ind\u00fastrias que requerem prote\u00e7\u00e3o contra a exposi\u00e7\u00e3o \u00e0 \u00e1gua e a l\u00edquidos.<\/p>\n<h2>Especifica\u00e7\u00f5es de base:<\/h2>\n<table width=\"446\">\n<tbody>\n<tr>\n<td width=\"86\">Tamanho<\/td>\n<td width=\"360\">S, M, XL, XXL, XXXL, ou conforme pedido<\/td>\n<\/tr>\n<tr>\n<td width=\"86\">Material<\/td>\n<td width=\"360\">PE<\/td>\n<\/tr>\n<tr>\n<td width=\"86\">Peso<\/td>\n<td width=\"360\">25-55g\/pc<\/td>\n<\/tr>\n<tr>\n<td width=\"86\">Estilo<\/td>\n<td width=\"360\">Gola simples, frente com bot\u00f5es, punhos abertos ou com el\u00e1stico, com ou sem bolsos<\/td>\n<\/tr>\n<tr>\n<td width=\"86\">Cor<\/td>\n<td width=\"360\">Branco, azul, verde, vermelho, transparente ou conforme personalizado<\/td>\n<\/tr>\n<\/tbody>\n<\/table>\n<p><img fetchpriority=\"high\" decoding=\"async\" class=\"aligncenter wp-image-8657 size-full\" src=\"https:\/\/med-disposable.com\/wp-content\/uploads\/2021\/06\/PE-lab-coats-4.jpg\" alt=\"\" width=\"800\" height=\"800\" srcset=\"https:\/\/med-disposable.com\/wp-content\/uploads\/2021\/06\/PE-lab-coats-4.jpg 800w, https:\/\/med-disposable.com\/wp-content\/uploads\/2021\/06\/PE-lab-coats-4-300x300.jpg 300w, https:\/\/med-disposable.com\/wp-content\/uploads\/2021\/06\/PE-lab-coats-4-150x150.jpg 150w, https:\/\/med-disposable.com\/wp-content\/uploads\/2021\/06\/PE-lab-coats-4-768x768.jpg 768w, https:\/\/med-disposable.com\/wp-content\/uploads\/2021\/06\/PE-lab-coats-4-600x600.jpg 600w, https:\/\/med-disposable.com\/wp-content\/uploads\/2021\/06\/PE-lab-coats-4-100x100.jpg 100w\" sizes=\"(max-width: 800px) 100vw, 800px\" \/><\/p>\n<h2>Vantagens dos vestidos unissexo PE<\/h2>\n<p><strong>Design unissexo<\/strong>: Os nossos fatos imperme\u00e1veis descart\u00e1veis foram concebidos para se adaptarem tanto a homens como a mulheres, o que os torna uma escolha vers\u00e1til para v\u00e1rios sectores e aplica\u00e7\u00f5es.<\/p>\n<p><strong>Colarinho ou capuz<\/strong>: Escolha entre um design de gola \u00fanica para prote\u00e7\u00e3o adicional do pesco\u00e7o ou um capuz para cobertura total da cabe\u00e7a, dependendo das suas necessidades e prefer\u00eancias espec\u00edficas.<\/p>\n<p><img decoding=\"async\" class=\"aligncenter wp-image-7488 size-full\" src=\"https:\/\/med-disposable.com\/wp-content\/uploads\/2021\/04\/PE-lab-coat-7.jpg\" alt=\"\" width=\"800\" height=\"800\" srcset=\"https:\/\/med-disposable.com\/wp-content\/uploads\/2021\/04\/PE-lab-coat-7.jpg 800w, https:\/\/med-disposable.com\/wp-content\/uploads\/2021\/04\/PE-lab-coat-7-300x300.jpg 300w, https:\/\/med-disposable.com\/wp-content\/uploads\/2021\/04\/PE-lab-coat-7-150x150.jpg 150w, https:\/\/med-disposable.com\/wp-content\/uploads\/2021\/04\/PE-lab-coat-7-768x768.jpg 768w, https:\/\/med-disposable.com\/wp-content\/uploads\/2021\/04\/PE-lab-coat-7-600x600.jpg 600w, https:\/\/med-disposable.com\/wp-content\/uploads\/2021\/04\/PE-lab-coat-7-100x100.jpg 100w\" sizes=\"(max-width: 800px) 100vw, 800px\" \/><\/p>\n<p><img decoding=\"async\" class=\"aligncenter wp-image-8659 size-large\" src=\"https:\/\/med-disposable.com\/wp-content\/uploads\/2021\/06\/rain-coat-2-1024x1024.jpg\" alt=\"\" width=\"800\" height=\"800\" srcset=\"https:\/\/med-disposable.com\/wp-content\/uploads\/2021\/06\/rain-coat-2-1024x1024.jpg 1024w, https:\/\/med-disposable.com\/wp-content\/uploads\/2021\/06\/rain-coat-2-300x300.jpg 300w, https:\/\/med-disposable.com\/wp-content\/uploads\/2021\/06\/rain-coat-2-150x150.jpg 150w, https:\/\/med-disposable.com\/wp-content\/uploads\/2021\/06\/rain-coat-2-768x768.jpg 768w, https:\/\/med-disposable.com\/wp-content\/uploads\/2021\/06\/rain-coat-2-1536x1536.jpg 1536w, https:\/\/med-disposable.com\/wp-content\/uploads\/2021\/06\/rain-coat-2-scaled.jpg 2048w, https:\/\/med-disposable.com\/wp-content\/uploads\/2021\/06\/rain-coat-2-600x600.jpg 600w, https:\/\/med-disposable.com\/wp-content\/uploads\/2021\/06\/rain-coat-2-100x100.jpg 100w\" sizes=\"(max-width: 800px) 100vw, 800px\" \/><\/p>\n<p><strong>Punhos abertos ou el\u00e1sticos<\/strong>: As batas est\u00e3o dispon\u00edveis com punhos abertos para facilitar os movimentos e a flexibilidade ou com punhos el\u00e1sticos para um ajuste apertado \u00e0 volta dos pulsos, evitando que as mangas se enrolem e garantindo a m\u00e1xima prote\u00e7\u00e3o contra derrames e contamina\u00e7\u00e3o.<\/p>\n<p><strong>Frente com bot\u00f5es<\/strong>: A parte da frente com bot\u00f5es garante um ajuste seguro e confort\u00e1vel, facilitando a coloca\u00e7\u00e3o e a remo\u00e7\u00e3o do vestido, mantendo uma apar\u00eancia profissional e limpa.<\/p>\n<p><img loading=\"lazy\" decoding=\"async\" class=\"aligncenter wp-image-8658 size-large\" src=\"https:\/\/med-disposable.com\/wp-content\/uploads\/2021\/06\/rain-coat-1-1024x1024.jpg\" alt=\"\" width=\"800\" height=\"800\" srcset=\"https:\/\/med-disposable.com\/wp-content\/uploads\/2021\/06\/rain-coat-1-1024x1024.jpg 1024w, https:\/\/med-disposable.com\/wp-content\/uploads\/2021\/06\/rain-coat-1-300x300.jpg 300w, https:\/\/med-disposable.com\/wp-content\/uploads\/2021\/06\/rain-coat-1-150x150.jpg 150w, https:\/\/med-disposable.com\/wp-content\/uploads\/2021\/06\/rain-coat-1-768x768.jpg 768w, https:\/\/med-disposable.com\/wp-content\/uploads\/2021\/06\/rain-coat-1-1536x1536.jpg 1536w, https:\/\/med-disposable.com\/wp-content\/uploads\/2021\/06\/rain-coat-1-scaled.jpg 2048w, https:\/\/med-disposable.com\/wp-content\/uploads\/2021\/06\/rain-coat-1-600x600.jpg 600w, https:\/\/med-disposable.com\/wp-content\/uploads\/2021\/06\/rain-coat-1-100x100.jpg 100w\" sizes=\"(max-width: 800px) 100vw, 800px\" \/><\/p>\n<p><strong>Cores<\/strong>: Os nossos fatos imperme\u00e1veis descart\u00e1veis est\u00e3o dispon\u00edveis numa variedade de cores, permitindo-lhe escolher a cor que melhor se adapta ao seu ambiente profissional.<\/p>\n<p><strong>Material<\/strong>: Fabricados em material PE de alta qualidade, os nossos fatos imperme\u00e1veis descart\u00e1veis s\u00e3o leves, imperme\u00e1veis e resistentes aos l\u00edquidos, proporcionando uma prote\u00e7\u00e3o \u00f3ptima em v\u00e1rios ambientes de trabalho.<\/p>\n<p><img loading=\"lazy\" decoding=\"async\" class=\"aligncenter wp-image-8656 size-full\" src=\"https:\/\/med-disposable.com\/wp-content\/uploads\/2021\/06\/PE-lab-coats-3.jpg\" alt=\"\" width=\"800\" height=\"800\" srcset=\"https:\/\/med-disposable.com\/wp-content\/uploads\/2021\/06\/PE-lab-coats-3.jpg 800w, https:\/\/med-disposable.com\/wp-content\/uploads\/2021\/06\/PE-lab-coats-3-300x300.jpg 300w, https:\/\/med-disposable.com\/wp-content\/uploads\/2021\/06\/PE-lab-coats-3-150x150.jpg 150w, https:\/\/med-disposable.com\/wp-content\/uploads\/2021\/06\/PE-lab-coats-3-768x768.jpg 768w, https:\/\/med-disposable.com\/wp-content\/uploads\/2021\/06\/PE-lab-coats-3-600x600.jpg 600w, https:\/\/med-disposable.com\/wp-content\/uploads\/2021\/06\/PE-lab-coats-3-100x100.jpg 100w\" sizes=\"(max-width: 800px) 100vw, 800px\" \/><\/p>\n<p>&nbsp;<\/p>","protected":false},"excerpt":{"rendered":"<p>As nossas batas unissexo descart\u00e1veis imperme\u00e1veis em PE foram concebidas para proporcionar uma prote\u00e7\u00e3o, conforto e durabilidade ideais em v\u00e1rios ambientes de trabalho, especialmente quando a prote\u00e7\u00e3o contra \u00e1gua e l\u00edquidos \u00e9 essencial. Fabricadas em material de polietileno (PE) de alta qualidade, estas batas s\u00e3o leves, imperme\u00e1veis e resistentes a l\u00edquidos, garantindo a m\u00e1xima prote\u00e7\u00e3o contra derrames e contamina\u00e7\u00e3o.<\/p>","protected":false},"featured_media":8657,"template":"","meta":{"_seopress_robots_primary_cat":"none","_seopress_titles_title":"PE Material Protects Against Dusts, Liquids - Ideal for Food &amp; Industrial Sectors","_seopress_titles_desc":"Disposable waterproof PE unisex frocks - This waterproof frock is made of high quality polyethylene for excellent flexibility and resistance to oils, fats and grease, food.","_seopress_robots_index":""},"product_brand":[],"product_cat":[48],"product_tag":[70,75],"class_list":{"0":"post-2040","1":"product","2":"type-product","3":"status-publish","4":"has-post-thumbnail","6":"product_cat-lab-coat","7":"product_tag-lab-coat","8":"product_tag-plastic","10":"first","11":"instock","12":"shipping-taxable","13":"product-type-simple"},"_links":{"self":[{"href":"https:\/\/med-disposable.com\/pt\/wp-json\/wp\/v2\/product\/2040","targetHints":{"allow":["GET"]}}],"collection":[{"href":"https:\/\/med-disposable.com\/pt\/wp-json\/wp\/v2\/product"}],"about":[{"href":"https:\/\/med-disposable.com\/pt\/wp-json\/wp\/v2\/types\/product"}],"version-history":[{"count":0,"href":"https:\/\/med-disposable.com\/pt\/wp-json\/wp\/v2\/product\/2040\/revisions"}],"wp:featuredmedia":[{"embeddable":true,"href":"https:\/\/med-disposable.com\/pt\/wp-json\/wp\/v2\/media\/8657"}],"wp:attachment":[{"href":"https:\/\/med-disposable.com\/pt\/wp-json\/wp\/v2\/media?parent=2040"}],"wp:term":[{"taxonomy":"product_brand","embeddable":true,"href":"https:\/\/med-disposable.com\/pt\/wp-json\/wp\/v2\/product_brand?post=2040"},{"taxonomy":"product_cat","embeddable":true,"href":"https:\/\/med-disposable.com\/pt\/wp-json\/wp\/v2\/product_cat?post=2040"},{"taxonomy":"product_tag","embeddable":true,"href":"https:\/\/med-disposable.com\/pt\/wp-json\/wp\/v2\/product_tag?post=2040"}],"curies":[{"name":"wp","href":"https:\/\/api.w.org\/{rel}","templated":true}]}}