{"id":2142,"date":"2021-07-14T14:03:38","date_gmt":"2021-07-14T06:03:38","guid":{"rendered":"https:\/\/med-disposable.com\/?post_type=product&#038;p=2142"},"modified":"2023-07-10T17:59:37","modified_gmt":"2023-07-10T09:59:37","slug":"proteccoes-descartaveis-extra-grossas-para-botas-e-sapatos","status":"publish","type":"product","link":"https:\/\/med-disposable.com\/pt\/product\/disposable-extra-thick-boot-and-shoe-covers\/","title":{"rendered":"Protectores descart\u00e1veis extra grossos para botas e sapatos"},"content":{"rendered":"<h2>Especifica\u00e7\u00f5es de base:<\/h2>\n<table width=\"592\">\n<tbody>\n<tr>\n<td width=\"69\">Tamanho<\/td>\n<td width=\"523\">17*40cm, 18*42cm ou personalizado<\/td>\n<\/tr>\n<tr>\n<td width=\"69\">Material<\/td>\n<td width=\"523\">PP n\u00e3o tecido, SMS n\u00e3o tecido, ou personalizado<\/td>\n<\/tr>\n<tr>\n<td width=\"69\">Espessura<\/td>\n<td width=\"523\">\n<p data-spm-anchor-id=\"a2700.details.0.i30.74fa601a6ywQxv\">35-50gsm, pode ser personalizado<\/p>\n<\/td>\n<\/tr>\n<tr>\n<td width=\"69\">Cor<\/td>\n<td width=\"523\">branco, azul, verde ou personalizado<\/td>\n<\/tr>\n<tr>\n<td width=\"69\">Aplica\u00e7\u00e3o<\/td>\n<td width=\"523\">\u00a0hospitais, cl\u00ednicas, laborat\u00f3rios, museus, oficinas sem p\u00f3, imobili\u00e1rias, casas de exposi\u00e7\u00e3o, interiores, autom\u00f3veis, etc<\/td>\n<\/tr>\n<tr>\n<td width=\"69\">Embalagem<\/td>\n<td width=\"523\">100pcs\/saco, 1000pcs\/caixa de cart\u00e3o, pode ser embalagem OEM<\/td>\n<\/tr>\n<\/tbody>\n<\/table>\n<figure class=\"wp-block-embed wp-block-embed-youtube is-type-video is-provider-youtube epyt-figure\"><div class=\"wp-block-embed__wrapper\"><div  id=\"_ytid_84996\"  width=\"800\" height=\"450\"  data-origwidth=\"800\" data-origheight=\"450\" data-facadesrc=\"https:\/\/www.youtube.com\/embed\/ZaGc5yU6bvo?enablejsapi=1&autoplay=0&cc_load_policy=0&cc_lang_pref=&iv_load_policy=1&loop=0&rel=1&fs=1&playsinline=0&autohide=2&theme=dark&color=red&controls=1&disablekb=0&\" class=\"__youtube_prefs__ epyt-facade no-lazyload\" data-epautoplay=\"1\" ><img decoding=\"async\" data-spai-excluded=\"true\" class=\"epyt-facade-poster skip-lazy\" loading=\"lazy\"  alt=\"Leitor do YouTube\"  src=\"https:\/\/i.ytimg.com\/vi\/ZaGc5yU6bvo\/maxresdefault.jpg\"  \/><button class=\"epyt-facade-play\" aria-label=\"Jogar\"><svg data-no-lazy=\"1\" height=\"100%\" version=\"1.1\" viewbox=\"0 0 68 48\" width=\"100%\"><path class=\"ytp-large-play-button-bg\" d=\"M66.52,7.74c-0.78-2.93-2.49-5.41-5.42-6.19C55.79,.13,34,0,34,0S12.21,.13,6.9,1.55 C3.97,2.33,2.27,4.81,1.48,7.74C0.06,13.05,0,24,0,24s0.06,10.95,1.48,16.26c0.78,2.93,2.49,5.41,5.42,6.19 C12.21,47.87,34,48,34,48s21.79-0.13,27.1-1.55c2.93-0.78,4.64-3.26,5.42-6.19C67.94,34.95,68,24,68,24S67.94,13.05,66.52,7.74z\" fill=\"#f00\"><\/path><path d=\"M 45,24 27,14 27,34\" fill=\"#fff\"><\/path><\/svg><\/button><\/div><\/div><\/figure>\n<h2>Vantagens da cobertura extra-grossa para sapatos:<\/h2>\n<ul>\n<li><strong>Material extra grosso:<\/strong>\u00a0As nossas capas para sapatos s\u00e3o feitas de material virgem PP45g de alta qualidade, proporcionando uma espessura e durabilidade extra em compara\u00e7\u00e3o com as capas para sapatos normais, garantindo um desempenho e uma prote\u00e7\u00e3o fi\u00e1veis.<\/li>\n<li><strong>Fabricado \u00e0 m\u00e1quina para precis\u00e3o:<\/strong>\u00a0As nossas capas para sapatos s\u00e3o fabricadas \u00e0 m\u00e1quina com precis\u00e3o, garantindo uma qualidade, desempenho e ajuste consistentes, bem como um aspeto limpo e profissional.<\/li>\n<li><strong>Design el\u00e1stico antiderrapante:<\/strong>\u00a0As capas para sapatos possuem uma banda el\u00e1stica antiderrapante, permitindo um ajuste seguro e confort\u00e1vel em v\u00e1rios tamanhos e tipos de sapatos. O fundo impresso tamb\u00e9m melhora a ader\u00eancia e a estabilidade em superf\u00edcies escorregadias.<\/li>\n<li><strong>Tamanho extra-grande:<\/strong>\u00a0Medindo 18x42cm, as nossas coberturas descart\u00e1veis para botas e sapatos adaptam-se a uma vasta gama de tamanhos de cal\u00e7ado, garantindo compatibilidade e comodidade para os utilizadores.<\/li>\n<li><strong>Descart\u00e1vel e higi\u00e9nico:<\/strong>\u00a0Estas capas para sapatos s\u00e3o concebidas para uma \u00fanica utiliza\u00e7\u00e3o, garantindo uma higiene \u00f3ptima e reduzindo o risco de contamina\u00e7\u00e3o cruzada em v\u00e1rios ambientes.<\/li>\n<\/ul>\n<p><img fetchpriority=\"high\" decoding=\"async\" class=\"aligncenter wp-image-8456 size-full\" src=\"https:\/\/med-disposable.com\/wp-content\/uploads\/2021\/07\/anti-slip-shoe-cover-8.jpg\" alt=\"\" width=\"800\" height=\"800\" srcset=\"https:\/\/med-disposable.com\/wp-content\/uploads\/2021\/07\/anti-slip-shoe-cover-8.jpg 800w, https:\/\/med-disposable.com\/wp-content\/uploads\/2021\/07\/anti-slip-shoe-cover-8-300x300.jpg 300w, https:\/\/med-disposable.com\/wp-content\/uploads\/2021\/07\/anti-slip-shoe-cover-8-150x150.jpg 150w, https:\/\/med-disposable.com\/wp-content\/uploads\/2021\/07\/anti-slip-shoe-cover-8-768x768.jpg 768w, https:\/\/med-disposable.com\/wp-content\/uploads\/2021\/07\/anti-slip-shoe-cover-8-600x600.jpg 600w, https:\/\/med-disposable.com\/wp-content\/uploads\/2021\/07\/anti-slip-shoe-cover-8-100x100.jpg 100w\" sizes=\"(max-width: 800px) 100vw, 800px\" \/><\/p>\n<p><img decoding=\"async\" class=\"aligncenter wp-image-8453 size-full\" src=\"https:\/\/med-disposable.com\/wp-content\/uploads\/2021\/07\/anti-slip-shoe-cover-5.jpg\" alt=\"\" width=\"800\" height=\"800\" srcset=\"https:\/\/med-disposable.com\/wp-content\/uploads\/2021\/07\/anti-slip-shoe-cover-5.jpg 800w, https:\/\/med-disposable.com\/wp-content\/uploads\/2021\/07\/anti-slip-shoe-cover-5-300x300.jpg 300w, https:\/\/med-disposable.com\/wp-content\/uploads\/2021\/07\/anti-slip-shoe-cover-5-150x150.jpg 150w, https:\/\/med-disposable.com\/wp-content\/uploads\/2021\/07\/anti-slip-shoe-cover-5-768x768.jpg 768w, https:\/\/med-disposable.com\/wp-content\/uploads\/2021\/07\/anti-slip-shoe-cover-5-600x600.jpg 600w, https:\/\/med-disposable.com\/wp-content\/uploads\/2021\/07\/anti-slip-shoe-cover-5-100x100.jpg 100w\" sizes=\"(max-width: 800px) 100vw, 800px\" \/><\/p>\n<h2>Perguntas mais frequentes (FAQs):<\/h2>\n<p><strong>P: Estas capas para sapatos s\u00e3o adequadas para todos os tamanhos de sapatos?<\/strong><\/p>\n<p>R: As nossas capas descart\u00e1veis extra grossas para botas e sapatos fabricadas \u00e0 m\u00e1quina foram concebidas num tamanho extra grande (18x42cm) para se adaptarem confortavelmente a uma vasta gama de tamanhos de cal\u00e7ado. O design el\u00e1stico antiderrapante permite um ajuste seguro e confort\u00e1vel em v\u00e1rios tamanhos e tipos de cal\u00e7ado.<\/p>\n<p><strong>P: Estas capas para sapatos podem ser reutilizadas?<\/strong><\/p>\n<p>R: Estas capas para sapatos foram concebidas para uma \u00fanica utiliza\u00e7\u00e3o para garantir uma higiene \u00f3ptima e reduzir o risco de contamina\u00e7\u00e3o cruzada em v\u00e1rios ambientes. Recomendamos que sejam eliminadas ap\u00f3s cada utiliza\u00e7\u00e3o.<\/p>\n<p><strong>P: Estas capas para sapatos s\u00e3o \u00e0 prova de \u00e1gua?<\/strong><\/p>\n<p>R: Embora as nossas capas para sapatos sejam feitas de material virgem PP45g de alta qualidade, que proporciona uma espessura e durabilidade extra, n\u00e3o foram especificamente concebidas para serem \u00e0 prova de \u00e1gua. Oferecem prote\u00e7\u00e3o contra o p\u00f3 e a sujidade, mas podem n\u00e3o oferecer uma prote\u00e7\u00e3o completa contra l\u00edquidos.<\/p>\n<p><strong>P: Estas capas para sapatos podem ser utilizadas em superf\u00edcies alcatifadas?<\/strong><\/p>\n<p>R: Sim, as nossas capas para botas e sapatos extra grossas descart\u00e1veis feitas \u00e0 m\u00e1quina podem ser utilizadas em superf\u00edcies alcatifadas. O design el\u00e1stico antiderrapante e o fundo impresso melhoram a ader\u00eancia e a estabilidade, tornando-as adequadas para v\u00e1rias superf\u00edcies, incluindo alcatifas.<\/p>\n<p><strong>P: Estas capas para sapatos s\u00e3o adequadas para utiliza\u00e7\u00e3o em salas limpas?<\/strong><\/p>\n<p>R: Sim, as nossas capas para botas e sapatos extra grossas descart\u00e1veis fabricadas \u00e0 m\u00e1quina s\u00e3o adequadas para utiliza\u00e7\u00e3o em salas limpas, laborat\u00f3rios e outros ambientes que exijam uma limpeza e prote\u00e7\u00e3o refor\u00e7adas. A sua constru\u00e7\u00e3o feita \u00e0 m\u00e1quina garante um aspeto limpo e profissional, tornando-as adequadas para esses ambientes.<\/p>","protected":false},"excerpt":{"rendered":"<p>Apresentamos as nossas capas descart\u00e1veis extra grossas para botas e sapatos, concebidas para proporcionar uma prote\u00e7\u00e3o e limpeza ideais para v\u00e1rios ambientes. Fabricadas em material virgem n\u00e3o tecido PP de alta qualidade, estas capas para sapatos s\u00e3o extremamente dur\u00e1veis e resistentes a rasg\u00f5es. Com um design el\u00e1stico antiderrapante e um fundo impresso, as nossas capas para sapatos garantem um ajuste seguro e confort\u00e1vel para os utilizadores. O tamanho extra-grande de 18x42cm permite uma vasta gama de tamanhos de cal\u00e7ado.<\/p>","protected":false},"featured_media":8449,"template":"","meta":{"_seopress_robots_primary_cat":"none","_seopress_titles_title":"Anti Static Shoe Covers - Disposable extra thick boot and shoe covers","_seopress_titles_desc":"as per customer&#039;s requests\r\n\r\nExplore the advantage of this feature-packed anti-slip treading that helps prevent slipping &amp; sliding on all floor types! Available for all colors &amp; sizes - snug elastic top provides for great fit for all shoe sizes.","_seopress_robots_index":""},"product_brand":[],"product_cat":[47],"product_tag":[127,66],"class_list":{"0":"post-2142","1":"product","2":"type-product","3":"status-publish","4":"has-post-thumbnail","6":"product_cat-foot-protection","7":"product_tag-non-woevn","8":"product_tag-shoe-cover","10":"first","11":"instock","12":"shipping-taxable","13":"product-type-simple"},"_links":{"self":[{"href":"https:\/\/med-disposable.com\/pt\/wp-json\/wp\/v2\/product\/2142","targetHints":{"allow":["GET"]}}],"collection":[{"href":"https:\/\/med-disposable.com\/pt\/wp-json\/wp\/v2\/product"}],"about":[{"href":"https:\/\/med-disposable.com\/pt\/wp-json\/wp\/v2\/types\/product"}],"version-history":[{"count":0,"href":"https:\/\/med-disposable.com\/pt\/wp-json\/wp\/v2\/product\/2142\/revisions"}],"wp:featuredmedia":[{"embeddable":true,"href":"https:\/\/med-disposable.com\/pt\/wp-json\/wp\/v2\/media\/8449"}],"wp:attachment":[{"href":"https:\/\/med-disposable.com\/pt\/wp-json\/wp\/v2\/media?parent=2142"}],"wp:term":[{"taxonomy":"product_brand","embeddable":true,"href":"https:\/\/med-disposable.com\/pt\/wp-json\/wp\/v2\/product_brand?post=2142"},{"taxonomy":"product_cat","embeddable":true,"href":"https:\/\/med-disposable.com\/pt\/wp-json\/wp\/v2\/product_cat?post=2142"},{"taxonomy":"product_tag","embeddable":true,"href":"https:\/\/med-disposable.com\/pt\/wp-json\/wp\/v2\/product_tag?post=2142"}],"curies":[{"name":"wp","href":"https:\/\/api.w.org\/{rel}","templated":true}]}}