{"id":2262,"date":"2021-07-28T11:09:58","date_gmt":"2021-07-28T03:09:58","guid":{"rendered":"https:\/\/med-disposable.com\/?post_type=product&#038;p=2262"},"modified":"2023-09-21T15:20:56","modified_gmt":"2023-09-21T07:20:56","slug":"calcas-de-exame-de-doentes-descartaveis-em-tecido-nao-tecido-sms","status":"publish","type":"product","link":"https:\/\/med-disposable.com\/pt\/product\/disposable-sms-non-woven-patient-examination-pants\/","title":{"rendered":"Cal\u00e7as de exame descart\u00e1veis SMS n\u00e3o tecidas para doentes"},"content":{"rendered":"<p>Uma mistura harmoniosa de prote\u00e7\u00e3o, conforto e utilidade, as nossas cal\u00e7as descart\u00e1veis de exame de doentes em n\u00e3o-tecido SMS redefinem os padr\u00f5es do vestu\u00e1rio m\u00e9dico. Fabricadas em material SMS de alta qualidade, estas cal\u00e7as d\u00e3o prioridade \u00e0 seguran\u00e7a dos doentes e \u00e0 sua necessidade de conforto durante os exames.<\/p>\n<p><img fetchpriority=\"high\" decoding=\"async\" class=\"alignnone wp-image-10316 size-large\" src=\"https:\/\/med-disposable.com\/wp-content\/uploads\/2021\/07\/40A0553-1024x1024.jpg\" alt=\"\" width=\"800\" height=\"800\" srcset=\"https:\/\/med-disposable.com\/wp-content\/uploads\/2021\/07\/40A0553-1024x1024.jpg 1024w, https:\/\/med-disposable.com\/wp-content\/uploads\/2021\/07\/40A0553-300x300.jpg 300w, https:\/\/med-disposable.com\/wp-content\/uploads\/2021\/07\/40A0553-150x150.jpg 150w, https:\/\/med-disposable.com\/wp-content\/uploads\/2021\/07\/40A0553-768x768.jpg 768w, https:\/\/med-disposable.com\/wp-content\/uploads\/2021\/07\/40A0553-600x600.jpg 600w, https:\/\/med-disposable.com\/wp-content\/uploads\/2021\/07\/40A0553-100x100.jpg 100w, https:\/\/med-disposable.com\/wp-content\/uploads\/2021\/07\/40A0553.jpg 1050w\" sizes=\"(max-width: 800px) 100vw, 800px\" \/><\/p>\n<p><strong>Carater\u00edsticas:<\/strong><\/p>\n<ol>\n<li><strong>Material de qualidade:<\/strong> Produzido com material superior SMS (Spunbond Meltblown Spunbond), conhecido pelas suas robustas propriedades de prote\u00e7\u00e3o.<\/li>\n<li><strong>Repelente de \u00e1gua:<\/strong> Concebido para repelir l\u00edquidos, evitando qualquer infiltra\u00e7\u00e3o indesejada durante os exames.<\/li>\n<li><strong>Refor\u00e7o das bact\u00e9rias:<\/strong> Actua como uma barreira formid\u00e1vel contra a infiltra\u00e7\u00e3o de bact\u00e9rias, garantindo a m\u00e1xima seguran\u00e7a.<\/li>\n<li><strong>Respirabilidade:<\/strong> Apesar dos seus atributos de prote\u00e7\u00e3o, o material permite uma ampla respirabilidade, garantindo o conforto do doente.<\/li>\n<li><strong>Sem l\u00e1tex:<\/strong> Cuidadosamente fabricado sem l\u00e1tex para atender a pessoas com sensibilidades ou alergias.<\/li>\n<\/ol>\n<p><img decoding=\"async\" class=\"aligncenter wp-image-10317 size-full\" src=\"https:\/\/med-disposable.com\/wp-content\/uploads\/2021\/07\/40A0556.jpg\" alt=\"\" width=\"700\" height=\"700\" srcset=\"https:\/\/med-disposable.com\/wp-content\/uploads\/2021\/07\/40A0556.jpg 700w, https:\/\/med-disposable.com\/wp-content\/uploads\/2021\/07\/40A0556-300x300.jpg 300w, https:\/\/med-disposable.com\/wp-content\/uploads\/2021\/07\/40A0556-150x150.jpg 150w, https:\/\/med-disposable.com\/wp-content\/uploads\/2021\/07\/40A0556-600x600.jpg 600w, https:\/\/med-disposable.com\/wp-content\/uploads\/2021\/07\/40A0556-100x100.jpg 100w\" sizes=\"(max-width: 700px) 100vw, 700px\" \/><\/p>\n<p><img decoding=\"async\" class=\"aligncenter wp-image-10318 size-full\" src=\"https:\/\/med-disposable.com\/wp-content\/uploads\/2021\/07\/40A0557.jpg\" alt=\"\" width=\"805\" height=\"805\" srcset=\"https:\/\/med-disposable.com\/wp-content\/uploads\/2021\/07\/40A0557.jpg 805w, https:\/\/med-disposable.com\/wp-content\/uploads\/2021\/07\/40A0557-300x300.jpg 300w, https:\/\/med-disposable.com\/wp-content\/uploads\/2021\/07\/40A0557-150x150.jpg 150w, https:\/\/med-disposable.com\/wp-content\/uploads\/2021\/07\/40A0557-768x768.jpg 768w, https:\/\/med-disposable.com\/wp-content\/uploads\/2021\/07\/40A0557-600x600.jpg 600w, https:\/\/med-disposable.com\/wp-content\/uploads\/2021\/07\/40A0557-100x100.jpg 100w\" sizes=\"(max-width: 805px) 100vw, 805px\" \/><\/p>\n<p><strong>Vantagens:<\/strong><\/p>\n<ol>\n<li><strong>Barreira de fluidos e part\u00edculas:<\/strong> Estas cal\u00e7as bloqueiam eficazmente tanto os fluidos como as part\u00edculas min\u00fasculas, proporcionando uma prote\u00e7\u00e3o completa durante os procedimentos m\u00e9dicos.<\/li>\n<li><strong>Mobilidade garantida:<\/strong> O vestu\u00e1rio de prote\u00e7\u00e3o n\u00e3o deve impedir os movimentos. Estas cal\u00e7as garantem que os doentes mant\u00eam a sua mobilidade total.<\/li>\n<li><strong>Centrado no conforto:<\/strong> Embora a prote\u00e7\u00e3o seja fundamental, o conforto do doente n\u00e3o \u00e9 comprometido. As cal\u00e7as oferecem um ajuste apertado mas confort\u00e1vel.<\/li>\n<li><strong>Aplica\u00e7\u00e3o universal:<\/strong> Adequado para uma mir\u00edade de exames m\u00e9dicos em que a prote\u00e7\u00e3o e o conforto do doente s\u00e3o vitais.<\/li>\n<\/ol>\n<p><img loading=\"lazy\" decoding=\"async\" class=\"aligncenter wp-image-10313 size-large\" src=\"https:\/\/med-disposable.com\/wp-content\/uploads\/2021\/07\/40A0549-1024x1024.jpg\" alt=\"\" width=\"800\" height=\"800\" srcset=\"https:\/\/med-disposable.com\/wp-content\/uploads\/2021\/07\/40A0549-1024x1024.jpg 1024w, https:\/\/med-disposable.com\/wp-content\/uploads\/2021\/07\/40A0549-300x300.jpg 300w, https:\/\/med-disposable.com\/wp-content\/uploads\/2021\/07\/40A0549-150x150.jpg 150w, https:\/\/med-disposable.com\/wp-content\/uploads\/2021\/07\/40A0549-768x768.jpg 768w, https:\/\/med-disposable.com\/wp-content\/uploads\/2021\/07\/40A0549-1536x1536.jpg 1536w, https:\/\/med-disposable.com\/wp-content\/uploads\/2021\/07\/40A0549-scaled.jpg 2048w, https:\/\/med-disposable.com\/wp-content\/uploads\/2021\/07\/40A0549-600x600.jpg 600w, https:\/\/med-disposable.com\/wp-content\/uploads\/2021\/07\/40A0549-100x100.jpg 100w\" sizes=\"(max-width: 800px) 100vw, 800px\" \/><\/p>\n<p><img loading=\"lazy\" decoding=\"async\" class=\"alignnone wp-image-10311 size-large\" src=\"https:\/\/med-disposable.com\/wp-content\/uploads\/2021\/07\/40A0547-1024x1024.jpg\" alt=\"\" width=\"800\" height=\"800\" srcset=\"https:\/\/med-disposable.com\/wp-content\/uploads\/2021\/07\/40A0547-1024x1024.jpg 1024w, https:\/\/med-disposable.com\/wp-content\/uploads\/2021\/07\/40A0547-300x300.jpg 300w, https:\/\/med-disposable.com\/wp-content\/uploads\/2021\/07\/40A0547-150x150.jpg 150w, https:\/\/med-disposable.com\/wp-content\/uploads\/2021\/07\/40A0547-768x768.jpg 768w, https:\/\/med-disposable.com\/wp-content\/uploads\/2021\/07\/40A0547-1536x1536.jpg 1536w, https:\/\/med-disposable.com\/wp-content\/uploads\/2021\/07\/40A0547-scaled.jpg 2048w, https:\/\/med-disposable.com\/wp-content\/uploads\/2021\/07\/40A0547-600x600.jpg 600w, https:\/\/med-disposable.com\/wp-content\/uploads\/2021\/07\/40A0547-100x100.jpg 100w\" sizes=\"(max-width: 800px) 100vw, 800px\" \/><\/p>\n<p><strong>Aplica\u00e7\u00f5es:<\/strong> As cuecas descart\u00e1veis n\u00e3o tecidas SMS para exame do doente s\u00e3o indispens\u00e1veis em:<\/p>\n<ul>\n<li>Hospitais<\/li>\n<li>Cl\u00ednicas de diagn\u00f3stico<\/li>\n<li>Centros de fisioterapia<\/li>\n<li>Spa e centros de bem-estar para tratamentos terap\u00eauticos<\/li>\n<li>Qualquer institui\u00e7\u00e3o m\u00e9dica que se dedique a exames e tratamentos de doentes<\/li>\n<\/ul>\n<p><strong>Modo de utiliza\u00e7\u00e3o:<\/strong><\/p>\n<ol>\n<li>Comece por assegurar que o doente se encontra num ambiente confort\u00e1vel, mantendo a privacidade.<\/li>\n<li>Pedir ao doente para vestir as cal\u00e7as de exame, tal como faria com umas cal\u00e7as normais.<\/li>\n<li>Assegurar que as cal\u00e7as assentam confortavelmente, ajustando-as se necess\u00e1rio.<\/li>\n<li>Uma vez terminado o exame ou o tratamento, as cal\u00e7as podem ser facilmente removidas.<\/li>\n<li>Assegurar que s\u00e3o eliminados corretamente, respeitando as orienta\u00e7\u00f5es relativas \u00e0 elimina\u00e7\u00e3o de res\u00edduos hospitalares.<\/li>\n<\/ol>\n<p><strong>Perguntas frequentes:<\/strong><\/p>\n<ol>\n<li><strong>O que distingue o material SMS de outros materiais utilizados em cal\u00e7as de exame de doentes?<\/strong>O material SMS (Spunbond Meltblown Spunbond) destaca-se pela sua estrutura \u00fanica de tr\u00eas camadas. Esta composi\u00e7\u00e3o combina resist\u00eancia, uma natureza repelente de fluidos e respirabilidade. Actua como uma barreira robusta contra os contaminantes, assegurando simultaneamente o conforto do utilizador, o que o torna um dos materiais mais procurados na ind\u00fastria do vestu\u00e1rio m\u00e9dico.<\/li>\n<li><strong>Como \u00e9 que estas cal\u00e7as abordam as preocupa\u00e7\u00f5es relacionadas com alergias ou sensibilidades da pele?<\/strong>Reconhecendo a preval\u00eancia de alergias ao l\u00e1tex entre alguns indiv\u00edduos, as nossas cal\u00e7as de exame s\u00e3o conscientemente fabricadas sem l\u00e1tex. Isto assegura que os pacientes com sensibilidade ao l\u00e1tex podem usar estas cal\u00e7as sem qualquer preocupa\u00e7\u00e3o, solidificando ainda mais o nosso compromisso com o bem-estar dos pacientes.<\/li>\n<li><strong>Estas cal\u00e7as podem ser utilizadas para exames ou tratamentos prolongados?<\/strong>Sem d\u00favida. As cal\u00e7as foram concebidas n\u00e3o s\u00f3 para prote\u00e7\u00e3o, mas tamb\u00e9m para conforto. A respirabilidade do material SMS garante que os doentes se mant\u00eam confort\u00e1veis, tornando estas cal\u00e7as ideais para exames curtos e prolongados.<\/li>\n<li><strong>Disp\u00f5em de tamanhos diferentes para se adaptarem a v\u00e1rios tipos de corpo?<\/strong>Sim, sabendo que os doentes t\u00eam todas as formas e tamanhos, as nossas cal\u00e7as de exame est\u00e3o dispon\u00edveis em v\u00e1rios tamanhos. Isto garante um ajuste perfeito para todos, aumentando o conforto e a prote\u00e7\u00e3o.<\/li>\n<li><strong>Como \u00e9 que as cal\u00e7as garantem a resist\u00eancia aos fluidos e a respirabilidade ao mesmo tempo?<\/strong>Este equil\u00edbrio \u00e9 conseguido gra\u00e7as \u00e0s propriedades \u00fanicas do material SMS. As camadas Spunbond proporcionam resist\u00eancia e conforto, enquanto a camada Meltblown actua como uma barreira contra os fluidos. Esta composi\u00e7\u00e3o garante que as cal\u00e7as permanecem respir\u00e1veis, ao mesmo tempo que repelem quaisquer fluidos indesejados.<\/li>\n<\/ol>","protected":false},"excerpt":{"rendered":"<p><span class=\"src\" data-group=\"0-0\">Tamb\u00e9m possuem um recorte traseiro coberto por uma aba rebat\u00edvel, o que os torna ideais para procedimentos de colonoscopia e endoscopia, permitindo simultaneamente que o paciente mantenha a sua privacidade. <\/span><span class=\"src\" data-group=\"0-1\">Esta aba \u00e9 fixada com fita adesiva na posi\u00e7\u00e3o fechada.<\/span><\/p>","protected":false},"featured_media":10321,"template":"","meta":{"_seopress_robots_primary_cat":"none","_seopress_titles_title":"Patient Exam Pants: SMS Non-Woven, Fluid-Proof, Breathable, &amp; Latex-Free!","_seopress_titles_desc":"Pants designed for patient exams that are latex-free, water repellent, and bacteria restraining without sacrificing mobility &amp; comfort. Made with SMS non woven, three-ply material for breathability and added protection.","_seopress_robots_index":""},"product_brand":[],"product_cat":[87],"product_tag":[137,57],"class_list":{"0":"post-2262","1":"product","2":"type-product","3":"status-publish","4":"has-post-thumbnail","6":"product_cat-healthcare","7":"product_tag-exam-pants","8":"product_tag-non-woven","10":"first","11":"instock","12":"shipping-taxable","13":"product-type-simple"},"_links":{"self":[{"href":"https:\/\/med-disposable.com\/pt\/wp-json\/wp\/v2\/product\/2262","targetHints":{"allow":["GET"]}}],"collection":[{"href":"https:\/\/med-disposable.com\/pt\/wp-json\/wp\/v2\/product"}],"about":[{"href":"https:\/\/med-disposable.com\/pt\/wp-json\/wp\/v2\/types\/product"}],"version-history":[{"count":0,"href":"https:\/\/med-disposable.com\/pt\/wp-json\/wp\/v2\/product\/2262\/revisions"}],"wp:featuredmedia":[{"embeddable":true,"href":"https:\/\/med-disposable.com\/pt\/wp-json\/wp\/v2\/media\/10321"}],"wp:attachment":[{"href":"https:\/\/med-disposable.com\/pt\/wp-json\/wp\/v2\/media?parent=2262"}],"wp:term":[{"taxonomy":"product_brand","embeddable":true,"href":"https:\/\/med-disposable.com\/pt\/wp-json\/wp\/v2\/product_brand?post=2262"},{"taxonomy":"product_cat","embeddable":true,"href":"https:\/\/med-disposable.com\/pt\/wp-json\/wp\/v2\/product_cat?post=2262"},{"taxonomy":"product_tag","embeddable":true,"href":"https:\/\/med-disposable.com\/pt\/wp-json\/wp\/v2\/product_tag?post=2262"}],"curies":[{"name":"wp","href":"https:\/\/api.w.org\/{rel}","templated":true}]}}