{"id":2293,"date":"2021-07-30T18:56:42","date_gmt":"2021-07-30T10:56:42","guid":{"rendered":"https:\/\/med-disposable.com\/?post_type=product&#038;p=2293"},"modified":"2023-06-24T14:58:42","modified_gmt":"2023-06-24T06:58:42","slug":"cobertura-condutora-nao-tecida-para-calcado","status":"publish","type":"product","link":"https:\/\/med-disposable.com\/pt\/product\/non-woven-conductive-shoe-cover\/","title":{"rendered":"Cobertura condutora n\u00e3o tecida para sapatos"},"content":{"rendered":"<h2>Especifica\u00e7\u00f5es de base:<\/h2>\n<table width=\"592\">\n<tbody>\n<tr>\n<td width=\"69\">Tamanho<\/td>\n<td width=\"523\">15*40cm, 17*42cm, ou personalizado<\/td>\n<\/tr>\n<tr>\n<td width=\"69\">Material<\/td>\n<td width=\"523\">PP n\u00e3o tecido, fita condutora de pl\u00e1stico<\/td>\n<\/tr>\n<tr>\n<td width=\"69\">Peso<\/td>\n<td width=\"523\">\n<p data-spm-anchor-id=\"a2700.details.0.i30.74fa601a6ywQxv\">Normalmente 30-45gsm, pode ser personalizado<\/p>\n<\/td>\n<\/tr>\n<tr>\n<td width=\"69\">Cor<\/td>\n<td width=\"523\">normalmente \u00e9 de cor azul, ou personalizado<\/td>\n<\/tr>\n<tr>\n<td width=\"69\">M\u00e9todo de produ\u00e7\u00e3o<\/td>\n<td width=\"523\">Feito \u00e0 m\u00e1quina, tamb\u00e9m pode ser feito \u00e0 m\u00e3o, a pedido<\/td>\n<\/tr>\n<\/tbody>\n<\/table>\n<p><img fetchpriority=\"high\" decoding=\"async\" class=\"aligncenter wp-image-5178 size-full\" src=\"https:\/\/med-disposable.com\/wp-content\/uploads\/2023\/03\/anti-static-shoe-cover.jpg\" alt=\"\" width=\"700\" height=\"700\" srcset=\"https:\/\/med-disposable.com\/wp-content\/uploads\/2023\/03\/anti-static-shoe-cover.jpg 700w, https:\/\/med-disposable.com\/wp-content\/uploads\/2023\/03\/anti-static-shoe-cover-300x300.jpg 300w, https:\/\/med-disposable.com\/wp-content\/uploads\/2023\/03\/anti-static-shoe-cover-150x150.jpg 150w, https:\/\/med-disposable.com\/wp-content\/uploads\/2023\/03\/anti-static-shoe-cover-600x600.jpg 600w, https:\/\/med-disposable.com\/wp-content\/uploads\/2023\/03\/anti-static-shoe-cover-100x100.jpg 100w\" sizes=\"(max-width: 700px) 100vw, 700px\" \/><\/p>\n<p>&nbsp;<\/p>\n<h2>Aplica\u00e7\u00f5es:<\/h2>\n<p>Adequadas para utiliza\u00e7\u00e3o em v\u00e1rios ambientes sens\u00edveis \u00e0 eletrost\u00e1tica, tais como salas limpas, fabrico de produtos electr\u00f3nicos, laborat\u00f3rios e outros ambientes que exijam uma limpeza e seguran\u00e7a melhoradas, as nossas capas para sapatos condutoras em tecido n\u00e3o tecido proporcionam uma prote\u00e7\u00e3o ESD fi\u00e1vel e conveniente.<\/p>\n<p>&nbsp;<\/p>\n<p><img decoding=\"async\" class=\"aligncenter wp-image-8516 size-large\" src=\"https:\/\/med-disposable.com\/wp-content\/uploads\/2021\/07\/PP-conductive-shoe-cover-application-1024x576.jpg\" alt=\"\" width=\"800\" height=\"450\" srcset=\"https:\/\/med-disposable.com\/wp-content\/uploads\/2021\/07\/PP-conductive-shoe-cover-application-1024x576.jpg 1024w, https:\/\/med-disposable.com\/wp-content\/uploads\/2021\/07\/PP-conductive-shoe-cover-application-300x169.jpg 300w, https:\/\/med-disposable.com\/wp-content\/uploads\/2021\/07\/PP-conductive-shoe-cover-application-768x432.jpg 768w, https:\/\/med-disposable.com\/wp-content\/uploads\/2021\/07\/PP-conductive-shoe-cover-application-600x338.jpg 600w, https:\/\/med-disposable.com\/wp-content\/uploads\/2021\/07\/PP-conductive-shoe-cover-application.jpg 1280w\" sizes=\"(max-width: 800px) 100vw, 800px\" \/><\/p>\n<p>&nbsp;<\/p>\n<h2>Carater\u00edsticas dos protectores descart\u00e1veis para sapatos condutores:<\/h2>\n<p><strong>Prote\u00e7\u00e3o ESD com fita condutora:<\/strong>\u00a0As nossas capas descart\u00e1veis n\u00e3o tecidas condutoras para sapatos possuem uma tira condutora que ajuda a eliminar a acumula\u00e7\u00e3o de est\u00e1tica, oferecendo uma excelente prote\u00e7\u00e3o contra descargas electrost\u00e1ticas (ESD) e garantindo um ambiente seguro e limpo em ambientes sens\u00edveis \u00e0 eletrost\u00e1tica.<\/p>\n<p><strong>Material de alta qualidade:<\/strong>\u00a0Fabricadas em material n\u00e3o tecido dur\u00e1vel e respir\u00e1vel, estas capas condutoras para sapatos proporcionam um maior conforto e prote\u00e7\u00e3o contra o p\u00f3, a sujidade e os contaminantes.<\/p>\n<p><strong>Descart\u00e1vel e higi\u00e9nico:<\/strong>\u00a0Concebidas para utiliza\u00e7\u00e3o \u00fanica, estas capas para sapatos garantem uma higiene \u00f3ptima e reduzem o risco de contamina\u00e7\u00e3o cruzada em v\u00e1rios ambientes.<\/p>\n<p><strong>Faixas el\u00e1sticas para um ajuste seguro:<\/strong>\u00a0As bandas el\u00e1sticas \u00e0 volta da abertura das capas para sapatos garantem um ajuste seguro e confort\u00e1vel para v\u00e1rios tamanhos e tipos de sapatos. Este design tamb\u00e9m ajuda a manter as capas para sapatos no s\u00edtio durante a utiliza\u00e7\u00e3o.<\/p>\n<p><img decoding=\"async\" class=\"aligncenter wp-image-2296 size-full\" src=\"https:\/\/med-disposable.com\/wp-content\/uploads\/2021\/07\/non-woven-shoe-cover-with-conductive-strip-500x500-1.jpg\" alt=\"\" width=\"800\" height=\"800\" srcset=\"https:\/\/med-disposable.com\/wp-content\/uploads\/2021\/07\/non-woven-shoe-cover-with-conductive-strip-500x500-1.jpg 800w, https:\/\/med-disposable.com\/wp-content\/uploads\/2021\/07\/non-woven-shoe-cover-with-conductive-strip-500x500-1-300x300.jpg 300w, https:\/\/med-disposable.com\/wp-content\/uploads\/2021\/07\/non-woven-shoe-cover-with-conductive-strip-500x500-1-150x150.jpg 150w, https:\/\/med-disposable.com\/wp-content\/uploads\/2021\/07\/non-woven-shoe-cover-with-conductive-strip-500x500-1-768x768.jpg 768w, https:\/\/med-disposable.com\/wp-content\/uploads\/2021\/07\/non-woven-shoe-cover-with-conductive-strip-500x500-1-600x600.jpg 600w, https:\/\/med-disposable.com\/wp-content\/uploads\/2021\/07\/non-woven-shoe-cover-with-conductive-strip-500x500-1-100x100.jpg 100w\" sizes=\"(max-width: 800px) 100vw, 800px\" \/><\/p>","protected":false},"excerpt":{"rendered":"<p>Apresentamos as nossas Capas para Sapatos Condutivas N\u00e3o Tecidas Descart\u00e1veis, especificamente concebidas para proporcionar uma prote\u00e7\u00e3o e seguran\u00e7a ideais em ambientes sens\u00edveis \u00e0 eletrost\u00e1tica. Fabricadas a partir de material n\u00e3o tecido de alta qualidade com uma tira condutora, estas capas para sapatos oferecem uma excelente prote\u00e7\u00e3o contra descargas electrost\u00e1ticas (ESD), garantindo um ambiente seguro e limpo em v\u00e1rios ambientes, como salas limpas, fabrico de produtos electr\u00f3nicos e laborat\u00f3rios. O design dur\u00e1vel e confort\u00e1vel faz destas capas para sapatos condutoras a escolha ideal para uma vasta gama de aplica\u00e7\u00f5es.<\/p>","protected":false},"featured_media":2274,"template":"","meta":{"_seopress_robots_primary_cat":"none","_seopress_titles_title":"Disposable Machine-Made Shoe Cover w\/Anti-Static &amp; Conductive Strip - Medical\/Industrial Use","_seopress_titles_desc":"Keep dust and germs away with disposable shoe covers featuring a built-in conductive strip with anti-static properties! Perfect for medical or surgical settings, pharmaceutical, laboratorial, industrial and more. Custom sizes and colors available.","_seopress_robots_index":""},"product_brand":[],"product_cat":[47],"product_tag":[57,66],"class_list":{"0":"post-2293","1":"product","2":"type-product","3":"status-publish","4":"has-post-thumbnail","6":"product_cat-foot-protection","7":"product_tag-non-woven","8":"product_tag-shoe-cover","10":"first","11":"instock","12":"shipping-taxable","13":"product-type-simple"},"_links":{"self":[{"href":"https:\/\/med-disposable.com\/pt\/wp-json\/wp\/v2\/product\/2293","targetHints":{"allow":["GET"]}}],"collection":[{"href":"https:\/\/med-disposable.com\/pt\/wp-json\/wp\/v2\/product"}],"about":[{"href":"https:\/\/med-disposable.com\/pt\/wp-json\/wp\/v2\/types\/product"}],"version-history":[{"count":0,"href":"https:\/\/med-disposable.com\/pt\/wp-json\/wp\/v2\/product\/2293\/revisions"}],"wp:featuredmedia":[{"embeddable":true,"href":"https:\/\/med-disposable.com\/pt\/wp-json\/wp\/v2\/media\/2274"}],"wp:attachment":[{"href":"https:\/\/med-disposable.com\/pt\/wp-json\/wp\/v2\/media?parent=2293"}],"wp:term":[{"taxonomy":"product_brand","embeddable":true,"href":"https:\/\/med-disposable.com\/pt\/wp-json\/wp\/v2\/product_brand?post=2293"},{"taxonomy":"product_cat","embeddable":true,"href":"https:\/\/med-disposable.com\/pt\/wp-json\/wp\/v2\/product_cat?post=2293"},{"taxonomy":"product_tag","embeddable":true,"href":"https:\/\/med-disposable.com\/pt\/wp-json\/wp\/v2\/product_tag?post=2293"}],"curies":[{"name":"wp","href":"https:\/\/api.w.org\/{rel}","templated":true}]}}