{"id":2384,"date":"2021-08-11T17:02:15","date_gmt":"2021-08-11T09:02:15","guid":{"rendered":"https:\/\/med-disposable.com\/?post_type=product&#038;p=2384"},"modified":"2023-06-05T16:06:51","modified_gmt":"2023-06-05T08:06:51","slug":"avental-descartavel-extra-grosso-para-uso-medico","status":"publish","type":"product","link":"https:\/\/med-disposable.com\/pt\/product\/disposable-extra-thick-apron-for-medical-use\/","title":{"rendered":"Avental descart\u00e1vel extra grosso para uso m\u00e9dico"},"content":{"rendered":"<p><strong>Introdu\u00e7\u00e3o:<\/strong><\/p>\n<p>Experimente uma prote\u00e7\u00e3o superior com os nossos aventais descart\u00e1veis extra-espessos concebidos especificamente para utiliza\u00e7\u00e3o m\u00e9dica. Fabricados a partir de materiais duradouros e de alta qualidade, estes aventais proporcionam uma prote\u00e7\u00e3o de barreira \u00f3ptima, tornando-os um complemento essencial para qualquer ambiente de cuidados de sa\u00fade.<\/p>\n<p><img fetchpriority=\"high\" decoding=\"async\" class=\"aligncenter wp-image-6260 size-full\" src=\"https:\/\/med-disposable.com\/wp-content\/uploads\/2021\/07\/white-pe-apron.jpg\" alt=\"\" width=\"800\" height=\"800\" srcset=\"https:\/\/med-disposable.com\/wp-content\/uploads\/2021\/07\/white-pe-apron.jpg 800w, https:\/\/med-disposable.com\/wp-content\/uploads\/2021\/07\/white-pe-apron-300x300.jpg 300w, https:\/\/med-disposable.com\/wp-content\/uploads\/2021\/07\/white-pe-apron-150x150.jpg 150w, https:\/\/med-disposable.com\/wp-content\/uploads\/2021\/07\/white-pe-apron-768x768.jpg 768w, https:\/\/med-disposable.com\/wp-content\/uploads\/2021\/07\/white-pe-apron-600x600.jpg 600w, https:\/\/med-disposable.com\/wp-content\/uploads\/2021\/07\/white-pe-apron-100x100.jpg 100w\" sizes=\"(max-width: 800px) 100vw, 800px\" \/><\/p>\n<p><strong>Especifica\u00e7\u00f5es de base:<\/strong><\/p>\n<table width=\"437\">\n<tbody>\n<tr>\n<td width=\"98\">Tamanho<\/td>\n<td width=\"339\">70X120cm, 81\u00d7125,81x140cm,81x160cm,ou personalizar<\/td>\n<\/tr>\n<tr>\n<td width=\"98\">Material<\/td>\n<td>PE<\/td>\n<\/tr>\n<tr>\n<td width=\"98\">Peso em gramas<\/td>\n<td>20 m\u00edcrones, 25 m\u00edcrones..., ou a pedido<\/td>\n<\/tr>\n<tr>\n<td width=\"98\">Cor<\/td>\n<td>branco, azul... pode ser como pedido<\/td>\n<\/tr>\n<tr>\n<td width=\"98\">Embalagem<\/td>\n<td>10pcs\/saco, 1000pcs\/ctn, ou conforme os requisitos<\/td>\n<\/tr>\n<\/tbody>\n<\/table>\n<p>&nbsp;<\/p>\n<p><strong>Carater\u00edsticas:<\/strong><\/p>\n<ol>\n<li><strong>Material extra-espesso<\/strong>: Fabricados em material de alta qualidade e extra-espesso, estes aventais oferecem uma prote\u00e7\u00e3o refor\u00e7ada contra derrames e salpicos.<\/li>\n<li><strong>Design confort\u00e1vel<\/strong>: A conce\u00e7\u00e3o do avental garante conforto, permitindo uma f\u00e1cil desloca\u00e7\u00e3o, mantendo uma cobertura completa.<\/li>\n<li><strong>F\u00e1cil de usar<\/strong>: Os nossos aventais podem ser colocados e retirados facilmente, promovendo a efici\u00eancia num ambiente m\u00e9dico de ritmo acelerado.<\/li>\n<li><strong>Higi\u00e9nico<\/strong>: Como artigos descart\u00e1veis, reduzem o risco de contamina\u00e7\u00e3o cruzada, mantendo o mais elevado n\u00edvel de higiene.<\/li>\n<\/ol>\n<p><img decoding=\"async\" class=\"alignnone wp-image-6263 size-full\" src=\"https:\/\/med-disposable.com\/wp-content\/uploads\/2021\/07\/how-to-wear-an-apron.jpg\" alt=\"\" width=\"800\" height=\"800\" srcset=\"https:\/\/med-disposable.com\/wp-content\/uploads\/2021\/07\/how-to-wear-an-apron.jpg 800w, https:\/\/med-disposable.com\/wp-content\/uploads\/2021\/07\/how-to-wear-an-apron-300x300.jpg 300w, https:\/\/med-disposable.com\/wp-content\/uploads\/2021\/07\/how-to-wear-an-apron-150x150.jpg 150w, https:\/\/med-disposable.com\/wp-content\/uploads\/2021\/07\/how-to-wear-an-apron-768x768.jpg 768w, https:\/\/med-disposable.com\/wp-content\/uploads\/2021\/07\/how-to-wear-an-apron-600x600.jpg 600w, https:\/\/med-disposable.com\/wp-content\/uploads\/2021\/07\/how-to-wear-an-apron-100x100.jpg 100w\" sizes=\"(max-width: 800px) 100vw, 800px\" \/><\/p>\n<p><strong>Vantagens:<\/strong><\/p>\n<ul>\n<li><strong>Prote\u00e7\u00e3o superior<\/strong>: O material extra-espesso proporciona uma barreira de prote\u00e7\u00e3o excecional contra derrames, salpicos e outros contaminantes.<\/li>\n<li><strong>Conforto e efici\u00eancia<\/strong>: O design confort\u00e1vel garante que os profissionais de sa\u00fade possam desempenhar as suas fun\u00e7\u00f5es de forma eficiente, sem obst\u00e1culos.<\/li>\n<li><strong>Higiene e seguran\u00e7a<\/strong>: Estes aventais descart\u00e1veis promovem a higiene, minimizando o risco de contamina\u00e7\u00e3o cruzada num ambiente m\u00e9dico.<\/li>\n<\/ul>\n<p>&nbsp;<\/p>\n<p><strong>Utiliza\u00e7\u00f5es:<\/strong><\/p>\n<p>Os nossos aventais descart\u00e1veis extra-grossos s\u00e3o ideais para uma vasta gama de ambientes m\u00e9dicos, incluindo hospitais, cl\u00ednicas, laborat\u00f3rios e outras institui\u00e7\u00f5es de cuidados de sa\u00fade. Proporcionam uma barreira eficaz contra derrames e salpicos, garantindo a seguran\u00e7a e a higiene dos profissionais de sa\u00fade.<\/p>\n<p><img decoding=\"async\" class=\"alignnone wp-image-5008 size-full\" src=\"https:\/\/med-disposable.com\/wp-content\/uploads\/2023\/03\/Plastic-aprons.jpg\" alt=\"\" width=\"700\" height=\"490\" srcset=\"https:\/\/med-disposable.com\/wp-content\/uploads\/2023\/03\/Plastic-aprons.jpg 700w, https:\/\/med-disposable.com\/wp-content\/uploads\/2023\/03\/Plastic-aprons-300x210.jpg 300w, https:\/\/med-disposable.com\/wp-content\/uploads\/2023\/03\/Plastic-aprons-600x420.jpg 600w\" sizes=\"(max-width: 700px) 100vw, 700px\" \/><\/p>\n<p><strong>Benef\u00edcios da utiliza\u00e7\u00e3o de aventais descart\u00e1veis em institui\u00e7\u00f5es m\u00e9dicas:<\/strong><\/p>\n<p>A utiliza\u00e7\u00e3o de aventais descart\u00e1veis em institui\u00e7\u00f5es m\u00e9dicas proporciona v\u00e1rias vantagens:<\/p>\n<ul>\n<li><strong>Preven\u00e7\u00e3o da contamina\u00e7\u00e3o cruzada<\/strong>: Os aventais descart\u00e1veis podem ser deitados fora ap\u00f3s uma \u00fanica utiliza\u00e7\u00e3o, minimizando efetivamente o risco de contamina\u00e7\u00e3o cruzada.<\/li>\n<li><strong>Controlo da Infe\u00e7\u00e3o<\/strong>: Servem como uma barreira eficaz, protegendo os profissionais de sa\u00fade do contacto direto com fluidos corporais dos doentes, sangue e potenciais riscos biol\u00f3gicos.<\/li>\n<li><strong>Poupa tempo e recursos<\/strong>: Ao contr\u00e1rio dos aventais reutiliz\u00e1veis, os aventais descart\u00e1veis eliminam a necessidade de lavagem e esteriliza\u00e7\u00e3o, poupando tempo e recursos.<\/li>\n<\/ul>\n<p><img loading=\"lazy\" decoding=\"async\" class=\"aligncenter wp-image-3768 size-large\" src=\"https:\/\/med-disposable.com\/wp-content\/uploads\/2022\/04\/apron-in-hospital-768x1024.jpg\" alt=\"\" width=\"768\" height=\"1024\" srcset=\"https:\/\/med-disposable.com\/wp-content\/uploads\/2022\/04\/apron-in-hospital-768x1024.jpg 768w, https:\/\/med-disposable.com\/wp-content\/uploads\/2022\/04\/apron-in-hospital-225x300.jpg 225w, https:\/\/med-disposable.com\/wp-content\/uploads\/2022\/04\/apron-in-hospital-1152x1536.jpg 1152w, https:\/\/med-disposable.com\/wp-content\/uploads\/2022\/04\/apron-in-hospital-1536x2048.jpg 1536w, https:\/\/med-disposable.com\/wp-content\/uploads\/2022\/04\/apron-in-hospital-600x800.jpg 600w, https:\/\/med-disposable.com\/wp-content\/uploads\/2022\/04\/apron-in-hospital-scaled.jpg 1920w\" sizes=\"(max-width: 768px) 100vw, 768px\" \/><\/p>\n<p><b>FAQ:<\/b><\/p>\n<ol>\n<li><strong>Porque \u00e9 que as institui\u00e7\u00f5es m\u00e9dicas devem optar por aventais descart\u00e1veis?<\/strong> Os aventais descart\u00e1veis oferecem v\u00e1rias vantagens \u00e0s institui\u00e7\u00f5es m\u00e9dicas. S\u00e3o concebidos para serem utilizados uma vez e depois descartados, o que reduz consideravelmente o risco de contamina\u00e7\u00e3o cruzada e melhora os n\u00edveis de higiene. Al\u00e9m disso, poupam tempo e recursos, uma vez que n\u00e3o h\u00e1 necessidade de limpeza e esteriliza\u00e7\u00e3o.<\/li>\n<li><strong>Qu\u00e3o confort\u00e1veis s\u00e3o estes aventais para usar durante turnos longos?<\/strong> O conforto \u00e9 uma considera\u00e7\u00e3o fundamental na conce\u00e7\u00e3o dos nossos aventais. Os nossos aventais s\u00e3o feitos de um material que n\u00e3o s\u00f3 \u00e9 forte e dur\u00e1vel, mas tamb\u00e9m leve e confort\u00e1vel de usar. Isto garante que os profissionais de sa\u00fade possam desempenhar as suas fun\u00e7\u00f5es sem qualquer desconforto ou obst\u00e1culo.<\/li>\n<li><strong>Os aventais podem ser personalizados com o log\u00f3tipo ou a marca da nossa institui\u00e7\u00e3o?<\/strong> Dependendo do volume da encomenda, as personaliza\u00e7\u00f5es, como log\u00f3tipos e elementos de marca, podem normalmente ser acomodadas. Se estiver interessado em aventais personalizados, entre em contacto com a nossa equipa de apoio ao cliente para discutir as suas necessidades espec\u00edficas.<\/li>\n<li><strong>Estes aventais s\u00e3o resistentes aos riscos biol\u00f3gicos nocivos presentes em ambientes m\u00e9dicos?<\/strong> Sim, os nossos aventais extra-grossos descart\u00e1veis foram concebidos para oferecer uma prote\u00e7\u00e3o de barreira eficaz contra uma variedade de contaminantes frequentemente encontrados em ambientes m\u00e9dicos, incluindo fluidos corporais e sangue. S\u00e3o parte integrante do equipamento de prote\u00e7\u00e3o individual dos profissionais de sa\u00fade, garantindo a seguran\u00e7a e a higiene.<\/li>\n<li><strong>Qual \u00e9 o prazo de entrega para encomendas em grandes quantidades?<\/strong> O prazo de entrega para encomendas em massa depende de v\u00e1rios factores, incluindo a quantidade encomendada, o calend\u00e1rio de produ\u00e7\u00e3o atual e se \u00e9 necess\u00e1ria alguma personaliza\u00e7\u00e3o. Esfor\u00e7amo-nos por satisfazer todas as encomendas o mais rapidamente poss\u00edvel, mantendo os nossos elevados padr\u00f5es de qualidade. Para uma estimativa mais precisa, contacte a nossa equipa de apoio ao cliente com os detalhes da sua encomenda.<\/li>\n<\/ol>\n<p>&nbsp;<\/p>","protected":false},"excerpt":{"rendered":"<p>O avental de pl\u00e1stico extra grosso garante a durabilidade, acrescenta produ\u00e7\u00e3o para utiliza\u00e7\u00e3o m\u00e9dica;<\/p>\n<p>Tamanho universal com atilhos confort\u00e1veis.<\/p>","protected":false},"featured_media":6956,"template":"","meta":{"_seopress_robots_primary_cat":"none","_seopress_titles_title":"Medical Aprons - Disposable extra thick apron for medical use ","_seopress_titles_desc":"Make sure you stay safe and sound with medical-grade plastic disposable aprons in a variety of sizes and colors! With extra-thick protection and customizable sizes, get the perfect protection for you.","_seopress_robots_index":""},"product_brand":[],"product_cat":[45],"product_tag":[77,75],"class_list":{"0":"post-2384","1":"product","2":"type-product","3":"status-publish","4":"has-post-thumbnail","6":"product_cat-apron","7":"product_tag-apron","8":"product_tag-plastic","10":"first","11":"instock","12":"shipping-taxable","13":"product-type-simple"},"_links":{"self":[{"href":"https:\/\/med-disposable.com\/pt\/wp-json\/wp\/v2\/product\/2384","targetHints":{"allow":["GET"]}}],"collection":[{"href":"https:\/\/med-disposable.com\/pt\/wp-json\/wp\/v2\/product"}],"about":[{"href":"https:\/\/med-disposable.com\/pt\/wp-json\/wp\/v2\/types\/product"}],"version-history":[{"count":0,"href":"https:\/\/med-disposable.com\/pt\/wp-json\/wp\/v2\/product\/2384\/revisions"}],"wp:featuredmedia":[{"embeddable":true,"href":"https:\/\/med-disposable.com\/pt\/wp-json\/wp\/v2\/media\/6956"}],"wp:attachment":[{"href":"https:\/\/med-disposable.com\/pt\/wp-json\/wp\/v2\/media?parent=2384"}],"wp:term":[{"taxonomy":"product_brand","embeddable":true,"href":"https:\/\/med-disposable.com\/pt\/wp-json\/wp\/v2\/product_brand?post=2384"},{"taxonomy":"product_cat","embeddable":true,"href":"https:\/\/med-disposable.com\/pt\/wp-json\/wp\/v2\/product_cat?post=2384"},{"taxonomy":"product_tag","embeddable":true,"href":"https:\/\/med-disposable.com\/pt\/wp-json\/wp\/v2\/product_tag?post=2384"}],"curies":[{"name":"wp","href":"https:\/\/api.w.org\/{rel}","templated":true}]}}