{"id":2641,"date":"2021-08-30T18:38:14","date_gmt":"2021-08-30T10:38:14","guid":{"rendered":"https:\/\/med-disposable.com\/?post_type=product&#038;p=2641"},"modified":"2023-06-16T11:18:52","modified_gmt":"2023-06-16T03:18:52","slug":"tampas-descartaveis-pp-nao-tecidas-para-cirurgioes","status":"publish","type":"product","link":"https:\/\/med-disposable.com\/pt\/product\/disposable-pp-non-woven-surgeon-caps\/","title":{"rendered":"Toucas descart\u00e1veis de PP n\u00e3o tecido para cirurgi\u00f5es"},"content":{"rendered":"<h2>Especifica\u00e7\u00f5es de base:<\/h2>\n<table width=\"559\">\n<tbody>\n<tr>\n<td width=\"106\">Tamanho<\/td>\n<td width=\"453\">60*13cm, conforme as necessidades<\/td>\n<\/tr>\n<tr>\n<td width=\"106\">Material<\/td>\n<td width=\"453\">PP 25-45gsm<\/td>\n<\/tr>\n<tr>\n<td width=\"106\">Estilo<\/td>\n<td width=\"453\">costas com el\u00e1stico<\/td>\n<\/tr>\n<tr>\n<td width=\"106\">Cor<\/td>\n<td width=\"453\">Azul<\/td>\n<\/tr>\n<tr>\n<td width=\"106\">Produ\u00e7\u00e3o<\/td>\n<td width=\"453\">fabricado \u00e0 m\u00e1quina<\/td>\n<\/tr>\n<tr>\n<td width=\"106\">Embalagem<\/td>\n<td width=\"453\">100 pcs\/saco, 1000pcs\/ctn, pode ser conforme os requisitos<\/td>\n<\/tr>\n<\/tbody>\n<\/table>\n<p><img fetchpriority=\"high\" decoding=\"async\" class=\"aligncenter wp-image-8090 size-full\" src=\"https:\/\/med-disposable.com\/wp-content\/uploads\/2021\/08\/surgical-cap-with-elastic-3.jpg\" alt=\"\" width=\"800\" height=\"800\" srcset=\"https:\/\/med-disposable.com\/wp-content\/uploads\/2021\/08\/surgical-cap-with-elastic-3.jpg 800w, https:\/\/med-disposable.com\/wp-content\/uploads\/2021\/08\/surgical-cap-with-elastic-3-300x300.jpg 300w, https:\/\/med-disposable.com\/wp-content\/uploads\/2021\/08\/surgical-cap-with-elastic-3-150x150.jpg 150w, https:\/\/med-disposable.com\/wp-content\/uploads\/2021\/08\/surgical-cap-with-elastic-3-768x768.jpg 768w, https:\/\/med-disposable.com\/wp-content\/uploads\/2021\/08\/surgical-cap-with-elastic-3-600x600.jpg 600w, https:\/\/med-disposable.com\/wp-content\/uploads\/2021\/08\/surgical-cap-with-elastic-3-100x100.jpg 100w\" sizes=\"(max-width: 800px) 100vw, 800px\" \/><\/p>\n<h2>Carater\u00edsticas:<\/h2>\n<ul>\n<li><strong>Costas el\u00e1sticas:<\/strong>\u00a0A banda el\u00e1stica na parte de tr\u00e1s da touca assegura um ajuste apertado e confort\u00e1vel para todos os tamanhos de cabe\u00e7a, evitando deslizamentos indesejados durante procedimentos cruciais.<\/li>\n<li><strong>Cobertura total do cabelo:<\/strong>\u00a0Estas toucas foram concebidas para cobrir toda a cabe\u00e7a e o cabelo, reduzindo o risco de contamina\u00e7\u00e3o e mantendo um ambiente de trabalho est\u00e9ril.<\/li>\n<li><strong>Sem l\u00e1tex:<\/strong>\u00a0Estas tampas descart\u00e1veis n\u00e3o cont\u00eam l\u00e1tex, o que as torna adequadas para pessoas com sensibilidade ao l\u00e1tex.<\/li>\n<li><strong>Op\u00e7\u00f5es feitas \u00e0 m\u00e1quina e feitas \u00e0 m\u00e3o:<\/strong>\u00a0Escolha entre tampas feitas \u00e0 m\u00e1quina ou feitas \u00e0 m\u00e3o, de acordo com as suas prefer\u00eancias e necessidades.<\/li>\n<\/ul>\n<p><img decoding=\"async\" class=\"aligncenter wp-image-8110 size-large\" src=\"https:\/\/med-disposable.com\/wp-content\/uploads\/2021\/08\/disposable-doctor-cap-1024x576.jpg\" alt=\"\" width=\"800\" height=\"450\" srcset=\"https:\/\/med-disposable.com\/wp-content\/uploads\/2021\/08\/disposable-doctor-cap-1024x576.jpg 1024w, https:\/\/med-disposable.com\/wp-content\/uploads\/2021\/08\/disposable-doctor-cap-300x169.jpg 300w, https:\/\/med-disposable.com\/wp-content\/uploads\/2021\/08\/disposable-doctor-cap-768x432.jpg 768w, https:\/\/med-disposable.com\/wp-content\/uploads\/2021\/08\/disposable-doctor-cap-600x338.jpg 600w, https:\/\/med-disposable.com\/wp-content\/uploads\/2021\/08\/disposable-doctor-cap.jpg 1280w\" sizes=\"(max-width: 800px) 100vw, 800px\" \/><\/p>\n<p>&nbsp;<\/p>\n<h2>Como usar toucas de cirurgi\u00e3o descart\u00e1veis:<\/h2>\n<ol>\n<li><strong>Preparar o cabelo:<\/strong>\u00a0Penteie o seu cabelo para remover quaisquer emaranhados e, se necess\u00e1rio, prenda-o para tr\u00e1s para garantir uma cobertura total e minimizar os cabelos soltos.<\/li>\n<li><strong>Abrir a tampa:<\/strong>\u00a0Retirar cuidadosamente a tampa da embalagem e desdobr\u00e1-la sem tocar na parte interior para manter a limpeza.<\/li>\n<li><strong>Posicionar a tampa:<\/strong>\u00a0Segure o gorro pelo el\u00e1stico na parte de tr\u00e1s, certificando-se de que o el\u00e1stico est\u00e1 virado para fora. Coloque o bon\u00e9 na cabe\u00e7a, certificando-se de que todo o cabelo est\u00e1 enfiado no interior, incluindo as patilhas ou os p\u00ealos faciais, se for caso disso.<\/li>\n<li><strong>Ajustar o ajuste:<\/strong>\u00a0A banda el\u00e1stica deve ajustar-se automaticamente ao tamanho da sua cabe\u00e7a, assegurando um ajuste confort\u00e1vel e apertado. Certifique-se de que o bon\u00e9 fica seguro, mas n\u00e3o demasiado apertado, para evitar desconforto.<\/li>\n<\/ol>\n<p><img decoding=\"async\" class=\"aligncenter wp-image-8088 size-full\" src=\"https:\/\/med-disposable.com\/wp-content\/uploads\/2021\/08\/surgical-cap-with-elastic-1.jpg\" alt=\"\" width=\"800\" height=\"800\" srcset=\"https:\/\/med-disposable.com\/wp-content\/uploads\/2021\/08\/surgical-cap-with-elastic-1.jpg 800w, https:\/\/med-disposable.com\/wp-content\/uploads\/2021\/08\/surgical-cap-with-elastic-1-300x300.jpg 300w, https:\/\/med-disposable.com\/wp-content\/uploads\/2021\/08\/surgical-cap-with-elastic-1-150x150.jpg 150w, https:\/\/med-disposable.com\/wp-content\/uploads\/2021\/08\/surgical-cap-with-elastic-1-768x768.jpg 768w, https:\/\/med-disposable.com\/wp-content\/uploads\/2021\/08\/surgical-cap-with-elastic-1-600x600.jpg 600w, https:\/\/med-disposable.com\/wp-content\/uploads\/2021\/08\/surgical-cap-with-elastic-1-100x100.jpg 100w\" sizes=\"(max-width: 800px) 100vw, 800px\" \/> <img loading=\"lazy\" decoding=\"async\" class=\"aligncenter wp-image-8092 size-full\" src=\"https:\/\/med-disposable.com\/wp-content\/uploads\/2021\/08\/surgical-cap-with-elastic-5.jpg\" alt=\"\" width=\"800\" height=\"800\" srcset=\"https:\/\/med-disposable.com\/wp-content\/uploads\/2021\/08\/surgical-cap-with-elastic-5.jpg 800w, https:\/\/med-disposable.com\/wp-content\/uploads\/2021\/08\/surgical-cap-with-elastic-5-300x300.jpg 300w, https:\/\/med-disposable.com\/wp-content\/uploads\/2021\/08\/surgical-cap-with-elastic-5-150x150.jpg 150w, https:\/\/med-disposable.com\/wp-content\/uploads\/2021\/08\/surgical-cap-with-elastic-5-768x768.jpg 768w, https:\/\/med-disposable.com\/wp-content\/uploads\/2021\/08\/surgical-cap-with-elastic-5-600x600.jpg 600w, https:\/\/med-disposable.com\/wp-content\/uploads\/2021\/08\/surgical-cap-with-elastic-5-100x100.jpg 100w\" sizes=\"(max-width: 800px) 100vw, 800px\" \/><\/p>","protected":false},"excerpt":{"rendered":"<p>Toucas de cirurgi\u00e3o descart\u00e1veis em PP n\u00e3o tecido - uma solu\u00e7\u00e3o ideal para manter um ambiente est\u00e9ril e higi\u00e9nico em ambientes cir\u00fargicos e n\u00e3o s\u00f3. Estas toucas de alta qualidade s\u00e3o fornecidas com um el\u00e1stico na parte de tr\u00e1s, garantindo um ajuste seguro para todos os tamanhos de cabe\u00e7a. Dispon\u00edveis em op\u00e7\u00f5es feitas \u00e0 m\u00e1quina e feitas \u00e0 m\u00e3o, estas toucas de cirurgi\u00e3o s\u00e3o concebidas para satisfazer as suas necessidades espec\u00edficas.<\/p>","protected":false},"featured_media":8089,"template":"","meta":{"_seopress_robots_primary_cat":"none","_seopress_titles_title":"Latex-Free, Breathable PP Nonwoven Surgery Caps - Comfortable &amp; Easy to Wear!","_seopress_titles_desc":"Our PP nonwoven caps are latex-free and breathable, for comfortable wear during surgery or clinical activities. Available in blue, size 60*13 cm, with elastic at the back for a reliable fit. Suitable for hospital, operating room, and laboratory use.","_seopress_robots_index":""},"product_brand":[],"product_cat":[46],"product_tag":[152,57],"class_list":{"0":"post-2641","1":"product","2":"type-product","3":"status-publish","4":"has-post-thumbnail","6":"product_cat-caps","7":"product_tag-caps","8":"product_tag-non-woven","10":"first","11":"instock","12":"shipping-taxable","13":"product-type-simple"},"_links":{"self":[{"href":"https:\/\/med-disposable.com\/pt\/wp-json\/wp\/v2\/product\/2641","targetHints":{"allow":["GET"]}}],"collection":[{"href":"https:\/\/med-disposable.com\/pt\/wp-json\/wp\/v2\/product"}],"about":[{"href":"https:\/\/med-disposable.com\/pt\/wp-json\/wp\/v2\/types\/product"}],"version-history":[{"count":0,"href":"https:\/\/med-disposable.com\/pt\/wp-json\/wp\/v2\/product\/2641\/revisions"}],"wp:featuredmedia":[{"embeddable":true,"href":"https:\/\/med-disposable.com\/pt\/wp-json\/wp\/v2\/media\/8089"}],"wp:attachment":[{"href":"https:\/\/med-disposable.com\/pt\/wp-json\/wp\/v2\/media?parent=2641"}],"wp:term":[{"taxonomy":"product_brand","embeddable":true,"href":"https:\/\/med-disposable.com\/pt\/wp-json\/wp\/v2\/product_brand?post=2641"},{"taxonomy":"product_cat","embeddable":true,"href":"https:\/\/med-disposable.com\/pt\/wp-json\/wp\/v2\/product_cat?post=2641"},{"taxonomy":"product_tag","embeddable":true,"href":"https:\/\/med-disposable.com\/pt\/wp-json\/wp\/v2\/product_tag?post=2641"}],"curies":[{"name":"wp","href":"https:\/\/api.w.org\/{rel}","templated":true}]}}