{"id":2676,"date":"2021-09-02T14:58:51","date_gmt":"2021-09-02T06:58:51","guid":{"rendered":"https:\/\/med-disposable.com\/?post_type=product&#038;p=2676"},"modified":"2023-07-24T14:39:35","modified_gmt":"2023-07-24T06:39:35","slug":"cool-color-disposable-3ply-face-mask","status":"publish","type":"product","link":"https:\/\/med-disposable.com\/pt\/product\/cool-color-disposable-3ply-face-mask\/","title":{"rendered":"M\u00e1scara facial descart\u00e1vel de 3 camadas de cor fria"},"content":{"rendered":"<p>Experience safety with style with our Cool Color Disposable 3ply Face Mask. Manufactured from non-woven material and equipped with BFE 99% filter paper at its core, this mask pairs high-quality protection with a trendy look. It features stylish black earloops, making it a fashionable choice that doesn&#8217;t compromise on safety.<\/p>\n<figure class=\"wp-block-embed wp-block-embed-youtube is-type-video is-provider-youtube epyt-figure\"><div class=\"wp-block-embed__wrapper\"><div  id=\"_ytid_17179\"  width=\"800\" height=\"450\"  data-origwidth=\"800\" data-origheight=\"450\" data-facadesrc=\"https:\/\/www.youtube.com\/embed\/sRqi4SG86jM?enablejsapi=1&autoplay=0&cc_load_policy=0&cc_lang_pref=&iv_load_policy=1&loop=0&rel=1&fs=1&playsinline=0&autohide=2&theme=dark&color=red&controls=1&disablekb=0&\" class=\"__youtube_prefs__ epyt-facade no-lazyload\" data-epautoplay=\"1\" ><img decoding=\"async\" data-spai-excluded=\"true\" class=\"epyt-facade-poster skip-lazy\" loading=\"lazy\"  alt=\"Leitor do YouTube\"  src=\"https:\/\/i.ytimg.com\/vi\/sRqi4SG86jM\/maxresdefault.jpg\"  \/><button class=\"epyt-facade-play\" aria-label=\"Jogar\"><svg data-no-lazy=\"1\" height=\"100%\" version=\"1.1\" viewbox=\"0 0 68 48\" width=\"100%\"><path class=\"ytp-large-play-button-bg\" d=\"M66.52,7.74c-0.78-2.93-2.49-5.41-5.42-6.19C55.79,.13,34,0,34,0S12.21,.13,6.9,1.55 C3.97,2.33,2.27,4.81,1.48,7.74C0.06,13.05,0,24,0,24s0.06,10.95,1.48,16.26c0.78,2.93,2.49,5.41,5.42,6.19 C12.21,47.87,34,48,34,48s21.79-0.13,27.1-1.55c2.93-0.78,4.64-3.26,5.42-6.19C67.94,34.95,68,24,68,24S67.94,13.05,66.52,7.74z\" fill=\"#f00\"><\/path><path d=\"M 45,24 27,14 27,34\" fill=\"#fff\"><\/path><\/svg><\/button><\/div><\/div><\/figure>\n<p>&nbsp;<\/p>\n<p><strong>Especifica\u00e7\u00f5es de base:<\/strong><\/p>\n<table width=\"686\">\n<tbody>\n<tr>\n<td width=\"123\">Tamanho<\/td>\n<td width=\"563\">Adultos 17,5*9,5cm; Crian\u00e7as 14,5*9,5cm<\/td>\n<\/tr>\n<tr>\n<td width=\"123\">Material<\/td>\n<td width=\"563\">cool color PP non woven+ MB+ soft PP nonwoven<\/td>\n<\/tr>\n<tr>\n<td width=\"123\">Estilo<\/td>\n<td width=\"563\">argola el\u00e1stica redonda ou plana<\/td>\n<\/tr>\n<tr>\n<td width=\"123\">Cor<\/td>\n<td width=\"563\">cool grey color\u2026all colors and personal design are available<\/td>\n<\/tr>\n<tr>\n<td width=\"123\">Vantagem<\/td>\n<td width=\"563\">\u00a0respira\u00e7\u00e3o livre, impress\u00e3o avan\u00e7ada e efeito de cor<\/td>\n<\/tr>\n<tr>\n<td width=\"123\">Embalagem<\/td>\n<td width=\"563\">10 pcs\/OPP bag, 2000pcs\/ctn, can be as requirements<\/td>\n<\/tr>\n<\/tbody>\n<\/table>\n<p>&nbsp;<\/p>\n<p><strong>Carater\u00edsticas:<\/strong><\/p>\n<ol>\n<li><strong>Material:<\/strong> The mask is made of non-woven material and BFE99% filer paper in the middle layer, providing a comfortable yet durable protective barrier.<\/li>\n<li><strong>Conce\u00e7\u00e3o:<\/strong> With its black earloops and cool color, the mask offers a fashionable alternative to traditional face masks.<\/li>\n<li><strong>Filtration:<\/strong> The mask comes with BFE 99% filter paper, ensuring excellent protection against bacterial particles.<\/li>\n<\/ol>\n<p><img fetchpriority=\"high\" decoding=\"async\" class=\"aligncenter wp-image-9334 size-large\" src=\"https:\/\/med-disposable.com\/wp-content\/uploads\/2021\/09\/40A9296-1024x1024.jpg\" alt=\"\" width=\"800\" height=\"800\" srcset=\"https:\/\/med-disposable.com\/wp-content\/uploads\/2021\/09\/40A9296-1024x1024.jpg 1024w, https:\/\/med-disposable.com\/wp-content\/uploads\/2021\/09\/40A9296-300x300.jpg 300w, https:\/\/med-disposable.com\/wp-content\/uploads\/2021\/09\/40A9296-150x150.jpg 150w, https:\/\/med-disposable.com\/wp-content\/uploads\/2021\/09\/40A9296-768x768.jpg 768w, https:\/\/med-disposable.com\/wp-content\/uploads\/2021\/09\/40A9296-1536x1536.jpg 1536w, https:\/\/med-disposable.com\/wp-content\/uploads\/2021\/09\/40A9296-scaled.jpg 2048w, https:\/\/med-disposable.com\/wp-content\/uploads\/2021\/09\/40A9296-600x600.jpg 600w, https:\/\/med-disposable.com\/wp-content\/uploads\/2021\/09\/40A9296-100x100.jpg 100w\" sizes=\"(max-width: 800px) 100vw, 800px\" \/><\/p>\n<p><strong>Vantagens:<\/strong><\/p>\n<ol>\n<li><strong>High Protection Level:<\/strong> With a BFE of 99%, the Cool Color Disposable 3ply Face Mask provides premium protection against bacterial contaminants.<\/li>\n<li><strong>Conforto:<\/strong> The mask is made from non-woven material that ensures a comfortable fit even during extended wear.<\/li>\n<li><strong>Stylish Design:<\/strong> The cool color and black earloops provide a fashionable edge, making safety a stylish statement.<\/li>\n<\/ol>\n<p><img decoding=\"async\" class=\"aligncenter wp-image-9335 size-large\" src=\"https:\/\/med-disposable.com\/wp-content\/uploads\/2021\/09\/40A9297-1024x1024.jpg\" alt=\"\" width=\"800\" height=\"800\" srcset=\"https:\/\/med-disposable.com\/wp-content\/uploads\/2021\/09\/40A9297-1024x1024.jpg 1024w, https:\/\/med-disposable.com\/wp-content\/uploads\/2021\/09\/40A9297-300x300.jpg 300w, https:\/\/med-disposable.com\/wp-content\/uploads\/2021\/09\/40A9297-150x150.jpg 150w, https:\/\/med-disposable.com\/wp-content\/uploads\/2021\/09\/40A9297-768x768.jpg 768w, https:\/\/med-disposable.com\/wp-content\/uploads\/2021\/09\/40A9297-600x600.jpg 600w, https:\/\/med-disposable.com\/wp-content\/uploads\/2021\/09\/40A9297-100x100.jpg 100w, https:\/\/med-disposable.com\/wp-content\/uploads\/2021\/09\/40A9297.jpg 1050w\" sizes=\"(max-width: 800px) 100vw, 800px\" \/><\/p>\n<p><strong>Aplica\u00e7\u00f5es:<\/strong><\/p>\n<p>The Cool Color Disposable 3ply Face Mask is versatile and suitable for numerous settings, from healthcare and food services to schools and everyday personal use. It ensures optimal protection while promoting a trendy aesthetic.<\/p>\n<p>&nbsp;<\/p>","protected":false},"excerpt":{"rendered":"<p>The inner layer is soft non woven fabric, skin friendly and breathable,<\/p>\n<p>Middle melt brown is white color, Bacterial Filtration Efficiency 99%,<\/p>\n<p>Outer layer and inner layer are both cool grey color.<\/p>","protected":false},"featured_media":9337,"template":"","meta":{"_seopress_robots_primary_cat":"none","_seopress_titles_title":"Non Woven Fabric-Top Quality, Soft &amp; Breathable, High Filtration, Type II, IIR, Latex-Free","_seopress_titles_desc":"Highest-quality non-woven fabric that is skin-friendly and breathable with advanced printing and color effects. Our Type II and Type IIR standards provide reliable protection and are Latex-free. Choose from cool navy blue, grey, black, and army green designs, all available in sizes for adults and kids.","_seopress_robots_index":""},"product_brand":[],"product_cat":[100],"product_tag":[55,60],"class_list":{"0":"post-2676","1":"product","2":"type-product","3":"status-publish","4":"has-post-thumbnail","6":"product_cat-face-mask","7":"product_tag-3ply","8":"product_tag-face-mask","10":"first","11":"instock","12":"shipping-taxable","13":"product-type-simple"},"_links":{"self":[{"href":"https:\/\/med-disposable.com\/pt\/wp-json\/wp\/v2\/product\/2676","targetHints":{"allow":["GET"]}}],"collection":[{"href":"https:\/\/med-disposable.com\/pt\/wp-json\/wp\/v2\/product"}],"about":[{"href":"https:\/\/med-disposable.com\/pt\/wp-json\/wp\/v2\/types\/product"}],"version-history":[{"count":0,"href":"https:\/\/med-disposable.com\/pt\/wp-json\/wp\/v2\/product\/2676\/revisions"}],"wp:featuredmedia":[{"embeddable":true,"href":"https:\/\/med-disposable.com\/pt\/wp-json\/wp\/v2\/media\/9337"}],"wp:attachment":[{"href":"https:\/\/med-disposable.com\/pt\/wp-json\/wp\/v2\/media?parent=2676"}],"wp:term":[{"taxonomy":"product_brand","embeddable":true,"href":"https:\/\/med-disposable.com\/pt\/wp-json\/wp\/v2\/product_brand?post=2676"},{"taxonomy":"product_cat","embeddable":true,"href":"https:\/\/med-disposable.com\/pt\/wp-json\/wp\/v2\/product_cat?post=2676"},{"taxonomy":"product_tag","embeddable":true,"href":"https:\/\/med-disposable.com\/pt\/wp-json\/wp\/v2\/product_tag?post=2676"}],"curies":[{"name":"wp","href":"https:\/\/api.w.org\/{rel}","templated":true}]}}