{"id":2816,"date":"2021-09-16T16:09:14","date_gmt":"2021-09-16T08:09:14","guid":{"rendered":"https:\/\/med-disposable.com\/?post_type=product&#038;p=2816"},"modified":"2023-08-16T17:54:58","modified_gmt":"2023-08-16T09:54:58","slug":"mascara-facial-impressa-descartavel-para-criancas","status":"publish","type":"product","link":"https:\/\/med-disposable.com\/pt\/product\/disposable-printed-face-mask-for-children\/","title":{"rendered":"M\u00e1scara facial impressa descart\u00e1vel para crian\u00e7as"},"content":{"rendered":"<p>D\u00ea prioridade \u00e0 seguran\u00e7a das crian\u00e7as com a nossa m\u00e1scara facial descart\u00e1vel estampada. Meticulosamente concebida para a pele delicada dos mais novos, oferece uma prote\u00e7\u00e3o \u00f3ptima ao mesmo tempo que garante conforto e estilo, facilitando a adapta\u00e7\u00e3o das crian\u00e7as \u00e0 rotina do uso de m\u00e1scaras.<\/p>\n<p>&nbsp;<\/p>\n<p><img fetchpriority=\"high\" decoding=\"async\" class=\"aligncenter wp-image-8413 size-large\" src=\"https:\/\/med-disposable.com\/wp-content\/uploads\/2021\/03\/spunlace-face-mask-with-printing-16-1024x1024.jpg\" alt=\"\" width=\"800\" height=\"800\" srcset=\"https:\/\/med-disposable.com\/wp-content\/uploads\/2021\/03\/spunlace-face-mask-with-printing-16-1024x1024.jpg 1024w, https:\/\/med-disposable.com\/wp-content\/uploads\/2021\/03\/spunlace-face-mask-with-printing-16-300x300.jpg 300w, https:\/\/med-disposable.com\/wp-content\/uploads\/2021\/03\/spunlace-face-mask-with-printing-16-150x150.jpg 150w, https:\/\/med-disposable.com\/wp-content\/uploads\/2021\/03\/spunlace-face-mask-with-printing-16-768x768.jpg 768w, https:\/\/med-disposable.com\/wp-content\/uploads\/2021\/03\/spunlace-face-mask-with-printing-16-1536x1536.jpg 1536w, https:\/\/med-disposable.com\/wp-content\/uploads\/2021\/03\/spunlace-face-mask-with-printing-16-scaled.jpg 2048w, https:\/\/med-disposable.com\/wp-content\/uploads\/2021\/03\/spunlace-face-mask-with-printing-16-600x600.jpg 600w, https:\/\/med-disposable.com\/wp-content\/uploads\/2021\/03\/spunlace-face-mask-with-printing-16-100x100.jpg 100w\" sizes=\"(max-width: 800px) 100vw, 800px\" \/><\/p>\n<h3><strong>Carater\u00edsticas:<\/strong><\/h3>\n<ol>\n<li><strong>Material de alta qualidade<\/strong>: Fabricado em tecido Spunlace de primeira qualidade, reconhecido pelo seu toque suave e qualidade superior.<\/li>\n<li><strong>Impress\u00e3o avan\u00e7ada<\/strong>: Apresenta designs vibrantes e apelativos, indo ao encontro das prefer\u00eancias dos jovens utilizadores.<\/li>\n<li><strong>Constru\u00e7\u00e3o inodora<\/strong>: Assegura que as crian\u00e7as n\u00e3o se sintam incomodadas por odores desagrad\u00e1veis.<\/li>\n<li><strong>Respirabilidade<\/strong>: Permite um amplo fluxo de ar, garantindo que as crian\u00e7as possam respirar confortavelmente.<\/li>\n<\/ol>\n<p><img decoding=\"async\" class=\"aligncenter wp-image-8411 size-large\" src=\"https:\/\/med-disposable.com\/wp-content\/uploads\/2021\/03\/spunlace-face-mask-with-printing-9-1024x1024.jpg\" alt=\"\" width=\"800\" height=\"800\" srcset=\"https:\/\/med-disposable.com\/wp-content\/uploads\/2021\/03\/spunlace-face-mask-with-printing-9-1024x1024.jpg 1024w, https:\/\/med-disposable.com\/wp-content\/uploads\/2021\/03\/spunlace-face-mask-with-printing-9-300x300.jpg 300w, https:\/\/med-disposable.com\/wp-content\/uploads\/2021\/03\/spunlace-face-mask-with-printing-9-150x150.jpg 150w, https:\/\/med-disposable.com\/wp-content\/uploads\/2021\/03\/spunlace-face-mask-with-printing-9-768x768.jpg 768w, https:\/\/med-disposable.com\/wp-content\/uploads\/2021\/03\/spunlace-face-mask-with-printing-9-1536x1536.jpg 1536w, https:\/\/med-disposable.com\/wp-content\/uploads\/2021\/03\/spunlace-face-mask-with-printing-9-scaled.jpg 2048w, https:\/\/med-disposable.com\/wp-content\/uploads\/2021\/03\/spunlace-face-mask-with-printing-9-600x600.jpg 600w, https:\/\/med-disposable.com\/wp-content\/uploads\/2021\/03\/spunlace-face-mask-with-printing-9-100x100.jpg 100w\" sizes=\"(max-width: 800px) 100vw, 800px\" \/><\/p>\n<h3><strong>Vantagens:<\/strong><\/h3>\n<ul>\n<li><strong>Suave na pele<\/strong>: Especificamente concebido para a pele sens\u00edvel das crian\u00e7as, minimizando as irrita\u00e7\u00f5es.<\/li>\n<li><strong>Designs com estilo<\/strong>: A impress\u00e3o avan\u00e7ada torna-o moderno, incentivando as crian\u00e7as a us\u00e1-lo de bom grado.<\/li>\n<li><strong>Prote\u00e7\u00e3o refor\u00e7ada<\/strong>: Embora o conforto seja fundamental, a m\u00e1scara n\u00e3o compromete o fornecimento de uma prote\u00e7\u00e3o eficaz.<\/li>\n<li><strong>Facilmente descart\u00e1vel<\/strong>: Destinam-se a uma utiliza\u00e7\u00e3o \u00fanica para garantir a higiene, mas respeitam o ambiente.<\/li>\n<\/ul>\n<p><img decoding=\"async\" class=\"aligncenter wp-image-8410 size-large\" src=\"https:\/\/med-disposable.com\/wp-content\/uploads\/2021\/03\/spunlace-face-mask-with-printing-5-1024x1024.jpg\" alt=\"\" width=\"800\" height=\"800\" srcset=\"https:\/\/med-disposable.com\/wp-content\/uploads\/2021\/03\/spunlace-face-mask-with-printing-5-1024x1024.jpg 1024w, https:\/\/med-disposable.com\/wp-content\/uploads\/2021\/03\/spunlace-face-mask-with-printing-5-300x300.jpg 300w, https:\/\/med-disposable.com\/wp-content\/uploads\/2021\/03\/spunlace-face-mask-with-printing-5-150x150.jpg 150w, https:\/\/med-disposable.com\/wp-content\/uploads\/2021\/03\/spunlace-face-mask-with-printing-5-768x768.jpg 768w, https:\/\/med-disposable.com\/wp-content\/uploads\/2021\/03\/spunlace-face-mask-with-printing-5-1536x1536.jpg 1536w, https:\/\/med-disposable.com\/wp-content\/uploads\/2021\/03\/spunlace-face-mask-with-printing-5-scaled.jpg 2048w, https:\/\/med-disposable.com\/wp-content\/uploads\/2021\/03\/spunlace-face-mask-with-printing-5-600x600.jpg 600w, https:\/\/med-disposable.com\/wp-content\/uploads\/2021\/03\/spunlace-face-mask-with-printing-5-100x100.jpg 100w\" sizes=\"(max-width: 800px) 100vw, 800px\" \/><\/p>\n<p><strong>Especifica\u00e7\u00f5es de base:<\/strong><\/p>\n<table width=\"686\">\n<tbody>\n<tr>\n<td width=\"123\">Tamanho<\/td>\n<td width=\"563\">14,5*9,5cm<\/td>\n<\/tr>\n<tr>\n<td width=\"123\">Material<\/td>\n<td width=\"563\">spunlace 45g+MB 25g+soft\/hydrophilic PP 25g, a camada exterior pode ser impressa conforme personalizado<\/td>\n<\/tr>\n<tr>\n<td width=\"123\">Estilo<\/td>\n<td width=\"563\">aro el\u00e1stico plano para a orelha<\/td>\n<\/tr>\n<tr>\n<td width=\"123\">Cor<\/td>\n<td width=\"563\">azul c\u00e9u, rosa beb\u00e9, cinzento, roxo, laranja, impress\u00e3o OEM... todas as cores e design pessoal est\u00e3o dispon\u00edveis<\/td>\n<\/tr>\n<tr>\n<td width=\"123\">Vantagem<\/td>\n<td width=\"563\">macio e sedoso, respira\u00e7\u00e3o livre, impress\u00e3o avan\u00e7ada e efeito de cor<\/td>\n<\/tr>\n<tr>\n<td width=\"123\">Embalagem<\/td>\n<td width=\"563\">50 unidades\/caixa, ou 10 unidades\/saco OPP, pode ser conforme os requisitos<\/td>\n<\/tr>\n<\/tbody>\n<\/table>\n<h3><img loading=\"lazy\" decoding=\"async\" class=\"aligncenter wp-image-8198 size-large\" src=\"https:\/\/med-disposable.com\/wp-content\/uploads\/2021\/05\/spunlace-face-mask-with-printing-15-1024x1024.jpg\" alt=\"\" width=\"800\" height=\"800\" srcset=\"https:\/\/med-disposable.com\/wp-content\/uploads\/2021\/05\/spunlace-face-mask-with-printing-15-1024x1024.jpg 1024w, https:\/\/med-disposable.com\/wp-content\/uploads\/2021\/05\/spunlace-face-mask-with-printing-15-300x300.jpg 300w, https:\/\/med-disposable.com\/wp-content\/uploads\/2021\/05\/spunlace-face-mask-with-printing-15-150x150.jpg 150w, https:\/\/med-disposable.com\/wp-content\/uploads\/2021\/05\/spunlace-face-mask-with-printing-15-768x768.jpg 768w, https:\/\/med-disposable.com\/wp-content\/uploads\/2021\/05\/spunlace-face-mask-with-printing-15-1536x1536.jpg 1536w, https:\/\/med-disposable.com\/wp-content\/uploads\/2021\/05\/spunlace-face-mask-with-printing-15-scaled.jpg 2048w, https:\/\/med-disposable.com\/wp-content\/uploads\/2021\/05\/spunlace-face-mask-with-printing-15-600x600.jpg 600w, https:\/\/med-disposable.com\/wp-content\/uploads\/2021\/05\/spunlace-face-mask-with-printing-15-100x100.jpg 100w\" sizes=\"(max-width: 800px) 100vw, 800px\" \/><\/h3>\n<h3><strong>Aplica\u00e7\u00f5es:<\/strong><\/h3>\n<p>Ideal para actividades di\u00e1rias como a escola, encontros para brincar, parques, compras ou qualquer ambiente onde exista uma potencial exposi\u00e7\u00e3o a contaminantes. Concebidas a pensar nas crian\u00e7as, estas m\u00e1scaras s\u00e3o adequadas para crian\u00e7as de v\u00e1rias idades.<\/p>\n<h3><strong>Modo de utiliza\u00e7\u00e3o:<\/strong><\/h3>\n<ol>\n<li>Certifique-se de que as m\u00e3os est\u00e3o bem limpas antes de tocar na m\u00e1scara.<\/li>\n<li>Abra a m\u00e1scara, certificando-se de que o lado impresso est\u00e1 virado para fora.<\/li>\n<li>Ajustar sobre o rosto da crian\u00e7a, cobrindo bem o nariz e a boca.<\/li>\n<li>Certifique-se de que a m\u00e1scara fica bem ajustada, com folgas m\u00ednimas nos lados.<\/li>\n<li>Ap\u00f3s a utiliza\u00e7\u00e3o, remover com cuidado, deitar fora de forma respons\u00e1vel e limpar as m\u00e3os.<\/li>\n<\/ol>\n<p><img loading=\"lazy\" decoding=\"async\" class=\"aligncenter wp-image-6698 size-full\" src=\"https:\/\/med-disposable.com\/wp-content\/uploads\/2021\/09\/face-mask.png\" alt=\"\" width=\"800\" height=\"414\" srcset=\"https:\/\/med-disposable.com\/wp-content\/uploads\/2021\/09\/face-mask.png 800w, https:\/\/med-disposable.com\/wp-content\/uploads\/2021\/09\/face-mask-300x155.png 300w, https:\/\/med-disposable.com\/wp-content\/uploads\/2021\/09\/face-mask-768x397.png 768w, https:\/\/med-disposable.com\/wp-content\/uploads\/2021\/09\/face-mask-600x311.png 600w\" sizes=\"(max-width: 800px) 100vw, 800px\" \/><\/p>","protected":false},"excerpt":{"rendered":"<p>A m\u00e1scara facial descart\u00e1vel para crian\u00e7as \u00e9 fabricada com material Spunlace.<\/p>\n<p>\u00c9 suave como a seda, respir\u00e1vel, inodoro e o efeito de impress\u00e3o do tecido \u00e9 mais avan\u00e7ado.<\/p>","protected":false},"featured_media":2819,"template":"","meta":{"_seopress_robots_primary_cat":"none","_seopress_titles_title":"Soft, Stylish, Unique: Discover Spunlace Material and Advanced Color\/Printing Technology","_seopress_titles_desc":"Get stylish protection with a spunlace material face mask. Our mask offers a super soft feel, and comes with advanced color and picture printing. With outer layer wrap inside, your protection never looked so good! Available in various colors with custom printing. Try it today!","_seopress_robots_index":""},"product_brand":[],"product_cat":[100],"product_tag":[60,59],"class_list":{"0":"post-2816","1":"product","2":"type-product","3":"status-publish","4":"has-post-thumbnail","6":"product_cat-face-mask","7":"product_tag-face-mask","8":"product_tag-kids","10":"first","11":"instock","12":"shipping-taxable","13":"product-type-simple"},"_links":{"self":[{"href":"https:\/\/med-disposable.com\/pt\/wp-json\/wp\/v2\/product\/2816","targetHints":{"allow":["GET"]}}],"collection":[{"href":"https:\/\/med-disposable.com\/pt\/wp-json\/wp\/v2\/product"}],"about":[{"href":"https:\/\/med-disposable.com\/pt\/wp-json\/wp\/v2\/types\/product"}],"version-history":[{"count":0,"href":"https:\/\/med-disposable.com\/pt\/wp-json\/wp\/v2\/product\/2816\/revisions"}],"wp:featuredmedia":[{"embeddable":true,"href":"https:\/\/med-disposable.com\/pt\/wp-json\/wp\/v2\/media\/2819"}],"wp:attachment":[{"href":"https:\/\/med-disposable.com\/pt\/wp-json\/wp\/v2\/media?parent=2816"}],"wp:term":[{"taxonomy":"product_brand","embeddable":true,"href":"https:\/\/med-disposable.com\/pt\/wp-json\/wp\/v2\/product_brand?post=2816"},{"taxonomy":"product_cat","embeddable":true,"href":"https:\/\/med-disposable.com\/pt\/wp-json\/wp\/v2\/product_cat?post=2816"},{"taxonomy":"product_tag","embeddable":true,"href":"https:\/\/med-disposable.com\/pt\/wp-json\/wp\/v2\/product_tag?post=2816"}],"curies":[{"name":"wp","href":"https:\/\/api.w.org\/{rel}","templated":true}]}}