{"id":2923,"date":"2021-10-22T15:45:22","date_gmt":"2021-10-22T07:45:22","guid":{"rendered":"https:\/\/med-disposable.com\/?post_type=product&#038;p=2923"},"modified":"2021-10-22T15:45:22","modified_gmt":"2021-10-22T07:45:22","slug":"disposable-colorful-non-woven-suits","status":"publish","type":"product","link":"https:\/\/med-disposable.com\/pt\/product\/disposable-colorful-non-woven-suits\/","title":{"rendered":"Fatos n\u00e3o tecidos coloridos descart\u00e1veis"},"content":{"rendered":"<p>Carater\u00edstica:<\/p>\n<div data-spm-anchor-id=\"a2700.details.0.i27.4414e1e8Sc8hZV\">Material n\u00e3o tecido PP, leve, respir\u00e1vel e confort\u00e1vel de usar.<\/div>\n<div data-spm-anchor-id=\"a2700.details.0.i27.4414e1e8Sc8hZV\">F\u00e1cil de usar e tirar, sem reac\u00e7\u00f5es al\u00e9rgicas.<\/div>\n<div data-spm-anchor-id=\"a2700.details.0.i27.4414e1e8Sc8hZV\">Bloqueia eficazmente a entrada de sujidade, \u00f3leo, gordura e l\u00edquidos.<\/div>\n<div data-spm-anchor-id=\"a2700.details.0.i27.4414e1e8Sc8hZV\">Especifica\u00e7\u00f5es de base:<\/div>\n<div data-spm-anchor-id=\"a2700.details.0.i27.4414e1e8Sc8hZV\">\n<table width=\"445\">\n<tbody>\n<tr>\n<td width=\"98\">Tamanho<\/td>\n<td width=\"347\">M-5XL<\/td>\n<\/tr>\n<tr>\n<td>Material<\/td>\n<td>PP n\u00e3o tecido<\/td>\n<\/tr>\n<tr>\n<td>Peso em gramas<\/td>\n<td>40 grs.<\/td>\n<\/tr>\n<tr>\n<td width=\"98\">Estilo<\/td>\n<td width=\"347\">Blusa: el\u00e1stico no capuz e nos punhos, sem bolsos;&nbsp;<\/p>\n<p>Cal\u00e7as: El\u00e1stico na cintura, el\u00e1stico nos tornozelos, com bolsos<\/td>\n<\/tr>\n<tr>\n<td width=\"98\">Cor<\/td>\n<td width=\"347\">Branco, azul, amarelo, vermelho, laranja... a pedido<\/td>\n<\/tr>\n<tr>\n<td>Aplica\u00e7\u00e3o<\/td>\n<td>ind\u00fastria alimentar, agricultura, ind\u00fastria qu\u00edmica, ind\u00fastria transformadora, medicina e outros dom\u00ednios<\/td>\n<\/tr>\n<\/tbody>\n<\/table>\n<\/div>","protected":false},"excerpt":{"rendered":"<p>Blusa: com capuz, mangas compridas, gola em V, el\u00e1stico no capuz e nos punhos;<\/p>\n<p>Cal\u00e7as: El\u00e1stico na cintura, el\u00e1stico nos tornozelos, sem bolsos.<\/p>","protected":false},"featured_media":2925,"template":"","meta":{"_seopress_robots_primary_cat":"none","_seopress_titles_title":"Comfortable PP Non Woven Clothing: Lightweight, Breathable-Size M-5XL!","_seopress_titles_desc":"Introducing PP non woven material, for a light and comfortable fit. Block dirt, oil and fat with ease. Perfect for food industry, agriculture, chemical industry, manufacturing &amp; medical fields, with sizes M-5XL and a range of colors available.","_seopress_robots_index":""},"product_brand":[],"product_cat":[44],"product_tag":[73,149],"class_list":{"0":"post-2923","1":"product","2":"type-product","3":"status-publish","4":"has-post-thumbnail","6":"product_cat-coverall","7":"product_tag-disposable","8":"product_tag-suits","10":"first","11":"instock","12":"shipping-taxable","13":"product-type-simple"},"_links":{"self":[{"href":"https:\/\/med-disposable.com\/pt\/wp-json\/wp\/v2\/product\/2923","targetHints":{"allow":["GET"]}}],"collection":[{"href":"https:\/\/med-disposable.com\/pt\/wp-json\/wp\/v2\/product"}],"about":[{"href":"https:\/\/med-disposable.com\/pt\/wp-json\/wp\/v2\/types\/product"}],"version-history":[{"count":0,"href":"https:\/\/med-disposable.com\/pt\/wp-json\/wp\/v2\/product\/2923\/revisions"}],"wp:featuredmedia":[{"embeddable":true,"href":"https:\/\/med-disposable.com\/pt\/wp-json\/wp\/v2\/media\/2925"}],"wp:attachment":[{"href":"https:\/\/med-disposable.com\/pt\/wp-json\/wp\/v2\/media?parent=2923"}],"wp:term":[{"taxonomy":"product_brand","embeddable":true,"href":"https:\/\/med-disposable.com\/pt\/wp-json\/wp\/v2\/product_brand?post=2923"},{"taxonomy":"product_cat","embeddable":true,"href":"https:\/\/med-disposable.com\/pt\/wp-json\/wp\/v2\/product_cat?post=2923"},{"taxonomy":"product_tag","embeddable":true,"href":"https:\/\/med-disposable.com\/pt\/wp-json\/wp\/v2\/product_tag?post=2923"}],"curies":[{"name":"wp","href":"https:\/\/api.w.org\/{rel}","templated":true}]}}