{"id":2940,"date":"2021-11-05T10:54:57","date_gmt":"2021-11-05T02:54:57","guid":{"rendered":"https:\/\/med-disposable.com\/?post_type=product&#038;p=2940"},"modified":"2023-07-21T16:58:04","modified_gmt":"2023-07-21T08:58:04","slug":"disposable-non-woven-coverall-grey-color","status":"publish","type":"product","link":"https:\/\/med-disposable.com\/pt\/product\/disposable-non-woven-coverall-grey-color\/","title":{"rendered":"Fato-macaco descart\u00e1vel n\u00e3o tecido de cor cinzenta"},"content":{"rendered":"<p><strong>Introdu\u00e7\u00e3o do produto:<\/strong> Presenting our Customized Grey Disposable Non-Woven Coverall, a blend of superior protection, comfort, and style. Made from PP nonwoven material, this coverall provides comprehensive body coverage while ensuring ease of movement. Its unique grey color enhances its aesthetic appeal, making it ideal for your branding needs.<\/p>\n<p><img fetchpriority=\"high\" decoding=\"async\" class=\"aligncenter wp-image-5076 size-full\" src=\"https:\/\/med-disposable.com\/wp-content\/uploads\/2023\/03\/disposable-coverall-grey.jpg\" alt=\"\" width=\"466\" height=\"700\" srcset=\"https:\/\/med-disposable.com\/wp-content\/uploads\/2023\/03\/disposable-coverall-grey.jpg 466w, https:\/\/med-disposable.com\/wp-content\/uploads\/2023\/03\/disposable-coverall-grey-200x300.jpg 200w\" sizes=\"(max-width: 466px) 100vw, 466px\" \/><\/p>\n<p><strong>Especifica\u00e7\u00f5es de base:<\/strong><\/p>\n<table width=\"435\">\n<tbody>\n<tr>\n<td width=\"93\">Tamanho<\/td>\n<td width=\"342\">M-5XL<\/td>\n<\/tr>\n<tr>\n<td>Material<\/td>\n<td>PP n\u00e3o tecido<\/td>\n<\/tr>\n<tr>\n<td>Peso em gramas<\/td>\n<td>40-55gsm<\/td>\n<\/tr>\n<tr>\n<td rowspan=\"5\" width=\"93\">Estilo<\/td>\n<td width=\"342\">Hood: with hood<\/td>\n<\/tr>\n<tr>\n<td width=\"342\">Zipper: one-way zipper,\u00a0 with flap<\/td>\n<\/tr>\n<tr>\n<td width=\"342\">Waist: with elastic<\/td>\n<\/tr>\n<tr>\n<td width=\"342\">Cuffs: elastic cuffs<\/td>\n<\/tr>\n<tr>\n<td width=\"342\">Ankles: ankles with elastic, without boot<\/td>\n<\/tr>\n<tr>\n<td width=\"93\">Cor<\/td>\n<td width=\"342\">Grey, or as request<\/td>\n<\/tr>\n<\/tbody>\n<\/table>\n<p>&nbsp;<\/p>\n<p><strong>Carater\u00edsticas do produto:<\/strong><\/p>\n<p>Our Customized Grey Disposable Non-Woven Coverall is designed with features that prioritize safety, comfort, and usability:<\/p>\n<ol>\n<li><strong>Material:<\/strong> The coverall is crafted from PP nonwoven material, which is known for its excellent protective attributes against different hazards, while ensuring breathability.<\/li>\n<li><strong>Conce\u00e7\u00e3o:<\/strong> The coverall includes a hood for added protection, elastic wrists and ankles for an optimal fit, and a convenient front zipper with a flap for easy wear and removal.<\/li>\n<li><strong>Cor:<\/strong> This coverall comes in a special grey color, making it not just a protective suit but also a stylish attire that can be customized for your branding purposes.<\/li>\n<\/ol>\n<p>&nbsp;<\/p>\n<p><strong>Vantagens do produto:<\/strong><\/p>\n<ol>\n<li><strong>Effective Protection:<\/strong> Our non-woven coverall offers comprehensive body protection against various hazards, acting as a barrier against particulates and low-hazard liquids.<\/li>\n<li><strong>Conforto:<\/strong> Despite its sturdy protective design, the coverall ensures comfort, courtesy of its breathable material and elastic features that enable free movement.<\/li>\n<li><strong>Brand Visibility:<\/strong> The unique grey color of the coverall presents an opportunity for branding, making it a great choice for companies looking to enhance their visibility.<\/li>\n<\/ol>\n<p>&nbsp;<\/p>\n<p><strong>Utiliza\u00e7\u00f5es do produto:<\/strong><\/p>\n<p>The Customized Grey Disposable Non-Woven Coverall is suitable for a range of activities across various sectors, such as healthcare, manufacturing, construction, painting, and cleaning services, among others. Its branding potential also makes it an excellent choice for events, exhibitions, and company gatherings.<\/p>\n<p>&nbsp;<\/p>","protected":false},"excerpt":{"rendered":"<p>The non woven coverall is constructed from PP non woven fabric, breathable and soft to wear.<\/p>\n<p>It&#8217;s comfortable and easy to put on and take off. Ideal for cleaning, painting and more.<\/p>","protected":false},"featured_media":2950,"template":"","meta":{"_seopress_robots_primary_cat":"none","_seopress_titles_title":"It&#039;s 100% Virgin Polypropylene Grey Coverall: Put On Easily, Snug Fit &amp; Reliable Particle Protection!","_seopress_titles_desc":"Essential protection for your everyday - Our 100% virgin polypropylene, grey coveralls with elastic waist and cuffs provide reliable protection from particles. With front zip closure and adjustable hood, ankles &amp; cuffs for a snug fit. Get them now in sizes M - 5XL.","_seopress_robots_index":""},"product_brand":[],"product_cat":[44],"product_tag":[64,73],"class_list":{"0":"post-2940","1":"product","2":"type-product","3":"status-publish","4":"has-post-thumbnail","6":"product_cat-coverall","7":"product_tag-coverall","8":"product_tag-disposable","10":"first","11":"instock","12":"shipping-taxable","13":"product-type-simple"},"_links":{"self":[{"href":"https:\/\/med-disposable.com\/pt\/wp-json\/wp\/v2\/product\/2940","targetHints":{"allow":["GET"]}}],"collection":[{"href":"https:\/\/med-disposable.com\/pt\/wp-json\/wp\/v2\/product"}],"about":[{"href":"https:\/\/med-disposable.com\/pt\/wp-json\/wp\/v2\/types\/product"}],"version-history":[{"count":0,"href":"https:\/\/med-disposable.com\/pt\/wp-json\/wp\/v2\/product\/2940\/revisions"}],"wp:featuredmedia":[{"embeddable":true,"href":"https:\/\/med-disposable.com\/pt\/wp-json\/wp\/v2\/media\/2950"}],"wp:attachment":[{"href":"https:\/\/med-disposable.com\/pt\/wp-json\/wp\/v2\/media?parent=2940"}],"wp:term":[{"taxonomy":"product_brand","embeddable":true,"href":"https:\/\/med-disposable.com\/pt\/wp-json\/wp\/v2\/product_brand?post=2940"},{"taxonomy":"product_cat","embeddable":true,"href":"https:\/\/med-disposable.com\/pt\/wp-json\/wp\/v2\/product_cat?post=2940"},{"taxonomy":"product_tag","embeddable":true,"href":"https:\/\/med-disposable.com\/pt\/wp-json\/wp\/v2\/product_tag?post=2940"}],"curies":[{"name":"wp","href":"https:\/\/api.w.org\/{rel}","templated":true}]}}