{"id":2970,"date":"2021-11-15T17:47:24","date_gmt":"2021-11-15T09:47:24","guid":{"rendered":"https:\/\/med-disposable.com\/?post_type=product&#038;p=2970"},"modified":"2023-07-10T17:57:46","modified_gmt":"2023-07-10T09:57:46","slug":"mascara-facial-descartavel-preta-com-auricular","status":"publish","type":"product","link":"https:\/\/med-disposable.com\/pt\/product\/disposable-black-face-mask-with-ear-loop\/","title":{"rendered":"m\u00e1scara facial descart\u00e1vel preta com auricular"},"content":{"rendered":"<h2>Especifica\u00e7\u00f5es de base:<\/h2>\n<table width=\"686\">\n<tbody>\n<tr>\n<td width=\"123\">Tamanho<\/td>\n<td width=\"563\">Adultos 17,5*9,5cm; Crian\u00e7as 14,5*9,5cm<\/td>\n<\/tr>\n<tr>\n<td width=\"123\">Material<\/td>\n<td width=\"563\">PP n\u00e3o tecido de cor preta+ castanho fundido preto+ PP n\u00e3o tecido macio preto<\/td>\n<\/tr>\n<tr>\n<td width=\"123\">Estilo<\/td>\n<td width=\"563\">argola el\u00e1stica redonda ou plana<\/td>\n<\/tr>\n<tr>\n<td width=\"123\">Cor<\/td>\n<td width=\"563\">preto<\/td>\n<\/tr>\n<tr>\n<td width=\"123\">Vantagem<\/td>\n<td width=\"563\">\u00a0respira\u00e7\u00e3o livre, impress\u00e3o avan\u00e7ada e efeito de cor<\/td>\n<\/tr>\n<tr>\n<td width=\"123\">Embalagem<\/td>\n<td width=\"563\">50 pcs\/caixa, 2000pcs\/ctn, ou conforme os requisitos<\/td>\n<\/tr>\n<\/tbody>\n<\/table>\n<figure class=\"wp-block-embed wp-block-embed-youtube is-type-video is-provider-youtube epyt-figure\"><div class=\"wp-block-embed__wrapper\"><div  id=\"_ytid_20360\"  width=\"800\" height=\"450\"  data-origwidth=\"800\" data-origheight=\"450\" data-facadesrc=\"https:\/\/www.youtube.com\/embed\/-7MtKlWwbqg?enablejsapi=1&autoplay=0&cc_load_policy=0&cc_lang_pref=&iv_load_policy=1&loop=0&rel=1&fs=1&playsinline=0&autohide=2&theme=dark&color=red&controls=1&disablekb=0&\" class=\"__youtube_prefs__ epyt-facade no-lazyload\" data-epautoplay=\"1\" ><img decoding=\"async\" data-spai-excluded=\"true\" class=\"epyt-facade-poster skip-lazy\" loading=\"lazy\"  alt=\"Leitor do YouTube\"  src=\"https:\/\/i.ytimg.com\/vi\/-7MtKlWwbqg\/maxresdefault.jpg\"  \/><button class=\"epyt-facade-play\" aria-label=\"Jogar\"><svg data-no-lazy=\"1\" height=\"100%\" version=\"1.1\" viewbox=\"0 0 68 48\" width=\"100%\"><path class=\"ytp-large-play-button-bg\" d=\"M66.52,7.74c-0.78-2.93-2.49-5.41-5.42-6.19C55.79,.13,34,0,34,0S12.21,.13,6.9,1.55 C3.97,2.33,2.27,4.81,1.48,7.74C0.06,13.05,0,24,0,24s0.06,10.95,1.48,16.26c0.78,2.93,2.49,5.41,5.42,6.19 C12.21,47.87,34,48,34,48s21.79-0.13,27.1-1.55c2.93-0.78,4.64-3.26,5.42-6.19C67.94,34.95,68,24,68,24S67.94,13.05,66.52,7.74z\" fill=\"#f00\"><\/path><path d=\"M 45,24 27,14 27,34\" fill=\"#fff\"><\/path><\/svg><\/button><\/div><\/div><\/figure>\n<h2>Vantagens da m\u00e1scara facial preta:<\/h2>\n<ul>\n<li><strong>Design totalmente preto:<\/strong>\u00a0A nossa m\u00e1scara facial descart\u00e1vel preta apresenta um design sofisticado totalmente preto, incluindo presilhas pretas para as orelhas, camada exterior, camada interior e papel de filtro, o que a torna uma escolha elegante para quem pretende destacar-se enquanto se mant\u00e9m protegido.<\/li>\n<li><strong>Alta efici\u00eancia de filtragem:<\/strong> O papel de filtro preto proporciona uma excelente filtragem BFE\u226595%, bloqueando eficazmente o p\u00f3, o fumo, o p\u00f3len e outras part\u00edculas transportadas pelo ar, garantindo uma prote\u00e7\u00e3o \u00f3ptima para a sua sa\u00fade respirat\u00f3ria.<\/li>\n<li><strong>Camada interior macia e confort\u00e1vel:<\/strong>\u00a0A camada interior preta \u00e9 feita de material macio e n\u00e3o agressivo para a pele, garantindo o m\u00e1ximo conforto durante uma utiliza\u00e7\u00e3o prolongada e reduzindo o risco de irrita\u00e7\u00e3o da pele.<\/li>\n<li><strong>Ajuste seguro com presilhas el\u00e1sticas para as orelhas:<\/strong>\u00a0As argolas el\u00e1sticas pretas foram concebidas para se adaptarem confortavelmente \u00e0 volta das orelhas, proporcionando um ajuste seguro e confort\u00e1vel para v\u00e1rias formas e tamanhos de rosto.<\/li>\n<li><strong>Arame ajust\u00e1vel para o nariz:<\/strong>\u00a0O fio nasal integrado pode ser facilmente ajustado para se adaptar aos contornos do seu rosto, garantindo uma melhor veda\u00e7\u00e3o e uma maior prote\u00e7\u00e3o contra potenciais contaminantes.<\/li>\n<\/ul>\n<p><img fetchpriority=\"high\" decoding=\"async\" class=\"aligncenter wp-image-8406 size-large\" src=\"https:\/\/med-disposable.com\/wp-content\/uploads\/2021\/11\/black-face-mask-8-1024x1024.jpg\" alt=\"\" width=\"800\" height=\"800\" srcset=\"https:\/\/med-disposable.com\/wp-content\/uploads\/2021\/11\/black-face-mask-8-1024x1024.jpg 1024w, https:\/\/med-disposable.com\/wp-content\/uploads\/2021\/11\/black-face-mask-8-300x300.jpg 300w, https:\/\/med-disposable.com\/wp-content\/uploads\/2021\/11\/black-face-mask-8-150x150.jpg 150w, https:\/\/med-disposable.com\/wp-content\/uploads\/2021\/11\/black-face-mask-8-768x768.jpg 768w, https:\/\/med-disposable.com\/wp-content\/uploads\/2021\/11\/black-face-mask-8-1536x1536.jpg 1536w, https:\/\/med-disposable.com\/wp-content\/uploads\/2021\/11\/black-face-mask-8-scaled.jpg 2048w, https:\/\/med-disposable.com\/wp-content\/uploads\/2021\/11\/black-face-mask-8-600x600.jpg 600w, https:\/\/med-disposable.com\/wp-content\/uploads\/2021\/11\/black-face-mask-8-100x100.jpg 100w\" sizes=\"(max-width: 800px) 100vw, 800px\" \/> <img decoding=\"async\" class=\"aligncenter wp-image-8370 size-large\" src=\"https:\/\/med-disposable.com\/wp-content\/uploads\/2021\/09\/colorful-kids-face-mask-28-1024x1024.jpg\" alt=\"\" width=\"800\" height=\"800\" srcset=\"https:\/\/med-disposable.com\/wp-content\/uploads\/2021\/09\/colorful-kids-face-mask-28-1024x1024.jpg 1024w, https:\/\/med-disposable.com\/wp-content\/uploads\/2021\/09\/colorful-kids-face-mask-28-300x300.jpg 300w, https:\/\/med-disposable.com\/wp-content\/uploads\/2021\/09\/colorful-kids-face-mask-28-150x150.jpg 150w, https:\/\/med-disposable.com\/wp-content\/uploads\/2021\/09\/colorful-kids-face-mask-28-768x768.jpg 768w, https:\/\/med-disposable.com\/wp-content\/uploads\/2021\/09\/colorful-kids-face-mask-28-600x600.jpg 600w, https:\/\/med-disposable.com\/wp-content\/uploads\/2021\/09\/colorful-kids-face-mask-28-100x100.jpg 100w, https:\/\/med-disposable.com\/wp-content\/uploads\/2021\/09\/colorful-kids-face-mask-28.jpg 1400w\" sizes=\"(max-width: 800px) 100vw, 800px\" \/><\/p>\n<h2>FAQs<\/h2>\n<p><strong>1. Qual \u00e9 a efici\u00eancia de filtragem da m\u00e1scara facial preta descart\u00e1vel Premium?<\/strong><\/p>\n<p>A nossa m\u00e1scara facial preta descart\u00e1vel Premium foi concebida para proporcionar um elevado n\u00edvel de efici\u00eancia de filtragem, bloqueando eficazmente o p\u00f3, o fumo, o p\u00f3len e outras part\u00edculas transportadas pelo ar para garantir uma prote\u00e7\u00e3o \u00f3ptima da sua sa\u00fade respirat\u00f3ria.<\/p>\n<p><strong>2) A m\u00e1scara \u00e9 adequada para peles sens\u00edveis?<\/strong><\/p>\n<p>Sim, o material macio e amigo da pele da camada interior preta garante o m\u00e1ximo conforto durante o uso prolongado e reduz o risco de irrita\u00e7\u00e3o da pele, tornando-a adequada para quem tem pele sens\u00edvel.<\/p>\n<p><strong>3) A m\u00e1scara pode ser reutilizada?<\/strong><\/p>\n<p>A nossa m\u00e1scara facial preta descart\u00e1vel foi concebida para uma \u00fanica utiliza\u00e7\u00e3o, de modo a garantir uma higiene \u00f3ptima e reduzir o risco de contamina\u00e7\u00e3o cruzada. Por favor, elimine a m\u00e1scara de forma respons\u00e1vel ap\u00f3s a sua utiliza\u00e7\u00e3o.<\/p>\n<p><strong>4. a m\u00e1scara \u00e9 ajust\u00e1vel para diferentes formas e tamanhos de rosto?<\/strong><\/p>\n<p>Sim, os an\u00e9is el\u00e1sticos pretos para as orelhas e o fio ajust\u00e1vel para o nariz garantem um ajuste seguro e confort\u00e1vel para v\u00e1rias formas e tamanhos de rosto.<\/p>\n<p><strong>5. a m\u00e1scara \u00e9 adequada para utiliza\u00e7\u00e3o em ambientes profissionais?<\/strong><\/p>\n<p>Embora a nossa m\u00e1scara facial descart\u00e1vel preta proporcione uma excelente prote\u00e7\u00e3o para utiliza\u00e7\u00e3o di\u00e1ria em v\u00e1rios contextos, n\u00e3o foi concebida para utiliza\u00e7\u00e3o em ambientes industriais ou de cuidados de sa\u00fade que exijam certifica\u00e7\u00f5es ou normas espec\u00edficas.<\/p>","protected":false},"excerpt":{"rendered":"<p>Apresentamos a nossa elegante e moderna M\u00e1scara facial descart\u00e1vel Premium preta com auricular, concebida para proporcionar a m\u00e1xima prote\u00e7\u00e3o e conforto sem comprometer o estilo. Com um design totalmente preto, incluindo presilhas pretas para as orelhas, camada exterior, camada interior e papel de filtro, esta m\u00e1scara descart\u00e1vel \u00e9 perfeita para utiliza\u00e7\u00e3o di\u00e1ria em v\u00e1rios ambientes, mantendo-o protegido e com um aspeto elegante ao mesmo tempo.<\/p>","protected":false},"featured_media":8402,"template":"","meta":{"_seopress_robots_primary_cat":"none","_seopress_titles_title":"Black Non-Woven Fabric Face Masks w\/ Ear Loops &amp; Nose Bar - EN14683:2019 Quality","_seopress_titles_desc":"High quality personal protective face masks in black with ear loops and nose bar that meet EN14683:2019 standard. Adults 17.5*9.5cm, Kids 14.5*9.5cm. Free breathing, advanced printing and color effect. Packed 50 pcs\/box, 2000pcs\/ctn.","_seopress_robots_index":""},"product_brand":[],"product_cat":[100],"product_tag":[55,167],"class_list":{"0":"post-2970","1":"product","2":"type-product","3":"status-publish","4":"has-post-thumbnail","6":"product_cat-face-mask","7":"product_tag-3ply","8":"product_tag-black-face-mask","10":"first","11":"instock","12":"shipping-taxable","13":"product-type-simple"},"_links":{"self":[{"href":"https:\/\/med-disposable.com\/pt\/wp-json\/wp\/v2\/product\/2970","targetHints":{"allow":["GET"]}}],"collection":[{"href":"https:\/\/med-disposable.com\/pt\/wp-json\/wp\/v2\/product"}],"about":[{"href":"https:\/\/med-disposable.com\/pt\/wp-json\/wp\/v2\/types\/product"}],"version-history":[{"count":0,"href":"https:\/\/med-disposable.com\/pt\/wp-json\/wp\/v2\/product\/2970\/revisions"}],"wp:featuredmedia":[{"embeddable":true,"href":"https:\/\/med-disposable.com\/pt\/wp-json\/wp\/v2\/media\/8402"}],"wp:attachment":[{"href":"https:\/\/med-disposable.com\/pt\/wp-json\/wp\/v2\/media?parent=2970"}],"wp:term":[{"taxonomy":"product_brand","embeddable":true,"href":"https:\/\/med-disposable.com\/pt\/wp-json\/wp\/v2\/product_brand?post=2970"},{"taxonomy":"product_cat","embeddable":true,"href":"https:\/\/med-disposable.com\/pt\/wp-json\/wp\/v2\/product_cat?post=2970"},{"taxonomy":"product_tag","embeddable":true,"href":"https:\/\/med-disposable.com\/pt\/wp-json\/wp\/v2\/product_tag?post=2970"}],"curies":[{"name":"wp","href":"https:\/\/api.w.org\/{rel}","templated":true}]}}