{"id":436,"date":"2021-03-03T16:37:21","date_gmt":"2021-03-03T08:37:21","guid":{"rendered":"https:\/\/med-disposable.com\/?post_type=product&#038;p=436"},"modified":"2023-06-21T18:09:28","modified_gmt":"2023-06-21T10:09:28","slug":"disposable-kids-face-mask-with-printing","status":"publish","type":"product","link":"https:\/\/med-disposable.com\/pt\/product\/disposable-kids-face-mask-with-printing\/","title":{"rendered":"M\u00e1scara facial descart\u00e1vel para crian\u00e7as com impress\u00e3o"},"content":{"rendered":"<h2><strong>Especifica\u00e7\u00f5es pormenorizadas<\/strong>:<\/h2>\n<table width=\"653\">\n<tbody>\n<tr>\n<td width=\"126\">Material<\/td>\n<td width=\"527\">Outer layer: printedspunlace, 45gr\/m\u00b2<br \/>\nMiddle layer: MB, 20-25gr\/m\u00b2<br \/>\nInner layer: soft PP, 20-25gr\/m\u00b2<\/td>\n<\/tr>\n<tr>\n<td width=\"126\">Tamanho<\/td>\n<td width=\"527\">14,5*9,5cm<\/td>\n<\/tr>\n<tr>\n<td width=\"126\">Estilo<\/td>\n<td width=\"527\">aro el\u00e1stico plano para a orelha<\/td>\n<\/tr>\n<tr>\n<td width=\"126\">Embalagem<\/td>\n<td width=\"527\">50 pcs\/caixa, 2000pcs\/ctn, pode ser como requisitos<\/td>\n<\/tr>\n<tr>\n<td width=\"126\">Conce\u00e7\u00e3o da embalagem<\/td>\n<td width=\"527\">A impress\u00e3o da caixa interior e da caixa de cart\u00e3o pode ser conforme os requisitos<\/td>\n<\/tr>\n<tr>\n<td width=\"126\">Tamanho da caixa<\/td>\n<td width=\"527\">52x38x30cm<\/td>\n<\/tr>\n<tr>\n<td width=\"126\">MOQ<\/td>\n<td width=\"527\">200000 PCS<\/td>\n<\/tr>\n<tr>\n<td width=\"126\">Amostra<\/td>\n<td width=\"527\">amostras gr\u00e1tis para verifica\u00e7\u00e3o no prazo de uma semana<\/td>\n<\/tr>\n<tr>\n<td width=\"126\">Prazo de pagamento<\/td>\n<td width=\"527\">T\/T,L\/C<\/td>\n<\/tr>\n<tr>\n<td width=\"126\">Prazo de entrega<\/td>\n<td width=\"527\">1*40HQ pode ser conclu\u00eddo em 5 dias<\/td>\n<\/tr>\n<tr>\n<td width=\"126\">Porto FOB<\/td>\n<td width=\"527\">Wuhan\/Shanghai\/Guangzhou\/Ningbo<\/td>\n<\/tr>\n<tr>\n<td>Aplica\u00e7\u00e3o<\/td>\n<td>\n<p data-spm-anchor-id=\"a2700.details.0.i30.525e543fcacZav\">Ideal for use in various settings, such as school, playgrounds, public transportation, and social gatherings, our Disposable Kids Face Mask provides superior protection while making a fun and playful statement.<\/p>\n<\/td>\n<\/tr>\n<\/tbody>\n<\/table>\n<p>&nbsp;<\/p>\n<p><img fetchpriority=\"high\" decoding=\"async\" class=\"aligncenter wp-image-8413 size-large\" src=\"https:\/\/med-disposable.com\/wp-content\/uploads\/2021\/03\/spunlace-face-mask-with-printing-16-1024x1024.jpg\" alt=\"\" width=\"800\" height=\"800\" srcset=\"https:\/\/med-disposable.com\/wp-content\/uploads\/2021\/03\/spunlace-face-mask-with-printing-16-1024x1024.jpg 1024w, https:\/\/med-disposable.com\/wp-content\/uploads\/2021\/03\/spunlace-face-mask-with-printing-16-300x300.jpg 300w, https:\/\/med-disposable.com\/wp-content\/uploads\/2021\/03\/spunlace-face-mask-with-printing-16-150x150.jpg 150w, https:\/\/med-disposable.com\/wp-content\/uploads\/2021\/03\/spunlace-face-mask-with-printing-16-768x768.jpg 768w, https:\/\/med-disposable.com\/wp-content\/uploads\/2021\/03\/spunlace-face-mask-with-printing-16-1536x1536.jpg 1536w, https:\/\/med-disposable.com\/wp-content\/uploads\/2021\/03\/spunlace-face-mask-with-printing-16-scaled.jpg 2048w, https:\/\/med-disposable.com\/wp-content\/uploads\/2021\/03\/spunlace-face-mask-with-printing-16-600x600.jpg 600w, https:\/\/med-disposable.com\/wp-content\/uploads\/2021\/03\/spunlace-face-mask-with-printing-16-100x100.jpg 100w\" sizes=\"(max-width: 800px) 100vw, 800px\" \/><\/p>\n<p>&nbsp;<\/p>\n<h2>Carater\u00edsticas:<\/h2>\n<ul>\n<li><strong>Cute &amp; Fun Prints:<\/strong>\u00a0Our Disposable Kids Face Mask comes with a variety of cute and colorful prints, making mask-wearing a fun and enjoyable experience for your children.<\/li>\n<li><strong>Spunlace Outer Layer:<\/strong>\u00a0The high-quality spunlace outer layer ensures a better printing effect compared to traditional PP nonwoven fabric, resulting in vibrant and detailed prints that stay intact even after extended use.<\/li>\n<\/ul>\n<p><img decoding=\"async\" class=\"aligncenter wp-image-8411 size-large\" src=\"https:\/\/med-disposable.com\/wp-content\/uploads\/2021\/03\/spunlace-face-mask-with-printing-9-1024x1024.jpg\" alt=\"\" width=\"800\" height=\"800\" srcset=\"https:\/\/med-disposable.com\/wp-content\/uploads\/2021\/03\/spunlace-face-mask-with-printing-9-1024x1024.jpg 1024w, https:\/\/med-disposable.com\/wp-content\/uploads\/2021\/03\/spunlace-face-mask-with-printing-9-300x300.jpg 300w, https:\/\/med-disposable.com\/wp-content\/uploads\/2021\/03\/spunlace-face-mask-with-printing-9-150x150.jpg 150w, https:\/\/med-disposable.com\/wp-content\/uploads\/2021\/03\/spunlace-face-mask-with-printing-9-768x768.jpg 768w, https:\/\/med-disposable.com\/wp-content\/uploads\/2021\/03\/spunlace-face-mask-with-printing-9-1536x1536.jpg 1536w, https:\/\/med-disposable.com\/wp-content\/uploads\/2021\/03\/spunlace-face-mask-with-printing-9-scaled.jpg 2048w, https:\/\/med-disposable.com\/wp-content\/uploads\/2021\/03\/spunlace-face-mask-with-printing-9-600x600.jpg 600w, https:\/\/med-disposable.com\/wp-content\/uploads\/2021\/03\/spunlace-face-mask-with-printing-9-100x100.jpg 100w\" sizes=\"(max-width: 800px) 100vw, 800px\" \/><\/p>\n<ul>\n<li><strong>Soft &amp; Comfortable Material:<\/strong>\u00a0The skin-friendly inner layer ensures maximum comfort for your child during extended wear, reducing the risk of skin irritation and discomfort.<\/li>\n<\/ul>\n<p><img decoding=\"async\" class=\"aligncenter wp-image-8410 size-large\" src=\"https:\/\/med-disposable.com\/wp-content\/uploads\/2021\/03\/spunlace-face-mask-with-printing-5-1024x1024.jpg\" alt=\"\" width=\"800\" height=\"800\" srcset=\"https:\/\/med-disposable.com\/wp-content\/uploads\/2021\/03\/spunlace-face-mask-with-printing-5-1024x1024.jpg 1024w, https:\/\/med-disposable.com\/wp-content\/uploads\/2021\/03\/spunlace-face-mask-with-printing-5-300x300.jpg 300w, https:\/\/med-disposable.com\/wp-content\/uploads\/2021\/03\/spunlace-face-mask-with-printing-5-150x150.jpg 150w, https:\/\/med-disposable.com\/wp-content\/uploads\/2021\/03\/spunlace-face-mask-with-printing-5-768x768.jpg 768w, https:\/\/med-disposable.com\/wp-content\/uploads\/2021\/03\/spunlace-face-mask-with-printing-5-1536x1536.jpg 1536w, https:\/\/med-disposable.com\/wp-content\/uploads\/2021\/03\/spunlace-face-mask-with-printing-5-scaled.jpg 2048w, https:\/\/med-disposable.com\/wp-content\/uploads\/2021\/03\/spunlace-face-mask-with-printing-5-600x600.jpg 600w, https:\/\/med-disposable.com\/wp-content\/uploads\/2021\/03\/spunlace-face-mask-with-printing-5-100x100.jpg 100w\" sizes=\"(max-width: 800px) 100vw, 800px\" \/><\/p>\n<ul>\n<li><strong>Ajuste seguro com presilhas el\u00e1sticas para as orelhas:<\/strong>\u00a0The elastic ear loops are designed to fit comfortably around your child&#8217;s ears, providing a secure and snug fit for various face shapes and sizes.<\/li>\n<li><strong>Arame ajust\u00e1vel para o nariz:<\/strong>\u00a0The integrated nose wire can be easily adjusted to fit the contours of your child&#8217;s face, ensuring a better seal and increased protection against potential contaminants.<\/li>\n<\/ul>\n<p><img loading=\"lazy\" decoding=\"async\" class=\"aligncenter wp-image-8412 size-large\" src=\"https:\/\/med-disposable.com\/wp-content\/uploads\/2021\/03\/spunlace-face-mask-with-printing-13-1024x1024.jpg\" alt=\"\" width=\"800\" height=\"800\" srcset=\"https:\/\/med-disposable.com\/wp-content\/uploads\/2021\/03\/spunlace-face-mask-with-printing-13-1024x1024.jpg 1024w, https:\/\/med-disposable.com\/wp-content\/uploads\/2021\/03\/spunlace-face-mask-with-printing-13-300x300.jpg 300w, https:\/\/med-disposable.com\/wp-content\/uploads\/2021\/03\/spunlace-face-mask-with-printing-13-150x150.jpg 150w, https:\/\/med-disposable.com\/wp-content\/uploads\/2021\/03\/spunlace-face-mask-with-printing-13-768x768.jpg 768w, https:\/\/med-disposable.com\/wp-content\/uploads\/2021\/03\/spunlace-face-mask-with-printing-13-1536x1536.jpg 1536w, https:\/\/med-disposable.com\/wp-content\/uploads\/2021\/03\/spunlace-face-mask-with-printing-13-scaled.jpg 2048w, https:\/\/med-disposable.com\/wp-content\/uploads\/2021\/03\/spunlace-face-mask-with-printing-13-600x600.jpg 600w, https:\/\/med-disposable.com\/wp-content\/uploads\/2021\/03\/spunlace-face-mask-with-printing-13-100x100.jpg 100w\" sizes=\"(max-width: 800px) 100vw, 800px\" \/><\/p>","protected":false},"excerpt":{"rendered":"<p>Introducing our delightful Disposable Kids Face Mask with Cute Printing, designed to provide superior protection and comfort for your little ones while adding a fun and playful touch. Featuring a high-quality spunlace outer layer, our masks offer an enhanced printing effect compared to traditional PP nonwoven fabric, resulting in vivid and adorable prints that your children will love.<\/p>","protected":false},"featured_media":8413,"template":"","meta":{"_seopress_robots_primary_cat":"none","_seopress_titles_title":"Kids Face Mask - Disposable Kids Face Mask With Printing","_seopress_titles_desc":"Manufacturer of Disposable Kids Face Mask With Printing. Eco-Friendly, soft, comfortable, breathable, hypoallergenic. Wide flat elastic ear loop, comfortable to wear the whole day.","_seopress_robots_index":""},"product_brand":[],"product_cat":[100],"product_tag":[60,59],"class_list":{"0":"post-436","1":"product","2":"type-product","3":"status-publish","4":"has-post-thumbnail","6":"product_cat-face-mask","7":"product_tag-face-mask","8":"product_tag-kids","10":"first","11":"instock","12":"shipping-taxable","13":"product-type-simple"},"_links":{"self":[{"href":"https:\/\/med-disposable.com\/pt\/wp-json\/wp\/v2\/product\/436","targetHints":{"allow":["GET"]}}],"collection":[{"href":"https:\/\/med-disposable.com\/pt\/wp-json\/wp\/v2\/product"}],"about":[{"href":"https:\/\/med-disposable.com\/pt\/wp-json\/wp\/v2\/types\/product"}],"version-history":[{"count":0,"href":"https:\/\/med-disposable.com\/pt\/wp-json\/wp\/v2\/product\/436\/revisions"}],"wp:featuredmedia":[{"embeddable":true,"href":"https:\/\/med-disposable.com\/pt\/wp-json\/wp\/v2\/media\/8413"}],"wp:attachment":[{"href":"https:\/\/med-disposable.com\/pt\/wp-json\/wp\/v2\/media?parent=436"}],"wp:term":[{"taxonomy":"product_brand","embeddable":true,"href":"https:\/\/med-disposable.com\/pt\/wp-json\/wp\/v2\/product_brand?post=436"},{"taxonomy":"product_cat","embeddable":true,"href":"https:\/\/med-disposable.com\/pt\/wp-json\/wp\/v2\/product_cat?post=436"},{"taxonomy":"product_tag","embeddable":true,"href":"https:\/\/med-disposable.com\/pt\/wp-json\/wp\/v2\/product_tag?post=436"}],"curies":[{"name":"wp","href":"https:\/\/api.w.org\/{rel}","templated":true}]}}