{"id":521,"date":"2021-03-04T18:04:40","date_gmt":"2021-03-04T10:04:40","guid":{"rendered":"https:\/\/med-disposable.com\/?post_type=product&#038;p=521"},"modified":"2023-07-20T15:01:10","modified_gmt":"2023-07-20T07:01:10","slug":"tampa-com-clipe-nao-tecido-descartavel","status":"publish","type":"product","link":"https:\/\/med-disposable.com\/pt\/product\/disposable-non-woven-clip-cap\/","title":{"rendered":"Tampa com clipe n\u00e3o tecido descart\u00e1vel"},"content":{"rendered":"<p><strong>Introdu\u00e7\u00e3o ao produto<\/strong><\/p>\n<p>Experimente o m\u00e1ximo controlo de higiene e conforto com a nossa touca de clipe n\u00e3o tecido descart\u00e1vel. Trata-se de uma solu\u00e7\u00e3o \u00f3ptima concebida para evitar a queda de cabelo numa variedade de ambientes onde a limpeza e o saneamento s\u00e3o fundamentais. Fabricada com material de polipropileno n\u00e3o tecido de alta qualidade, esta touca com clipe \u00e9 uma escolha popular tanto na ind\u00fastria m\u00e9dica como na ind\u00fastria alimentar.<\/p>\n<figure class=\"wp-block-embed wp-block-embed-youtube is-type-video is-provider-youtube epyt-figure\"><div class=\"wp-block-embed__wrapper\"><div  id=\"_ytid_16481\"  width=\"800\" height=\"450\"  data-origwidth=\"800\" data-origheight=\"450\" data-facadesrc=\"https:\/\/www.youtube.com\/embed\/I5QutomEvAE?enablejsapi=1&autoplay=0&cc_load_policy=0&cc_lang_pref=&iv_load_policy=1&loop=0&rel=1&fs=1&playsinline=0&autohide=2&theme=dark&color=red&controls=1&disablekb=0&\" class=\"__youtube_prefs__ epyt-facade no-lazyload\" data-epautoplay=\"1\" ><img decoding=\"async\" data-spai-excluded=\"true\" class=\"epyt-facade-poster skip-lazy\" loading=\"lazy\"  alt=\"Leitor do YouTube\"  src=\"https:\/\/i.ytimg.com\/vi\/I5QutomEvAE\/maxresdefault.jpg\"  \/><button class=\"epyt-facade-play\" aria-label=\"Jogar\"><svg data-no-lazy=\"1\" height=\"100%\" version=\"1.1\" viewbox=\"0 0 68 48\" width=\"100%\"><path class=\"ytp-large-play-button-bg\" d=\"M66.52,7.74c-0.78-2.93-2.49-5.41-5.42-6.19C55.79,.13,34,0,34,0S12.21,.13,6.9,1.55 C3.97,2.33,2.27,4.81,1.48,7.74C0.06,13.05,0,24,0,24s0.06,10.95,1.48,16.26c0.78,2.93,2.49,5.41,5.42,6.19 C12.21,47.87,34,48,34,48s21.79-0.13,27.1-1.55c2.93-0.78,4.64-3.26,5.42-6.19C67.94,34.95,68,24,68,24S67.94,13.05,66.52,7.74z\" fill=\"#f00\"><\/path><path d=\"M 45,24 27,14 27,34\" fill=\"#fff\"><\/path><\/svg><\/button><\/div><\/div><\/figure>\n<p><strong>Especifica\u00e7\u00f5es pormenorizadas:<\/strong><\/p>\n<table width=\"649\">\n<tbody>\n<tr style=\"font-style: inherit;font-weight: inherit\">\n<td style=\"font-style: inherit\" width=\"124\">\n<p data-spm-anchor-id=\"a2700.details.pronpeci14.i5.31381ed3TUBhmz\">Nome do produto<\/p>\n<\/td>\n<td width=\"525\">tampa com clipe n\u00e3o tecido descart\u00e1vel<\/td>\n<\/tr>\n<tr style=\"font-style: inherit;font-weight: inherit\">\n<td style=\"font-style: inherit\">Material<\/td>\n<td>Material n\u00e3o tecido PP, pp 10gsm-14gsm<\/td>\n<\/tr>\n<tr style=\"font-style: inherit;font-weight: inherit\">\n<td style=\"font-style: inherit\">Tamanho<\/td>\n<td>18\u2033, 19\u2033, 20\u2033, 21\u2033 ou personalizado<\/td>\n<\/tr>\n<tr style=\"font-style: inherit;font-weight: inherit\">\n<td style=\"font-style: inherit\">Carater\u00edstica<\/td>\n<td>Amigo do ambiente, preven\u00e7\u00e3o de poeiras, confort\u00e1vel, respir\u00e1vel<\/td>\n<\/tr>\n<tr style=\"font-style: inherit;font-weight: inherit\">\n<td style=\"font-style: inherit\">Cor<\/td>\n<td>Branco, azul, verde, vermelho, amarelo... ou personalizado<\/td>\n<\/tr>\n<tr>\n<td style=\"font-style: inherit\">Aplica\u00e7\u00e3o<\/td>\n<td>Medicina, ind\u00fastria alimentar, restaurantes, laborat\u00f3rios hospitalares, etc.<\/td>\n<\/tr>\n<tr>\n<td style=\"font-style: inherit\">Prazo de entrega<\/td>\n<td>Cerca de 7-10 dias, com base na quantidade da encomenda<\/td>\n<\/tr>\n<tr>\n<td style=\"font-style: inherit\">Estilo<\/td>\n<td>El\u00e1stico simples ou duplo<\/td>\n<\/tr>\n<tr>\n<td style=\"font-style: inherit\">Armazenamento<\/td>\n<td>Armazenado em armaz\u00e9m seco, com humidade inferior a 80%, ventilado e sem gases corrosivos<\/td>\n<\/tr>\n<tr>\n<td style=\"font-style: inherit\">Observa\u00e7\u00e3o<\/td>\n<td>O tamanho e a embalagem podem ser personalizados<\/td>\n<\/tr>\n<\/tbody>\n<\/table>\n<p><img fetchpriority=\"high\" decoding=\"async\" class=\"aligncenter wp-image-9228 size-large\" src=\"https:\/\/med-disposable.com\/wp-content\/uploads\/2021\/03\/40A8984-1024x1024.jpg\" alt=\"\" width=\"800\" height=\"800\" srcset=\"https:\/\/med-disposable.com\/wp-content\/uploads\/2021\/03\/40A8984-1024x1024.jpg 1024w, https:\/\/med-disposable.com\/wp-content\/uploads\/2021\/03\/40A8984-300x300.jpg 300w, https:\/\/med-disposable.com\/wp-content\/uploads\/2021\/03\/40A8984-150x150.jpg 150w, https:\/\/med-disposable.com\/wp-content\/uploads\/2021\/03\/40A8984-768x768.jpg 768w, https:\/\/med-disposable.com\/wp-content\/uploads\/2021\/03\/40A8984-1536x1536.jpg 1536w, https:\/\/med-disposable.com\/wp-content\/uploads\/2021\/03\/40A8984-scaled.jpg 2048w, https:\/\/med-disposable.com\/wp-content\/uploads\/2021\/03\/40A8984-600x600.jpg 600w, https:\/\/med-disposable.com\/wp-content\/uploads\/2021\/03\/40A8984-100x100.jpg 100w\" sizes=\"(max-width: 800px) 100vw, 800px\" \/><\/p>\n<p><strong>Carater\u00edsticas<\/strong><\/p>\n<p>A touca descart\u00e1vel de clipe em n\u00e3o-tecido foi concebida a pensar nas suas necessidades. A touca \u00e9 leve e respir\u00e1vel, garantindo o m\u00e1ximo conforto durante uma utiliza\u00e7\u00e3o prolongada. Foi concebida para se adaptar a qualquer penteado de forma segura e est\u00e1 equipada com uma banda el\u00e1stica flex\u00edvel e resistente para garantir um ajuste perfeito a todos os tamanhos de cabe\u00e7a.<\/p>\n<p>Al\u00e9m disso, acreditamos em fornecer-lhe op\u00e7\u00f5es que satisfa\u00e7am as suas prefer\u00eancias individuais ou as necessidades de codifica\u00e7\u00e3o de cores da sua empresa. Assim, a nossa tampa com clip est\u00e1 dispon\u00edvel numa vasta gama de cores.<\/p>\n<p><img decoding=\"async\" class=\"aligncenter wp-image-6652 size-full\" src=\"https:\/\/med-disposable.com\/wp-content\/uploads\/2023\/05\/features-of-clip-cap.jpg\" alt=\"\" width=\"800\" height=\"658\" srcset=\"https:\/\/med-disposable.com\/wp-content\/uploads\/2023\/05\/features-of-clip-cap.jpg 800w, https:\/\/med-disposable.com\/wp-content\/uploads\/2023\/05\/features-of-clip-cap-300x247.jpg 300w, https:\/\/med-disposable.com\/wp-content\/uploads\/2023\/05\/features-of-clip-cap-768x632.jpg 768w, https:\/\/med-disposable.com\/wp-content\/uploads\/2023\/05\/features-of-clip-cap-600x494.jpg 600w\" sizes=\"(max-width: 800px) 100vw, 800px\" \/><\/p>\n<p><strong>Vantagens<\/strong><\/p>\n<p>Quando escolhe a nossa Tampa Clip descart\u00e1vel em n\u00e3o-tecido, pode beneficiar de:<\/p>\n<ol>\n<li><strong>Prote\u00e7\u00e3o superior<\/strong>: A touca impede que o cabelo e o suor contaminem o ambiente de trabalho, contribuindo para um espa\u00e7o de trabalho mais higi\u00e9nico e limpo.<\/li>\n<li><strong>Ajuste confort\u00e1vel<\/strong>: O seu material leve e respir\u00e1vel e a banda el\u00e1stica garantem um ajuste confort\u00e1vel e apertado para uma utiliza\u00e7\u00e3o prolongada.<\/li>\n<li><strong>Tamanho universal<\/strong>: Gra\u00e7as \u00e0 sua banda el\u00e1stica, o bon\u00e9 adapta-se a qualquer tamanho de cabe\u00e7a e estilo de cabelo.<\/li>\n<li><strong>Variedade de cores<\/strong>: Dispon\u00edvel em v\u00e1rias cores, pode ajudar a codificar por cores as fun\u00e7\u00f5es no local de trabalho ou simplesmente satisfazer a sua prefer\u00eancia est\u00e9tica.<\/li>\n<\/ol>\n<p>&nbsp;<\/p>\n<p><strong>Utiliza\u00e7\u00f5es<\/strong><\/p>\n<p>A nossa touca n\u00e3o tecida descart\u00e1vel \u00e9 um equipamento de prote\u00e7\u00e3o vers\u00e1til amplamente utilizado no sector da sa\u00fade, na ind\u00fastria alimentar e de bebidas, em empresas farmac\u00eauticas, em laborat\u00f3rios e noutros locais onde \u00e9 necess\u00e1rio manter normas de higiene rigorosas. \u00c9 uma excelente solu\u00e7\u00e3o para manter o cabelo afastado do rosto e evitar a contamina\u00e7\u00e3o de qualquer ambiente esterilizado.<\/p>\n<p><img decoding=\"async\" class=\"aligncenter wp-image-5677 size-full\" src=\"https:\/\/med-disposable.com\/wp-content\/uploads\/2021\/03\/BOUFFANT-CAP-USAGE.jpg\" alt=\"\" width=\"800\" height=\"918\" srcset=\"https:\/\/med-disposable.com\/wp-content\/uploads\/2021\/03\/BOUFFANT-CAP-USAGE.jpg 800w, https:\/\/med-disposable.com\/wp-content\/uploads\/2021\/03\/BOUFFANT-CAP-USAGE-261x300.jpg 261w, https:\/\/med-disposable.com\/wp-content\/uploads\/2021\/03\/BOUFFANT-CAP-USAGE-768x881.jpg 768w, https:\/\/med-disposable.com\/wp-content\/uploads\/2021\/03\/BOUFFANT-CAP-USAGE-600x689.jpg 600w\" sizes=\"(max-width: 800px) 100vw, 800px\" \/><\/p>\n<p><strong>FAQ\uff1a<\/strong><\/p>\n<ol>\n<li><strong>Quais s\u00e3o os prazos de entrega para as encomendas de grandes quantidades de Tamp\u00e3o n\u00e3o tecido descart\u00e1vel?<\/strong>\n<p>Os prazos de entrega das encomendas de grandes dimens\u00f5es dependem de v\u00e1rios factores, incluindo o volume da encomenda e o destino. Esfor\u00e7amo-nos por assegurar um processo de entrega r\u00e1pido e sem problemas para todos os nossos clientes. Para saber os prazos de entrega espec\u00edficos relacionados com a sua encomenda, contacte-nos diretamente.<\/li>\n<li><strong>Existem descontos para encomendas a granel para a Tampa n\u00e3o tecida descart\u00e1vel com clipe?<\/strong>\n<p>Valorizamos muito os nossos clientes que nos confiam as suas grandes encomendas. Oferecemos descontos para encomendas em massa, mas estes podem variar consoante a dimens\u00e3o da encomenda. Para mais informa\u00e7\u00f5es e para discutir poss\u00edveis descontos para a sua encomenda, contacte-nos.<\/li>\n<li><strong>Existe a possibilidade de personalizar a Tampa n\u00e3o tecida descart\u00e1vel com clip?<\/strong>\n<p>Embora a nossa Tampa Clip descart\u00e1vel em n\u00e3o-tecido padr\u00e3o seja fornecida sem op\u00e7\u00f5es de personaliza\u00e7\u00e3o, reconhecemos a import\u00e2ncia da marca personalizada ou dos requisitos de design exclusivos. Dependendo da dimens\u00e3o do seu pedido, poderemos facilitar a personaliza\u00e7\u00e3o. Por favor, fale connosco sobre as suas necessidades espec\u00edficas.<\/li>\n<li><strong>\u00c9 poss\u00edvel obter amostras antes de efetuar uma encomenda de grande dimens\u00e3o?<\/strong>\n<p>Compreendemos a import\u00e2ncia da avalia\u00e7\u00e3o do produto antes de efetuar um grande investimento. Por isso, fornecemos amostras de produtos aos nossos clientes. Para saber mais sobre a obten\u00e7\u00e3o de amostras, contacte-nos diretamente.<\/li>\n<li><strong>Estas tampas de fixa\u00e7\u00e3o podem ser reutilizadas?<\/strong>\n<p>A tampa de encaixe n\u00e3o tecida descart\u00e1vel destina-se a ser utilizada uma \u00fanica vez para manter os mais elevados padr\u00f5es de higiene. Desaconselhamos vivamente a reutiliza\u00e7\u00e3o do produto, uma vez que pode comprometer as suas carater\u00edsticas de prote\u00e7\u00e3o. Para uma seguran\u00e7a cont\u00ednua e a melhor experi\u00eancia de utiliza\u00e7\u00e3o, deve ser utilizada sempre uma nova tampa.<\/li>\n<\/ol>","protected":false},"excerpt":{"rendered":"<p>Material pp n\u00e3o t\u00f3xico<\/p>\n<p>Cores diferentes dispon\u00edveis<\/p>\n<p>Um bom el\u00e1stico permite um bom ajuste do bon\u00e9 \u00e0 cabe\u00e7a<\/p>","protected":false},"featured_media":3600,"template":"","meta":{"_seopress_robots_primary_cat":"none","_seopress_titles_title":"Disposable Non Woven Clip Cap - Non toxic pp material","_seopress_titles_desc":"Disposable Non Woven Clip Cap can prevent hairs falling, suit for any hair style, and mainly used for disposable medical and food service line.","_seopress_robots_index":""},"product_brand":[],"product_cat":[46],"product_tag":[67,57],"class_list":{"0":"post-521","1":"product","2":"type-product","3":"status-publish","4":"has-post-thumbnail","6":"product_cat-caps","7":"product_tag-cap","8":"product_tag-non-woven","10":"first","11":"instock","12":"shipping-taxable","13":"product-type-simple"},"_links":{"self":[{"href":"https:\/\/med-disposable.com\/pt\/wp-json\/wp\/v2\/product\/521","targetHints":{"allow":["GET"]}}],"collection":[{"href":"https:\/\/med-disposable.com\/pt\/wp-json\/wp\/v2\/product"}],"about":[{"href":"https:\/\/med-disposable.com\/pt\/wp-json\/wp\/v2\/types\/product"}],"version-history":[{"count":0,"href":"https:\/\/med-disposable.com\/pt\/wp-json\/wp\/v2\/product\/521\/revisions"}],"wp:featuredmedia":[{"embeddable":true,"href":"https:\/\/med-disposable.com\/pt\/wp-json\/wp\/v2\/media\/3600"}],"wp:attachment":[{"href":"https:\/\/med-disposable.com\/pt\/wp-json\/wp\/v2\/media?parent=521"}],"wp:term":[{"taxonomy":"product_brand","embeddable":true,"href":"https:\/\/med-disposable.com\/pt\/wp-json\/wp\/v2\/product_brand?post=521"},{"taxonomy":"product_cat","embeddable":true,"href":"https:\/\/med-disposable.com\/pt\/wp-json\/wp\/v2\/product_cat?post=521"},{"taxonomy":"product_tag","embeddable":true,"href":"https:\/\/med-disposable.com\/pt\/wp-json\/wp\/v2\/product_tag?post=521"}],"curies":[{"name":"wp","href":"https:\/\/api.w.org\/{rel}","templated":true}]}}