{"id":6128,"date":"2023-04-27T14:58:36","date_gmt":"2023-04-27T06:58:36","guid":{"rendered":"https:\/\/med-disposable.com\/?post_type=product&#038;p=6128"},"modified":"2023-04-28T12:12:51","modified_gmt":"2023-04-28T04:12:51","slug":"touca-medica-descartavel-fabricada-a-maquina","status":"publish","type":"product","link":"https:\/\/med-disposable.com\/pt\/product\/machine-made-disposable-doctor-cap\/","title":{"rendered":"Touca m\u00e9dica descart\u00e1vel fabricada \u00e0 m\u00e1quina"},"content":{"rendered":"<p>A nossa touca m\u00e9dica descart\u00e1vel fabricada \u00e0 m\u00e1quina \u00e9 feita de tecido n\u00e3o tecido PP ou SMS de alta qualidade, garantindo uma experi\u00eancia suave, respir\u00e1vel e amiga da pele para o utilizador. A touca foi concebida para se ajustar confortavelmente \u00e0 volta da cabe\u00e7a, proporcionando um ajuste seguro e confort\u00e1vel. A banda longa garante que a touca se mant\u00e9m no s\u00edtio durante os procedimentos cir\u00fargicos.<\/p>\n<p><img fetchpriority=\"high\" decoding=\"async\" class=\"alignnone size-medium wp-image-6144\" src=\"https:\/\/med-disposable.com\/wp-content\/uploads\/2023\/04\/40A9128-300x300.jpg\" alt=\"\" width=\"300\" height=\"300\" srcset=\"https:\/\/med-disposable.com\/wp-content\/uploads\/2023\/04\/40A9128-300x300.jpg 300w, https:\/\/med-disposable.com\/wp-content\/uploads\/2023\/04\/40A9128-1024x1024.jpg 1024w, https:\/\/med-disposable.com\/wp-content\/uploads\/2023\/04\/40A9128-150x150.jpg 150w, https:\/\/med-disposable.com\/wp-content\/uploads\/2023\/04\/40A9128-768x768.jpg 768w, https:\/\/med-disposable.com\/wp-content\/uploads\/2023\/04\/40A9128-600x600.jpg 600w, https:\/\/med-disposable.com\/wp-content\/uploads\/2023\/04\/40A9128-100x100.jpg 100w, https:\/\/med-disposable.com\/wp-content\/uploads\/2023\/04\/40A9128.jpg 1050w\" sizes=\"(max-width: 300px) 100vw, 300px\" \/> <img decoding=\"async\" class=\"alignnone size-medium wp-image-6134\" src=\"https:\/\/med-disposable.com\/wp-content\/uploads\/2023\/04\/40A9107-300x300.jpg\" alt=\"\" width=\"300\" height=\"300\" srcset=\"https:\/\/med-disposable.com\/wp-content\/uploads\/2023\/04\/40A9107-300x300.jpg 300w, https:\/\/med-disposable.com\/wp-content\/uploads\/2023\/04\/40A9107-1024x1024.jpg 1024w, https:\/\/med-disposable.com\/wp-content\/uploads\/2023\/04\/40A9107-150x150.jpg 150w, https:\/\/med-disposable.com\/wp-content\/uploads\/2023\/04\/40A9107-768x768.jpg 768w, https:\/\/med-disposable.com\/wp-content\/uploads\/2023\/04\/40A9107-600x600.jpg 600w, https:\/\/med-disposable.com\/wp-content\/uploads\/2023\/04\/40A9107-100x100.jpg 100w, https:\/\/med-disposable.com\/wp-content\/uploads\/2023\/04\/40A9107.jpg 1050w\" sizes=\"(max-width: 300px) 100vw, 300px\" \/><\/p>\n<p><strong>Detalhes do produto:<\/strong><\/p>\n<table class=\"table\">\n<tbody>\n<tr>\n<td>Material<\/td>\n<td>PP ou SMS n\u00e3o tecido<\/p>\n<p>PP \u00e9 um tecido de polipropileno que \u00e9 respir\u00e1vel, \u00e0 prova de p\u00f3 e dur\u00e1vel;<\/p>\n<p>O SMS \u00e9 um tecido fiado, fundido, soprado e fiado que oferece uma elevada resist\u00eancia \u00e0 tra\u00e7\u00e3o.<\/td>\n<\/tr>\n<tr>\n<td>Cor<\/td>\n<td>Cor azul, tamb\u00e9m pode ser como pedido<\/td>\n<\/tr>\n<tr>\n<td>Peso em gramas<\/td>\n<td>20~40gsm<\/td>\n<\/tr>\n<tr>\n<td>Conce\u00e7\u00e3o<\/td>\n<td>Com atilhos na parte de tr\u00e1s, feitos \u00e0 m\u00e1quina ou \u00e0 m\u00e3o, a pedido<\/td>\n<\/tr>\n<tr>\n<td>Tamanho<\/td>\n<td>62x12cm, 64*14cm, ou de acordo com o seu pedido<\/td>\n<\/tr>\n<tr>\n<td>Embalagem<\/td>\n<td>N\u00e3o est\u00e9ril: 10pcs\/saco, 1000pcs\/caixa<\/p>\n<p>Tamb\u00e9m pode ser com design de embalagem OEM<\/td>\n<\/tr>\n<tr>\n<td>Carater\u00edstica<\/td>\n<td>Suave, respir\u00e1vel e \u00e0 prova de l\u00edquidos. Com atilhos na parte de tr\u00e1s que cobrem facilmente todos os tamanhos de cabe\u00e7a e estilos de cabelo.<\/td>\n<\/tr>\n<tr>\n<td>Certificado<\/td>\n<td>Aprova\u00e7\u00e3o ISO13485, CE, FDA<\/td>\n<\/tr>\n<\/tbody>\n<\/table>\n<p><img decoding=\"async\" class=\"aligncenter wp-image-6132 size-large\" src=\"https:\/\/med-disposable.com\/wp-content\/uploads\/2023\/04\/40A9102-1024x1024.jpg\" alt=\"\" width=\"800\" height=\"800\" srcset=\"https:\/\/med-disposable.com\/wp-content\/uploads\/2023\/04\/40A9102-1024x1024.jpg 1024w, https:\/\/med-disposable.com\/wp-content\/uploads\/2023\/04\/40A9102-300x300.jpg 300w, https:\/\/med-disposable.com\/wp-content\/uploads\/2023\/04\/40A9102-150x150.jpg 150w, https:\/\/med-disposable.com\/wp-content\/uploads\/2023\/04\/40A9102-768x768.jpg 768w, https:\/\/med-disposable.com\/wp-content\/uploads\/2023\/04\/40A9102-600x600.jpg 600w, https:\/\/med-disposable.com\/wp-content\/uploads\/2023\/04\/40A9102-100x100.jpg 100w, https:\/\/med-disposable.com\/wp-content\/uploads\/2023\/04\/40A9102.jpg 1050w\" sizes=\"(max-width: 800px) 100vw, 800px\" \/> <img loading=\"lazy\" decoding=\"async\" class=\"aligncenter wp-image-6141 size-large\" src=\"https:\/\/med-disposable.com\/wp-content\/uploads\/2023\/04\/40A9119-1024x1024.jpg\" alt=\"\" width=\"800\" height=\"800\" srcset=\"https:\/\/med-disposable.com\/wp-content\/uploads\/2023\/04\/40A9119-1024x1024.jpg 1024w, https:\/\/med-disposable.com\/wp-content\/uploads\/2023\/04\/40A9119-300x300.jpg 300w, https:\/\/med-disposable.com\/wp-content\/uploads\/2023\/04\/40A9119-150x150.jpg 150w, https:\/\/med-disposable.com\/wp-content\/uploads\/2023\/04\/40A9119-768x768.jpg 768w, https:\/\/med-disposable.com\/wp-content\/uploads\/2023\/04\/40A9119-600x600.jpg 600w, https:\/\/med-disposable.com\/wp-content\/uploads\/2023\/04\/40A9119-100x100.jpg 100w, https:\/\/med-disposable.com\/wp-content\/uploads\/2023\/04\/40A9119.jpg 1050w\" sizes=\"(max-width: 800px) 100vw, 800px\" \/><\/p>\n<p><strong>Carater\u00edsticas da touca m\u00e9dica descart\u00e1vel fabricada \u00e0 m\u00e1quina:<\/strong><\/p>\n<p><strong>1. higi\u00e9nico e sanit\u00e1rio:<\/strong> A nossa touca m\u00e9dica descart\u00e1vel fabricada \u00e0 m\u00e1quina foi concebida para fornecer uma solu\u00e7\u00e3o higi\u00e9nica e sanit\u00e1ria aos profissionais de sa\u00fade. Elimina o risco de contamina\u00e7\u00e3o cruzada e assegura o mais elevado n\u00edvel de limpeza.<\/p>\n<p><strong>2. confort\u00e1vel e respir\u00e1vel:<\/strong> O tecido macio e respir\u00e1vel da nossa touca cir\u00fargica descart\u00e1vel fabricada \u00e0 m\u00e1quina garante o m\u00e1ximo conforto e comodidade aos profissionais de sa\u00fade. A touca foi concebida para se ajustar confortavelmente \u00e0 volta da cabe\u00e7a, proporcionando um ajuste seguro e confort\u00e1vel.<\/p>\n<p><strong>3. custo-benef\u00edcio:<\/strong> A nossa touca m\u00e9dica descart\u00e1vel fabricada \u00e0 m\u00e1quina \u00e9 uma alternativa econ\u00f3mica \u00e0s toucas cir\u00fargicas tradicionais. Elimina a necessidade de lavandaria e reduz os custos de m\u00e3o de obra. E as toucas descart\u00e1veis feitas \u00e0 m\u00e1quina podem poupar mais custos de m\u00e3o de obra, tornando-as mais rent\u00e1veis do que as feitas \u00e0 m\u00e3o.<\/p>\n<p><strong>4. feito \u00e0 m\u00e1quina para obter consist\u00eancia:<\/strong> A nossa touca m\u00e9dica descart\u00e1vel feita \u00e0 m\u00e1quina \u00e9 fabricada com maquinaria avan\u00e7ada para garantir um dimensionamento consistente e um controlo de qualidade.<\/p>\n<p>&nbsp;<\/p>\n<p><strong>Objetivo da conce\u00e7\u00e3o:<\/strong><\/p>\n<p>A nossa touca m\u00e9dica descart\u00e1vel fabricada \u00e0 m\u00e1quina foi concebida para proporcionar uma solu\u00e7\u00e3o higi\u00e9nica e confort\u00e1vel para os profissionais m\u00e9dicos durante os procedimentos cir\u00fargicos. A touca foi concebida para evitar a liberta\u00e7\u00e3o de bact\u00e9rias e outros contaminantes do couro cabeludo ou do cabelo. Tamb\u00e9m evita que o cabelo caia no local da cirurgia, reduzindo o risco de infe\u00e7\u00e3o. O nosso objetivo \u00e9 fornecer um produto que satisfa\u00e7a os mais elevados padr\u00f5es de higiene e conforto, ao mesmo tempo que \u00e9 rent\u00e1vel para as instala\u00e7\u00f5es m\u00e9dicas. Com atilhos na parte de tr\u00e1s, os utilizadores podem utilizar os atilhos para ajustar o encaixe e fazer com que a touca se adapte bem \u00e0 forma da cabe\u00e7a e evite desloca\u00e7\u00f5es.<\/p>\n<p><img loading=\"lazy\" decoding=\"async\" class=\"aligncenter wp-image-6153 size-large\" src=\"https:\/\/med-disposable.com\/wp-content\/uploads\/2023\/04\/40A9107-1-1024x1024.jpg\" alt=\"\" width=\"800\" height=\"800\" srcset=\"https:\/\/med-disposable.com\/wp-content\/uploads\/2023\/04\/40A9107-1-1024x1024.jpg 1024w, https:\/\/med-disposable.com\/wp-content\/uploads\/2023\/04\/40A9107-1-300x300.jpg 300w, https:\/\/med-disposable.com\/wp-content\/uploads\/2023\/04\/40A9107-1-150x150.jpg 150w, https:\/\/med-disposable.com\/wp-content\/uploads\/2023\/04\/40A9107-1-768x768.jpg 768w, https:\/\/med-disposable.com\/wp-content\/uploads\/2023\/04\/40A9107-1-600x600.jpg 600w, https:\/\/med-disposable.com\/wp-content\/uploads\/2023\/04\/40A9107-1-100x100.jpg 100w, https:\/\/med-disposable.com\/wp-content\/uploads\/2023\/04\/40A9107-1.jpg 1050w\" sizes=\"(max-width: 800px) 100vw, 800px\" \/><\/p>\n<p><strong>Aplica\u00e7\u00f5es:<\/strong><\/p>\n<p>A nossa touca m\u00e9dica descart\u00e1vel fabricada \u00e0 m\u00e1quina \u00e9 adequada para utiliza\u00e7\u00e3o numa vasta gama de ambientes m\u00e9dicos, incluindo hospitais, cl\u00ednicas, centros de sa\u00fade e outras instala\u00e7\u00f5es m\u00e9dicas. \u00c9 um artigo essencial para m\u00e9dicos e profissionais de sa\u00fade que necessitam de um elevado n\u00edvel de higiene e prote\u00e7\u00e3o durante os procedimentos cir\u00fargicos.<\/p>\n<p>&nbsp;<\/p>\n<p><strong>PERGUNTAS E RESPOSTAS:<\/strong><\/p>\n<p><strong>1. que materiais s\u00e3o utilizados para fabricar as vossas toucas m\u00e9dicas descart\u00e1veis feitas \u00e0 m\u00e1quina?<\/strong><br \/>\nAs nossas toucas m\u00e9dicas descart\u00e1veis fabricadas \u00e0 m\u00e1quina s\u00e3o feitas de tecido n\u00e3o tecido de alta qualidade ou de material SMS que \u00e9 macio, respir\u00e1vel e amigo da pele. Este material garante o m\u00e1ximo conforto e prote\u00e7\u00e3o para os profissionais de sa\u00fade durante os procedimentos cir\u00fargicos. O tecido n\u00e3o tecido \u00e9 fabricado a partir de fibras de polipropileno que s\u00e3o unidas atrav\u00e9s de calor e press\u00e3o. Isto cria um material dur\u00e1vel que \u00e9 resistente a rasg\u00f5es e perfura\u00e7\u00f5es, tornando-o uma escolha ideal para toucas cir\u00fargicas.<\/p>\n<p>&nbsp;<\/p>\n<p><strong>2) Como \u00e9 que as vossas toucas m\u00e9dicas descart\u00e1veis fabricadas \u00e0 m\u00e1quina evitam a contamina\u00e7\u00e3o cruzada?<\/strong><br \/>\nAs nossas toucas m\u00e9dicas descart\u00e1veis fabricadas \u00e0 m\u00e1quina foram concebidas para evitar que as bact\u00e9rias e outros contaminantes do couro cabeludo ou do cabelo entrem no local da cirurgia. Isto garante um ambiente higi\u00e9nico e seguro tanto para os profissionais de sa\u00fade como para os doentes. As toucas t\u00eam uma banda el\u00e1stica que proporciona um ajuste seguro e confort\u00e1vel \u00e0 volta da cabe\u00e7a, evitando que quaisquer cabelos soltos caiam no local da cirurgia. Al\u00e9m disso, as nossas toucas s\u00e3o fabricadas em tecido n\u00e3o tecido de PP ou SMS resistente \u00e0 penetra\u00e7\u00e3o de fluidos, impedindo que quaisquer fluidos contaminados se infiltrem e contaminem o local da cirurgia.<\/p>\n<p>&nbsp;<\/p>\n<p><strong>3. as vossas toucas m\u00e9dicas descart\u00e1veis fabricadas \u00e0 m\u00e1quina podem ser utilizadas em v\u00e1rios contextos m\u00e9dicos?<\/strong><br \/>\nSim, as nossas toucas m\u00e9dicas descart\u00e1veis fabricadas \u00e0 m\u00e1quina s\u00e3o adequadas para utiliza\u00e7\u00e3o em v\u00e1rios contextos m\u00e9dicos, incluindo hospitais, cl\u00ednicas e outras instala\u00e7\u00f5es m\u00e9dicas. S\u00e3o ideais para procedimentos cir\u00fargicos que exigem um elevado n\u00edvel de higiene e prote\u00e7\u00e3o. Al\u00e9m disso, as nossas toucas foram concebidas para serem leves, confort\u00e1veis e f\u00e1ceis de usar, o que as torna adequadas para utiliza\u00e7\u00e3o em procedimentos cir\u00fargicos prolongados.<\/p>\n<p>&nbsp;<\/p>\n<p><strong>4. a vossa m\u00e1quina de fabrico de toucas m\u00e9dicas descart\u00e1veis \u00e9 rent\u00e1vel?<\/strong><br \/>\nSim, as nossas toucas m\u00e9dicas descart\u00e1veis fabricadas \u00e0 m\u00e1quina s\u00e3o uma alternativa econ\u00f3mica \u00e0s toucas cir\u00fargicas tradicionais. Eliminam a necessidade de lavandaria e reduzem os custos de m\u00e3o de obra, tornando-as uma op\u00e7\u00e3o econ\u00f3mica para instala\u00e7\u00f5es m\u00e9dicas de todas as dimens\u00f5es. Al\u00e9m disso, as nossas toucas est\u00e3o dispon\u00edveis para compra a granel, o que permite uma poupan\u00e7a de custos ainda maior para instala\u00e7\u00f5es m\u00e9dicas de maior dimens\u00e3o.<\/p>\n<p>&nbsp;<\/p>\n<p><strong>5) Como posso comprar a granel as vossas toucas m\u00e9dicas descart\u00e1veis fabricadas \u00e0 m\u00e1quina?<\/strong><br \/>\nOferecemos op\u00e7\u00f5es de compra a granel para as nossas toucas m\u00e9dicas descart\u00e1veis fabricadas \u00e0 m\u00e1quina. O nosso pre\u00e7o a granel \u00e9 competitivo e permite poupan\u00e7as significativas para encomendas maiores. Tamb\u00e9m oferecemos op\u00e7\u00f5es de personaliza\u00e7\u00e3o para as nossas toucas, como a possibilidade de acrescentar log\u00f3tipos ou marcas. Para obter informa\u00e7\u00f5es sobre pre\u00e7os a granel e op\u00e7\u00f5es de personaliza\u00e7\u00e3o, contacte-nos.<\/p>\n<p>&nbsp;<\/p>\n<p><strong>6) Como \u00e9 que as vossas toucas m\u00e9dicas descart\u00e1veis fabricadas \u00e0 m\u00e1quina se comparam \u00e0s toucas cir\u00fargicas tradicionais?<\/strong><br \/>\nAs nossas toucas m\u00e9dicas descart\u00e1veis fabricadas \u00e0 m\u00e1quina oferecem v\u00e1rias vantagens em rela\u00e7\u00e3o \u00e0s toucas cir\u00fargicas tradicionais. Em primeiro lugar, as nossas toucas s\u00e3o feitas de tecido n\u00e3o tecido que \u00e9 macio, respir\u00e1vel e amigo da pele, proporcionando o m\u00e1ximo conforto e prote\u00e7\u00e3o aos profissionais de sa\u00fade durante os procedimentos cir\u00fargicos. Em segundo lugar, as nossas toucas s\u00e3o concebidas para evitar a contamina\u00e7\u00e3o cruzada, reduzindo o risco de infe\u00e7\u00e3o tanto para os profissionais m\u00e9dicos como para os doentes. Em terceiro lugar, as nossas toucas s\u00e3o econ\u00f3micas e eliminam a necessidade de lavandaria, reduzindo os custos de m\u00e3o de obra para as instala\u00e7\u00f5es m\u00e9dicas. Por \u00faltimo, as nossas toucas est\u00e3o dispon\u00edveis para compra a granel, o que permite uma poupan\u00e7a de custos ainda maior para instala\u00e7\u00f5es m\u00e9dicas de maiores dimens\u00f5es.<\/p>\n<p><img loading=\"lazy\" decoding=\"async\" class=\"aligncenter wp-image-6154 size-large\" src=\"https:\/\/med-disposable.com\/wp-content\/uploads\/2023\/04\/40A9151-1024x1024.jpg\" alt=\"\" width=\"800\" height=\"800\" srcset=\"https:\/\/med-disposable.com\/wp-content\/uploads\/2023\/04\/40A9151-1024x1024.jpg 1024w, https:\/\/med-disposable.com\/wp-content\/uploads\/2023\/04\/40A9151-300x300.jpg 300w, https:\/\/med-disposable.com\/wp-content\/uploads\/2023\/04\/40A9151-150x150.jpg 150w, https:\/\/med-disposable.com\/wp-content\/uploads\/2023\/04\/40A9151-768x768.jpg 768w, https:\/\/med-disposable.com\/wp-content\/uploads\/2023\/04\/40A9151-600x600.jpg 600w, https:\/\/med-disposable.com\/wp-content\/uploads\/2023\/04\/40A9151-100x100.jpg 100w, https:\/\/med-disposable.com\/wp-content\/uploads\/2023\/04\/40A9151.jpg 1050w\" sizes=\"(max-width: 800px) 100vw, 800px\" \/><\/p>","protected":false},"excerpt":{"rendered":"<p>Estilo: Fabricado \u00e0 m\u00e1quina, com linhas pr\u00e9-cortadas.<\/p>\n<p>Com atilhos na parte de tr\u00e1s da cabe\u00e7a.<\/p>\n<p>Fabricado em material PP ou SMS.<\/p>\n<p>A cor pode ser personalizada.<\/p>","protected":false},"featured_media":6149,"template":"","meta":{"_seopress_robots_primary_cat":"none","_seopress_titles_title":"Machine-Made Disposable Doctor Cap:Soft, Breathable, High-Quality Protection\n\n&quot;Machine-Made Disposable Doctor Cap: Soft, Breathable Skin-Friendly Protection","_seopress_titles_desc":"Try our machine-made disposable doctor cap to experience hygienic, secure and comfortable fit for your medical procedures. Made of high-quality PP or SMS non-woven fabric, our cap ensures breathable, dustproof and durable fit. Available in blue or custom color, with OEM packing design.","_seopress_robots_index":""},"product_brand":[],"product_cat":[46],"product_tag":[280,281,279],"class_list":{"0":"post-6128","1":"product","2":"type-product","3":"status-publish","4":"has-post-thumbnail","6":"product_cat-caps","7":"product_tag-disposable-cap","8":"product_tag-disposable-surgical-cap","9":"product_tag-doctor-cap","11":"first","12":"instock","13":"shipping-taxable","14":"product-type-simple"},"_links":{"self":[{"href":"https:\/\/med-disposable.com\/pt\/wp-json\/wp\/v2\/product\/6128","targetHints":{"allow":["GET"]}}],"collection":[{"href":"https:\/\/med-disposable.com\/pt\/wp-json\/wp\/v2\/product"}],"about":[{"href":"https:\/\/med-disposable.com\/pt\/wp-json\/wp\/v2\/types\/product"}],"version-history":[{"count":0,"href":"https:\/\/med-disposable.com\/pt\/wp-json\/wp\/v2\/product\/6128\/revisions"}],"wp:featuredmedia":[{"embeddable":true,"href":"https:\/\/med-disposable.com\/pt\/wp-json\/wp\/v2\/media\/6149"}],"wp:attachment":[{"href":"https:\/\/med-disposable.com\/pt\/wp-json\/wp\/v2\/media?parent=6128"}],"wp:term":[{"taxonomy":"product_brand","embeddable":true,"href":"https:\/\/med-disposable.com\/pt\/wp-json\/wp\/v2\/product_brand?post=6128"},{"taxonomy":"product_cat","embeddable":true,"href":"https:\/\/med-disposable.com\/pt\/wp-json\/wp\/v2\/product_cat?post=6128"},{"taxonomy":"product_tag","embeddable":true,"href":"https:\/\/med-disposable.com\/pt\/wp-json\/wp\/v2\/product_tag?post=6128"}],"curies":[{"name":"wp","href":"https:\/\/api.w.org\/{rel}","templated":true}]}}