{"id":625,"date":"2021-03-05T16:20:05","date_gmt":"2021-03-05T08:20:05","guid":{"rendered":"https:\/\/med-disposable.com\/?post_type=product&#038;p=625"},"modified":"2023-07-03T11:58:40","modified_gmt":"2023-07-03T03:58:40","slug":"macacao-de-protecao-medica-descartavel","status":"publish","type":"product","link":"https:\/\/med-disposable.com\/pt\/product\/disposable-medical-protective-coverall\/","title":{"rendered":"Fato de prote\u00e7\u00e3o m\u00e9dica descart\u00e1vel"},"content":{"rendered":"<h2><strong>Especifica\u00e7\u00f5es pormenorizadas<\/strong>:<\/h2>\n<table width=\"705\">\n<tbody>\n<tr>\n<td width=\"148\">O material<\/td>\n<td width=\"557\">PP n\u00e3o tecido+Microporoso<\/td>\n<\/tr>\n<tr>\n<td width=\"148\">Peso em gramas<\/td>\n<td>45-65gr\/m\u00b2<\/td>\n<\/tr>\n<tr>\n<td width=\"148\">Certificado<\/td>\n<td>ISO13485, CE, FDA<\/td>\n<\/tr>\n<tr>\n<td>Produ\u00e7\u00e3o di\u00e1ria<\/td>\n<td>10.000 pe\u00e7as<\/td>\n<\/tr>\n<tr>\n<td>Norma de qualidade<\/td>\n<td width=\"557\">EN14126:2003, AAMI N\u00edvel 3<\/td>\n<\/tr>\n<tr>\n<td width=\"148\">Prazo de pagamento<\/td>\n<td>TT, LC<\/td>\n<\/tr>\n<tr>\n<td>Especifica\u00e7\u00e3o da embalagem<\/td>\n<td>1 unidade\/saco, 50 unidades\/caixa<\/td>\n<\/tr>\n<tr>\n<td>Tamanho da caixa<\/td>\n<td>80*40*52(cm), os tamanhos das caixas de cart\u00e3o s\u00e3o diferentes consoante o peso e o m\u00e9todo de embalagem<\/td>\n<\/tr>\n<tr>\n<td width=\"148\">Porto FOB<\/td>\n<td>Wuhan\/Shanghai\/Guangzhou\/Ningbo<\/td>\n<\/tr>\n<\/tbody>\n<\/table>\n<figure class=\"wp-block-embed wp-block-embed-youtube is-type-video is-provider-youtube epyt-figure\"><div class=\"wp-block-embed__wrapper\"><div  id=\"_ytid_26236\"  width=\"800\" height=\"450\"  data-origwidth=\"800\" data-origheight=\"450\" data-facadesrc=\"https:\/\/www.youtube.com\/embed\/Ee2KJKd72V8?enablejsapi=1&autoplay=0&cc_load_policy=0&cc_lang_pref=&iv_load_policy=1&loop=0&rel=1&fs=1&playsinline=0&autohide=2&theme=dark&color=red&controls=1&disablekb=0&\" class=\"__youtube_prefs__ epyt-facade no-lazyload\" data-epautoplay=\"1\" ><img decoding=\"async\" data-spai-excluded=\"true\" class=\"epyt-facade-poster skip-lazy\" loading=\"lazy\"  alt=\"Leitor do YouTube\"  src=\"https:\/\/i.ytimg.com\/vi\/Ee2KJKd72V8\/maxresdefault.jpg\"  \/><button class=\"epyt-facade-play\" aria-label=\"Jogar\"><svg data-no-lazy=\"1\" height=\"100%\" version=\"1.1\" viewbox=\"0 0 68 48\" width=\"100%\"><path class=\"ytp-large-play-button-bg\" d=\"M66.52,7.74c-0.78-2.93-2.49-5.41-5.42-6.19C55.79,.13,34,0,34,0S12.21,.13,6.9,1.55 C3.97,2.33,2.27,4.81,1.48,7.74C0.06,13.05,0,24,0,24s0.06,10.95,1.48,16.26c0.78,2.93,2.49,5.41,5.42,6.19 C12.21,47.87,34,48,34,48s21.79-0.13,27.1-1.55c2.93-0.78,4.64-3.26,5.42-6.19C67.94,34.95,68,24,68,24S67.94,13.05,66.52,7.74z\" fill=\"#f00\"><\/path><path d=\"M 45,24 27,14 27,34\" fill=\"#fff\"><\/path><\/svg><\/button><\/div><\/div><\/figure>\n<h2><\/h2>\n<h2>Detalhe do estilo do macac\u00e3o de prote\u00e7\u00e3o m\u00e9dica descart\u00e1vel:<\/h2>\n<ul>\n<li><strong>Material microporoso revestido de n\u00e3o tecido PP:<\/strong>\u00a0O nosso macac\u00e3o m\u00e9dico \u00e9 fabricado a partir de uma combina\u00e7\u00e3o de alta qualidade de materiais PP n\u00e3o tecidos e microporosos, proporcionando uma excelente prote\u00e7\u00e3o contra derrames de l\u00edquidos, salpicos e part\u00edculas transportadas pelo ar. Este material tamb\u00e9m \u00e9 respir\u00e1vel, garantindo conforto durante longos per\u00edodos de utiliza\u00e7\u00e3o.<\/li>\n<li><strong>Design com capuz:<\/strong>\u00a0O macac\u00e3o possui um capuz que proporciona uma cobertura adicional para a \u00e1rea da cabe\u00e7a e do pesco\u00e7o, reduzindo o risco de contamina\u00e7\u00e3o e assegurando um ajuste seguro.<\/li>\n<li><strong>Fitas opcionais Veda\u00e7\u00e3o:<\/strong>\u00a0Se necess\u00e1rio, as partes das costuras do macac\u00e3o podem ser seladas com fitas, proporcionando uma camada extra de prote\u00e7\u00e3o contra potenciais riscos. Este processo de selagem garante que o macac\u00e3o se mant\u00e9m dur\u00e1vel e resistente ao desgaste.<\/li>\n<li><strong>Punhos e c\u00f3s el\u00e1sticos:<\/strong>\u00a0Para um ajuste seguro e confort\u00e1vel, este macac\u00e3o possui punhos el\u00e1sticos nos pulsos e uma cintura el\u00e1stica. Estas carater\u00edsticas ajudam a manter o macac\u00e3o no s\u00edtio, evitando a exposi\u00e7\u00e3o a contaminantes e garantindo facilidade de movimentos.<\/li>\n<\/ul>\n<p><img fetchpriority=\"high\" decoding=\"async\" class=\"aligncenter wp-image-8305 size-large\" src=\"https:\/\/med-disposable.com\/wp-content\/uploads\/2021\/03\/disposable-medical-coverall-5-1024x1024.jpg\" alt=\"\" width=\"800\" height=\"800\" srcset=\"https:\/\/med-disposable.com\/wp-content\/uploads\/2021\/03\/disposable-medical-coverall-5-1024x1024.jpg 1024w, https:\/\/med-disposable.com\/wp-content\/uploads\/2021\/03\/disposable-medical-coverall-5-300x300.jpg 300w, https:\/\/med-disposable.com\/wp-content\/uploads\/2021\/03\/disposable-medical-coverall-5-150x150.jpg 150w, https:\/\/med-disposable.com\/wp-content\/uploads\/2021\/03\/disposable-medical-coverall-5-768x768.jpg 768w, https:\/\/med-disposable.com\/wp-content\/uploads\/2021\/03\/disposable-medical-coverall-5-1536x1536.jpg 1536w, https:\/\/med-disposable.com\/wp-content\/uploads\/2021\/03\/disposable-medical-coverall-5-scaled.jpg 2048w, https:\/\/med-disposable.com\/wp-content\/uploads\/2021\/03\/disposable-medical-coverall-5-600x600.jpg 600w, https:\/\/med-disposable.com\/wp-content\/uploads\/2021\/03\/disposable-medical-coverall-5-100x100.jpg 100w\" sizes=\"(max-width: 800px) 100vw, 800px\" \/> <img decoding=\"async\" class=\"aligncenter wp-image-8306 size-large\" src=\"https:\/\/med-disposable.com\/wp-content\/uploads\/2021\/03\/disposable-medical-coverall-11-1024x1024.jpg\" alt=\"\" width=\"800\" height=\"800\" srcset=\"https:\/\/med-disposable.com\/wp-content\/uploads\/2021\/03\/disposable-medical-coverall-11-1024x1024.jpg 1024w, https:\/\/med-disposable.com\/wp-content\/uploads\/2021\/03\/disposable-medical-coverall-11-300x300.jpg 300w, https:\/\/med-disposable.com\/wp-content\/uploads\/2021\/03\/disposable-medical-coverall-11-150x150.jpg 150w, https:\/\/med-disposable.com\/wp-content\/uploads\/2021\/03\/disposable-medical-coverall-11-768x768.jpg 768w, https:\/\/med-disposable.com\/wp-content\/uploads\/2021\/03\/disposable-medical-coverall-11-1536x1536.jpg 1536w, https:\/\/med-disposable.com\/wp-content\/uploads\/2021\/03\/disposable-medical-coverall-11-scaled.jpg 2048w, https:\/\/med-disposable.com\/wp-content\/uploads\/2021\/03\/disposable-medical-coverall-11-600x600.jpg 600w, https:\/\/med-disposable.com\/wp-content\/uploads\/2021\/03\/disposable-medical-coverall-11-100x100.jpg 100w\" sizes=\"(max-width: 800px) 100vw, 800px\" \/> \u00a0<img decoding=\"async\" class=\"wp-image-8308 size-large aligncenter\" src=\"https:\/\/med-disposable.com\/wp-content\/uploads\/2021\/03\/disposable-medical-coverall-16-1024x1024.jpg\" alt=\"\" width=\"800\" height=\"800\" srcset=\"https:\/\/med-disposable.com\/wp-content\/uploads\/2021\/03\/disposable-medical-coverall-16-1024x1024.jpg 1024w, https:\/\/med-disposable.com\/wp-content\/uploads\/2021\/03\/disposable-medical-coverall-16-300x300.jpg 300w, https:\/\/med-disposable.com\/wp-content\/uploads\/2021\/03\/disposable-medical-coverall-16-150x150.jpg 150w, https:\/\/med-disposable.com\/wp-content\/uploads\/2021\/03\/disposable-medical-coverall-16-768x768.jpg 768w, https:\/\/med-disposable.com\/wp-content\/uploads\/2021\/03\/disposable-medical-coverall-16-1536x1536.jpg 1536w, https:\/\/med-disposable.com\/wp-content\/uploads\/2021\/03\/disposable-medical-coverall-16-scaled.jpg 2048w, https:\/\/med-disposable.com\/wp-content\/uploads\/2021\/03\/disposable-medical-coverall-16-600x600.jpg 600w, https:\/\/med-disposable.com\/wp-content\/uploads\/2021\/03\/disposable-medical-coverall-16-100x100.jpg 100w\" sizes=\"(max-width: 800px) 100vw, 800px\" \/><\/p>\n<p>&nbsp;<\/p>\n<h2>Porqu\u00ea escolher Wuhan Youfu como fornecedor de macac\u00f5es m\u00e9dicos?<\/h2>\n<ol>\n<li><strong>Produtos de qualidade:<\/strong>\u00a0A Wuhan Youfu est\u00e1 empenhada em fornecer fatos-macaco m\u00e9dicos que cumprem os mais elevados padr\u00f5es de qualidade e seguran\u00e7a. Os seus produtos s\u00e3o submetidos a testes rigorosos e a processos de controlo de qualidade para garantir que protegem eficazmente os utilizadores de v\u00e1rios riscos em ambientes m\u00e9dicos.<\/li>\n<li><strong>Designs inovadores:<\/strong>\u00a0A Wuhan Youfu investe continuamente em investiga\u00e7\u00e3o e desenvolvimento para criar designs inovadores que satisfa\u00e7am as necessidades espec\u00edficas dos profissionais de sa\u00fade. Os seus fatos-macaco m\u00e9dicos s\u00e3o concebidos tendo em conta o conforto, a funcionalidade e a seguran\u00e7a do utilizador, garantindo um desempenho \u00f3timo em v\u00e1rios contextos m\u00e9dicos.<\/li>\n<li><strong>Vasta gama de op\u00e7\u00f5es:<\/strong>\u00a0A Wuhan Youfu oferece uma gama completa de fatos-macaco para uso m\u00e9dico em v\u00e1rios materiais, modelos e tamanhos para se adequar a diferentes aplica\u00e7\u00f5es e requisitos. Deste modo, \u00e9 f\u00e1cil para os clientes encontrarem a solu\u00e7\u00e3o perfeita para as suas necessidades espec\u00edficas.<\/li>\n<li><strong>Pre\u00e7os competitivos:<\/strong>\u00a0A Wuhan Youfu esfor\u00e7a-se por fornecer fatos-macaco m\u00e9dicos de alta qualidade a pre\u00e7os competitivos, garantindo que os seus clientes recebem o melhor valor pelo seu investimento sem comprometer a qualidade e a prote\u00e7\u00e3o.<\/li>\n<li><strong>Cadeia de fornecimento fi\u00e1vel:<\/strong>\u00a0A Wuhan Youfu estabeleceu uma cadeia de abastecimento fi\u00e1vel, garantindo uma disponibilidade consistente dos produtos e uma entrega atempada aos seus clientes. Isto ajuda as instala\u00e7\u00f5es m\u00e9dicas a manter um fornecimento constante de fatos-macaco de prote\u00e7\u00e3o para satisfazer as suas necessidades cont\u00ednuas.<\/li>\n<li><strong>Excelente apoio ao cliente:<\/strong>\u00a0A Wuhan Youfu dedica-se a oferecer um apoio e assist\u00eancia excepcionais ao cliente durante todo o processo de compra. A sua equipa experiente e simp\u00e1tica est\u00e1 sempre dispon\u00edvel para responder a quaisquer quest\u00f5es ou preocupa\u00e7\u00f5es, assegurando uma experi\u00eancia tranquila e satisfat\u00f3ria para todos os clientes.<\/li>\n<li><strong>Conformidade com as normas do sector:<\/strong>\u00a0Os fatos-macaco m\u00e9dicos da Wuhan Youfu s\u00e3o fabricados em conformidade com as normas e regulamentos relevantes do sector, garantindo que os seus produtos cumprem os crit\u00e9rios de seguran\u00e7a e desempenho exigidos.<\/li>\n<\/ol>","protected":false},"excerpt":{"rendered":"<p>O nosso macac\u00e3o de prote\u00e7\u00e3o m\u00e9dica descart\u00e1vel foi concebido para oferecer uma prote\u00e7\u00e3o e conforto excepcionais durante v\u00e1rias tarefas m\u00e9dicas e perigosas. Fabricado a partir de uma combina\u00e7\u00e3o de materiais PP n\u00e3o tecidos e microporosos, este macac\u00e3o \u00e9 leve, respir\u00e1vel e resistente a l\u00edquidos e part\u00edculas transportadas pelo ar. Com um capuz para maior cobertura e a op\u00e7\u00e3o de selagem com fita adesiva nas costuras, pode trabalhar com confian\u00e7a num ambiente seguro e protegido.<\/p>","protected":false},"featured_media":5205,"template":"","meta":{"_seopress_robots_primary_cat":"none","_seopress_titles_title":"Buy Disposable Medical Protective Coverall - YouFu Medical","_seopress_titles_desc":"Explore a range of Disposable Medical Protective Coverall for clinical medical personnel in the work of contact with patients with potential infectious blood, fluids, secretions for providing barrier and protection.","_seopress_robots_index":""},"product_brand":[],"product_cat":[44],"product_tag":[64,73],"class_list":{"0":"post-625","1":"product","2":"type-product","3":"status-publish","4":"has-post-thumbnail","6":"product_cat-coverall","7":"product_tag-coverall","8":"product_tag-disposable","10":"first","11":"instock","12":"shipping-taxable","13":"product-type-simple"},"_links":{"self":[{"href":"https:\/\/med-disposable.com\/pt\/wp-json\/wp\/v2\/product\/625","targetHints":{"allow":["GET"]}}],"collection":[{"href":"https:\/\/med-disposable.com\/pt\/wp-json\/wp\/v2\/product"}],"about":[{"href":"https:\/\/med-disposable.com\/pt\/wp-json\/wp\/v2\/types\/product"}],"version-history":[{"count":0,"href":"https:\/\/med-disposable.com\/pt\/wp-json\/wp\/v2\/product\/625\/revisions"}],"wp:featuredmedia":[{"embeddable":true,"href":"https:\/\/med-disposable.com\/pt\/wp-json\/wp\/v2\/media\/5205"}],"wp:attachment":[{"href":"https:\/\/med-disposable.com\/pt\/wp-json\/wp\/v2\/media?parent=625"}],"wp:term":[{"taxonomy":"product_brand","embeddable":true,"href":"https:\/\/med-disposable.com\/pt\/wp-json\/wp\/v2\/product_brand?post=625"},{"taxonomy":"product_cat","embeddable":true,"href":"https:\/\/med-disposable.com\/pt\/wp-json\/wp\/v2\/product_cat?post=625"},{"taxonomy":"product_tag","embeddable":true,"href":"https:\/\/med-disposable.com\/pt\/wp-json\/wp\/v2\/product_tag?post=625"}],"curies":[{"name":"wp","href":"https:\/\/api.w.org\/{rel}","templated":true}]}}