{"id":6502,"date":"2023-05-11T17:53:21","date_gmt":"2023-05-11T09:53:21","guid":{"rendered":"https:\/\/med-disposable.com\/?post_type=product&#038;p=6502"},"modified":"2023-07-24T12:07:52","modified_gmt":"2023-07-24T04:07:52","slug":"mascara-facial-3ply-cor-verde","status":"publish","type":"product","link":"https:\/\/med-disposable.com\/pt\/product\/3ply-face-mask-green-color\/","title":{"rendered":"M\u00e1scara facial 3ply cor verde"},"content":{"rendered":"<p>Especifica\u00e7\u00f5es b\u00e1sicas para a m\u00e1scara facial de cor verde:<\/p>\n<table width=\"174\">\n<tbody>\n<tr>\n<td width=\"110\">Material:<\/td>\n<td width=\"64\">\u00a0Tecido n\u00e3o tecido de alta qualidade<\/td>\n<\/tr>\n<tr>\n<td width=\"110\">Camadas:<\/td>\n<td>Tr\u00eas camadas (camada exterior - camada n\u00e3o tecida hidrof\u00f3bica, camada interm\u00e9dia - filtro fundido por sopro, camada interior - camada n\u00e3o tecida absorvente suave)<\/td>\n<\/tr>\n<tr>\n<td width=\"110\">Cor:<\/td>\n<td>Verde<\/td>\n<\/tr>\n<tr>\n<td width=\"110\">Tamanho:<\/td>\n<td>17,5\u00d79,5 cm<\/td>\n<\/tr>\n<tr>\n<td width=\"110\">Embalagem:<\/td>\n<td>\u00a050 m\u00e1scaras por caixa, 40 caixas por caixa<\/td>\n<\/tr>\n<tr>\n<td width=\"110\">Conce\u00e7\u00e3o da embalagem<\/td>\n<td>A impress\u00e3o da caixa interior e da caixa de cart\u00e3o pode ser conforme os requisitos<\/td>\n<\/tr>\n<tr>\n<td width=\"110\">Prazo de entrega<\/td>\n<td>1*40HQ pode ser conclu\u00eddo em 5 dias<\/td>\n<\/tr>\n<tr>\n<td width=\"110\">Porto FOB<\/td>\n<td>Wuhan\/Shanghai\/Guangzhou\/Ningbo<\/td>\n<\/tr>\n<tr>\n<td width=\"110\">Carater\u00edstica:<\/td>\n<td>Amigo do ambiente, macio, confort\u00e1vel, respir\u00e1vel, hipoalerg\u00e9nico<\/td>\n<\/tr>\n<\/tbody>\n<\/table>\n<p><img fetchpriority=\"high\" decoding=\"async\" class=\"aligncenter wp-image-6512 size-full\" src=\"https:\/\/med-disposable.com\/wp-content\/uploads\/2023\/05\/s-l1600-1.jpg\" alt=\"\" width=\"800\" height=\"712\" srcset=\"https:\/\/med-disposable.com\/wp-content\/uploads\/2023\/05\/s-l1600-1.jpg 800w, https:\/\/med-disposable.com\/wp-content\/uploads\/2023\/05\/s-l1600-1-300x267.jpg 300w, https:\/\/med-disposable.com\/wp-content\/uploads\/2023\/05\/s-l1600-1-768x684.jpg 768w, https:\/\/med-disposable.com\/wp-content\/uploads\/2023\/05\/s-l1600-1-600x534.jpg 600w\" sizes=\"(max-width: 800px) 100vw, 800px\" \/><\/p>\n<p><strong>As m\u00e1scaras faciais de 3 camadas cumprem as normas internacionais<\/strong>:<\/p>\n<ul>\n<li>Conformidade com a norma ISO 13485:2016, garantindo os mais elevados padr\u00f5es de qualidade para dispositivos m\u00e9dicos<\/li>\n<li>Em conformidade com a norma ASTM N\u00edvel 1, proporciona uma prote\u00e7\u00e3o fi\u00e1vel contra part\u00edculas e fluidos<\/li>\n<li>Em conformidade com a norma EN 14683, cumpre as normas da UE para m\u00e1scaras faciais m\u00e9dicas<\/li>\n<li>Conformidade com a norma YY\/T 0969, em conformidade com as normas chinesas para m\u00e1scaras faciais m\u00e9dicas de utiliza\u00e7\u00e3o \u00fanica<\/li>\n<\/ul>\n<p><img decoding=\"async\" class=\"aligncenter wp-image-6513 size-full\" src=\"https:\/\/med-disposable.com\/wp-content\/uploads\/2023\/05\/O1CN01bnJPuh1o3S3lIKTmZ_2200812155169-0-scmitem6000.jpg\" alt=\"\" width=\"748\" height=\"737\" srcset=\"https:\/\/med-disposable.com\/wp-content\/uploads\/2023\/05\/O1CN01bnJPuh1o3S3lIKTmZ_2200812155169-0-scmitem6000.jpg 748w, https:\/\/med-disposable.com\/wp-content\/uploads\/2023\/05\/O1CN01bnJPuh1o3S3lIKTmZ_2200812155169-0-scmitem6000-300x296.jpg 300w, https:\/\/med-disposable.com\/wp-content\/uploads\/2023\/05\/O1CN01bnJPuh1o3S3lIKTmZ_2200812155169-0-scmitem6000-600x591.jpg 600w, https:\/\/med-disposable.com\/wp-content\/uploads\/2023\/05\/O1CN01bnJPuh1o3S3lIKTmZ_2200812155169-0-scmitem6000-100x100.jpg 100w\" sizes=\"(max-width: 748px) 100vw, 748px\" \/><\/p>\n<p>&nbsp;<\/p>\n<p><strong>Aplica\u00e7\u00f5es da m\u00e1scara verde de 3 camadas<\/strong><\/p>\n<ul>\n<li><strong>Instala\u00e7\u00f5es de cuidados de sa\u00fade<\/strong>: Hospitais, cl\u00ednicas dent\u00e1rias, lares de idosos, etc.<\/li>\n<li><strong>Espa\u00e7os p\u00fablicos<\/strong>: Supermercados, escrit\u00f3rios, escolas e transportes p\u00fablicos<\/li>\n<li><strong>Uso pessoal<\/strong>: Proteger-se a si e aos que o rodeiam em todas as circunst\u00e2ncias<\/li>\n<\/ul>\n<p><img decoding=\"async\" class=\"aligncenter wp-image-6514 size-full\" src=\"https:\/\/med-disposable.com\/wp-content\/uploads\/2023\/05\/face-mask-application.jpg\" alt=\"\" width=\"800\" height=\"800\" srcset=\"https:\/\/med-disposable.com\/wp-content\/uploads\/2023\/05\/face-mask-application.jpg 800w, https:\/\/med-disposable.com\/wp-content\/uploads\/2023\/05\/face-mask-application-300x300.jpg 300w, https:\/\/med-disposable.com\/wp-content\/uploads\/2023\/05\/face-mask-application-150x150.jpg 150w, https:\/\/med-disposable.com\/wp-content\/uploads\/2023\/05\/face-mask-application-768x768.jpg 768w, https:\/\/med-disposable.com\/wp-content\/uploads\/2023\/05\/face-mask-application-600x600.jpg 600w, https:\/\/med-disposable.com\/wp-content\/uploads\/2023\/05\/face-mask-application-100x100.jpg 100w\" sizes=\"(max-width: 800px) 100vw, 800px\" \/><\/p>\n<p>&nbsp;<\/p>\n<p><strong>Como escolher o fornecedor de m\u00e1scara descart\u00e1vel de 3 camadas?<\/strong><\/p>\n<p>\u00c9 fundamental ter em conta v\u00e1rios factores ao selecionar um fornecedor:<\/p>\n<ul>\n<li><strong>Garantia de qualidade<\/strong>: Verificar se o fornecedor cumpre as normas internacionais e realiza controlos de qualidade regulares. A Wuhan Youfu mant\u00e9m os mais elevados padr\u00f5es de qualidade e est\u00e1 em conformidade com a norma ISO 13485:2016.<\/li>\n<li><strong>Experi\u00eancia<\/strong>: Procure um fornecedor com uma vasta experi\u00eancia no sector. Com mais de 10 anos no sector, a Wuhan Youfu oferece uma riqueza de conhecimentos e experi\u00eancia.<\/li>\n<li><strong>Apoio ao cliente<\/strong>: Um bom servi\u00e7o ao cliente pode tornar o seu processo de aquisi\u00e7\u00e3o muito mais f\u00e1cil. A Wuhan Youfu oferece um apoio ao cliente r\u00e1pido, reativo e personalizado.<\/li>\n<li><strong>Entrega e log\u00edstica<\/strong>: Escolha um fornecedor com entrega e log\u00edstica fi\u00e1veis que possa cumprir o seu calend\u00e1rio. A Wuhan Youfu oferece op\u00e7\u00f5es de entrega eficientes em todo o mundo.<\/li>\n<\/ul>\n<p>&nbsp;<\/p>\n<p><strong>Vantagens da Wuhan Youfu para m\u00e1scaras faciais:<\/strong><\/p>\n<ul>\n<li><strong>Experi\u00eancia<\/strong>: Com uma d\u00e9cada de experi\u00eancia no sector, aperfei\u00e7o\u00e1mos o nosso processo de fabrico para garantir produtos da mais alta qualidade.<\/li>\n<li><strong>Garantia de qualidade<\/strong>: As nossas m\u00e1scaras cumprem as normas internacionais e mantemos um controlo de qualidade rigoroso para garantir uma prote\u00e7\u00e3o consistente e fi\u00e1vel.<\/li>\n<li><strong>Servi\u00e7o ao cliente<\/strong>: Oferecemos um excelente servi\u00e7o ao cliente, incluindo tempos de resposta r\u00e1pidos e solu\u00e7\u00f5es personalizadas para os clientes.<\/li>\n<\/ul>\n<p><img loading=\"lazy\" decoding=\"async\" class=\"aligncenter wp-image-5910 size-large\" src=\"https:\/\/med-disposable.com\/wp-content\/uploads\/2023\/04\/2-1024x577.png\" alt=\"\" width=\"800\" height=\"451\" srcset=\"https:\/\/med-disposable.com\/wp-content\/uploads\/2023\/04\/2-1024x577.png 1024w, https:\/\/med-disposable.com\/wp-content\/uploads\/2023\/04\/2-300x169.png 300w, https:\/\/med-disposable.com\/wp-content\/uploads\/2023\/04\/2-768x433.png 768w, https:\/\/med-disposable.com\/wp-content\/uploads\/2023\/04\/2-1536x865.png 1536w, https:\/\/med-disposable.com\/wp-content\/uploads\/2023\/04\/2-600x338.png 600w, https:\/\/med-disposable.com\/wp-content\/uploads\/2023\/04\/2.png 1640w\" sizes=\"(max-width: 800px) 100vw, 800px\" \/><\/p>","protected":false},"excerpt":{"rendered":"<p>A nossa m\u00e1scara facial verde de 3 camadas foi concebida para proporcionar o mais elevado n\u00edvel de prote\u00e7\u00e3o sem sacrificar o conforto ou a respirabilidade. Fabricada com tecido n\u00e3o tecido de alta qualidade, esta m\u00e1scara \u00e9 perfeita para o uso quotidiano, oferecendo seguran\u00e7a e facilidade de utiliza\u00e7\u00e3o.<\/p>","protected":false},"featured_media":6507,"template":"","meta":{"_seopress_robots_primary_cat":"none","_seopress_titles_title":"Delivery and Logistics: We provide fast delivery options worldwide.Eco-Friendly Face Masks: Green 3-Ply Masks by Wuhan Youfu, ISO 13485:2016 Compliant","_seopress_titles_desc":"Delivery and Logistics: We offer flexible international delivery and logistics solutions to ensure timely and reliable product delivery.\r\n\r\nDiscover the highest quality standards and reliable protection with Wuhan Youfu&#039;s 3-ply green face mask. With over 10 years experience and international standards like ISO 13485 &amp; EN 14683, enjoy fast, personalized customer service and worldwide delivery.","_seopress_robots_index":""},"product_brand":[],"product_cat":[100],"product_tag":[169],"class_list":{"0":"post-6502","1":"product","2":"type-product","3":"status-publish","4":"has-post-thumbnail","6":"product_cat-face-mask","7":"product_tag-disposable-face-mask","9":"first","10":"instock","11":"shipping-taxable","12":"product-type-simple"},"_links":{"self":[{"href":"https:\/\/med-disposable.com\/pt\/wp-json\/wp\/v2\/product\/6502","targetHints":{"allow":["GET"]}}],"collection":[{"href":"https:\/\/med-disposable.com\/pt\/wp-json\/wp\/v2\/product"}],"about":[{"href":"https:\/\/med-disposable.com\/pt\/wp-json\/wp\/v2\/types\/product"}],"version-history":[{"count":0,"href":"https:\/\/med-disposable.com\/pt\/wp-json\/wp\/v2\/product\/6502\/revisions"}],"wp:featuredmedia":[{"embeddable":true,"href":"https:\/\/med-disposable.com\/pt\/wp-json\/wp\/v2\/media\/6507"}],"wp:attachment":[{"href":"https:\/\/med-disposable.com\/pt\/wp-json\/wp\/v2\/media?parent=6502"}],"wp:term":[{"taxonomy":"product_brand","embeddable":true,"href":"https:\/\/med-disposable.com\/pt\/wp-json\/wp\/v2\/product_brand?post=6502"},{"taxonomy":"product_cat","embeddable":true,"href":"https:\/\/med-disposable.com\/pt\/wp-json\/wp\/v2\/product_cat?post=6502"},{"taxonomy":"product_tag","embeddable":true,"href":"https:\/\/med-disposable.com\/pt\/wp-json\/wp\/v2\/product_tag?post=6502"}],"curies":[{"name":"wp","href":"https:\/\/api.w.org\/{rel}","templated":true}]}}