{"id":6578,"date":"2023-05-12T18:05:21","date_gmt":"2023-05-12T10:05:21","guid":{"rendered":"https:\/\/med-disposable.com\/?post_type=product&#038;p=6578"},"modified":"2023-05-12T18:08:09","modified_gmt":"2023-05-12T10:08:09","slug":"bata-de-visitante-descartavel-em-pp-verde","status":"publish","type":"product","link":"https:\/\/med-disposable.com\/pt\/product\/disposable-pp-visitor-gown-green\/","title":{"rendered":"Bata de visitante descart\u00e1vel em PP verde"},"content":{"rendered":"<p><strong>Especifica\u00e7\u00f5es do produto:<\/strong><\/p>\n<ul>\n<li><strong>Material<\/strong>: Polipropileno n\u00e3o tecido (PP) de qualidade superior<\/li>\n<li><strong>Peso<\/strong>: 20-50g, a pedido<\/li>\n<li><strong>Cor<\/strong>: Verde<\/li>\n<li><strong>Tamanho<\/strong>Tamanho comum \u00e9 115x137cm, pode ser personalizado nos tamanhos S-5XL<\/li>\n<li><strong>Embalagem<\/strong>: 10 batas por embalagem, 10 embalagens por caixa, ou conforme necess\u00e1rio.<\/li>\n<\/ul>\n<p>&nbsp;<\/p>\n<figure class=\"wp-block-embed wp-block-embed-youtube is-type-video is-provider-youtube epyt-figure\"><div class=\"wp-block-embed__wrapper\"><div  id=\"_ytid_54614\"  width=\"800\" height=\"450\"  data-origwidth=\"800\" data-origheight=\"450\" data-facadesrc=\"https:\/\/www.youtube.com\/embed\/O5Fez04uvTM?enablejsapi=1&autoplay=0&cc_load_policy=0&cc_lang_pref=&iv_load_policy=1&loop=0&rel=1&fs=1&playsinline=0&autohide=2&theme=dark&color=red&controls=1&disablekb=0&\" class=\"__youtube_prefs__ epyt-facade no-lazyload\" data-epautoplay=\"1\" ><img decoding=\"async\" data-spai-excluded=\"true\" class=\"epyt-facade-poster skip-lazy\" loading=\"lazy\"  alt=\"Leitor do YouTube\"  src=\"https:\/\/i.ytimg.com\/vi\/O5Fez04uvTM\/maxresdefault.jpg\"  \/><button class=\"epyt-facade-play\" aria-label=\"Jogar\"><svg data-no-lazy=\"1\" height=\"100%\" version=\"1.1\" viewbox=\"0 0 68 48\" width=\"100%\"><path class=\"ytp-large-play-button-bg\" d=\"M66.52,7.74c-0.78-2.93-2.49-5.41-5.42-6.19C55.79,.13,34,0,34,0S12.21,.13,6.9,1.55 C3.97,2.33,2.27,4.81,1.48,7.74C0.06,13.05,0,24,0,24s0.06,10.95,1.48,16.26c0.78,2.93,2.49,5.41,5.42,6.19 C12.21,47.87,34,48,34,48s21.79-0.13,27.1-1.55c2.93-0.78,4.64-3.26,5.42-6.19C67.94,34.95,68,24,68,24S67.94,13.05,66.52,7.74z\" fill=\"#f00\"><\/path><path d=\"M 45,24 27,14 27,34\" fill=\"#fff\"><\/path><\/svg><\/button><\/div><\/div><\/figure>\n<p>&nbsp;<\/p>\n<p><strong>Estilos de pormenor da bata de visitante verde descart\u00e1vel:<\/strong><\/p>\n<ul>\n<li><strong>Desenho do pesco\u00e7o<\/strong>: Os nossos vestidos t\u00eam um design de gola redonda que \u00e9 f\u00e1cil de p\u00f4r e tirar, garantindo comodidade para quem os usa.<\/li>\n<li><strong>Gravatas de cintura<\/strong>: Dois atilhos na cintura est\u00e3o inclu\u00eddos para fixar o vestido \u00e0 volta do corpo para um ajuste confort\u00e1vel e seguro.<\/li>\n<li><strong>Mangas compridas<\/strong>: As batas t\u00eam mangas compridas para cobrir e proteger totalmente os bra\u00e7os. As extremidades das mangas s\u00e3o el\u00e1sticas para garantir um ajuste confort\u00e1vel e evitar que se enrolem.<\/li>\n<li><strong>Comprimento<\/strong>: As batas s\u00e3o concebidas \u00e0 altura do joelho, proporcionando uma cobertura adequada e mantendo a facilidade de movimentos.<\/li>\n<li><strong>Costas abertas<\/strong>: O design aberto nas costas permite uma melhor ventila\u00e7\u00e3o, assegurando que o utilizador se mant\u00e9m fresco e confort\u00e1vel durante a utiliza\u00e7\u00e3o.<\/li>\n<\/ul>\n<p>&nbsp;<\/p>\n<p><img fetchpriority=\"high\" decoding=\"async\" class=\"aligncenter wp-image-6586 size-full\" src=\"https:\/\/med-disposable.com\/wp-content\/uploads\/2023\/05\/PP-green-gown.jpg\" alt=\"\" width=\"800\" height=\"592\" srcset=\"https:\/\/med-disposable.com\/wp-content\/uploads\/2023\/05\/PP-green-gown.jpg 800w, https:\/\/med-disposable.com\/wp-content\/uploads\/2023\/05\/PP-green-gown-300x222.jpg 300w, https:\/\/med-disposable.com\/wp-content\/uploads\/2023\/05\/PP-green-gown-768x568.jpg 768w, https:\/\/med-disposable.com\/wp-content\/uploads\/2023\/05\/PP-green-gown-600x444.jpg 600w\" sizes=\"(max-width: 800px) 100vw, 800px\" \/> <img decoding=\"async\" class=\"aligncenter wp-image-6587 size-full\" src=\"https:\/\/med-disposable.com\/wp-content\/uploads\/2023\/05\/Visitor-gown-details.jpg\" alt=\"\" width=\"800\" height=\"615\" srcset=\"https:\/\/med-disposable.com\/wp-content\/uploads\/2023\/05\/Visitor-gown-details.jpg 800w, https:\/\/med-disposable.com\/wp-content\/uploads\/2023\/05\/Visitor-gown-details-300x231.jpg 300w, https:\/\/med-disposable.com\/wp-content\/uploads\/2023\/05\/Visitor-gown-details-768x590.jpg 768w, https:\/\/med-disposable.com\/wp-content\/uploads\/2023\/05\/Visitor-gown-details-600x461.jpg 600w\" sizes=\"(max-width: 800px) 100vw, 800px\" \/><\/p>\n<p><strong>Conformidade e normas:<\/strong><\/p>\n<p>As Batas de Visitante Descart\u00e1veis cumprem as normas internacionais de seguran\u00e7a e efic\u00e1cia:<\/p>\n<ul>\n<li>Regulamento UE 2017\/745, classificado como dispositivo m\u00e9dico de classe I<\/li>\n<li>ISO 13485:2016, garantindo a ades\u00e3o \u00e0s mais elevadas normas de qualidade para dispositivos m\u00e9dicos<\/li>\n<\/ul>\n<p>&nbsp;<\/p>\n<p><strong>Principais carater\u00edsticas e vantagens:<\/strong><\/p>\n<ul>\n<li><strong>Material de alta qualidade<\/strong>: As nossas batas s\u00e3o fabricadas em polipropileno resistente e respir\u00e1vel<\/li>\n<li><strong>Design confort\u00e1vel<\/strong>: As batas s\u00e3o leves e concebidas para facilitar a desloca\u00e7\u00e3o<\/li>\n<li><strong>Prote\u00e7\u00e3o eficaz<\/strong>: Proporciona uma barreira substancial contra poeiras e outras part\u00edculas<\/li>\n<li><strong>F\u00e1cil de usar<\/strong>: Concebida para ser colocada e retirada rapidamente<\/li>\n<\/ul>\n<p>&nbsp;<\/p>\n<p><img decoding=\"async\" class=\"aligncenter wp-image-6581 size-large\" src=\"https:\/\/med-disposable.com\/wp-content\/uploads\/2023\/05\/40A9419-1024x1024.jpg\" alt=\"\" width=\"800\" height=\"800\" srcset=\"https:\/\/med-disposable.com\/wp-content\/uploads\/2023\/05\/40A9419-1024x1024.jpg 1024w, https:\/\/med-disposable.com\/wp-content\/uploads\/2023\/05\/40A9419-300x300.jpg 300w, https:\/\/med-disposable.com\/wp-content\/uploads\/2023\/05\/40A9419-150x150.jpg 150w, https:\/\/med-disposable.com\/wp-content\/uploads\/2023\/05\/40A9419-768x768.jpg 768w, https:\/\/med-disposable.com\/wp-content\/uploads\/2023\/05\/40A9419-1536x1536.jpg 1536w, https:\/\/med-disposable.com\/wp-content\/uploads\/2023\/05\/40A9419-scaled.jpg 2048w, https:\/\/med-disposable.com\/wp-content\/uploads\/2023\/05\/40A9419-600x600.jpg 600w, https:\/\/med-disposable.com\/wp-content\/uploads\/2023\/05\/40A9419-100x100.jpg 100w\" sizes=\"(max-width: 800px) 100vw, 800px\" \/><\/p>\n<p>&nbsp;<\/p>\n<p><strong>Vantagens de Wuhan Youfu para batas descart\u00e1veis:<\/strong><\/p>\n<ul>\n<li><strong>Experi\u00eancia<\/strong>: Com mais de 10 anos no sector, oferecemos uma riqueza de conhecimentos e experi\u00eancia.<\/li>\n<li><strong>Garantia de qualidade<\/strong>: Mantemos um controlo de qualidade rigoroso para garantir uma prote\u00e7\u00e3o consistente e fi\u00e1vel.<\/li>\n<li><strong>Servi\u00e7o ao cliente<\/strong>: A nossa equipa dedica-se a prestar um excelente servi\u00e7o, incluindo tempos de resposta r\u00e1pidos e solu\u00e7\u00f5es personalizadas.<\/li>\n<\/ul>\n<p>&nbsp;<\/p>\n<p><img loading=\"lazy\" decoding=\"async\" class=\"aligncenter wp-image-6589 size-large\" src=\"https:\/\/med-disposable.com\/wp-content\/uploads\/2023\/05\/\u62fc\u56fe-1024x729.jpg\" alt=\"\" width=\"800\" height=\"570\" srcset=\"https:\/\/med-disposable.com\/wp-content\/uploads\/2023\/05\/\u62fc\u56fe-1024x729.jpg 1024w, https:\/\/med-disposable.com\/wp-content\/uploads\/2023\/05\/\u62fc\u56fe-300x214.jpg 300w, https:\/\/med-disposable.com\/wp-content\/uploads\/2023\/05\/\u62fc\u56fe-768x547.jpg 768w, https:\/\/med-disposable.com\/wp-content\/uploads\/2023\/05\/\u62fc\u56fe-600x427.jpg 600w, https:\/\/med-disposable.com\/wp-content\/uploads\/2023\/05\/\u62fc\u56fe.jpg 1189w\" sizes=\"(max-width: 800px) 100vw, 800px\" \/><\/p>\n<p>&nbsp;<\/p>\n<p><strong>Perguntas mais frequentes:<\/strong><\/p>\n<p><strong>Q1: Estas batas s\u00e3o reutiliz\u00e1veis?<\/strong><\/p>\n<p>R: As nossas Batas Descart\u00e1veis Comfort foram concebidas para uma \u00fanica utiliza\u00e7\u00e3o para garantir a m\u00e1xima higiene.<\/p>\n<p><strong>P2: Estes vestidos existem noutras cores?<\/strong><\/p>\n<p>R: Atualmente, as nossas batas descart\u00e1veis est\u00e3o dispon\u00edveis em verde.<\/p>\n<p><strong>P3: Estes vestidos s\u00e3o de tamanho \u00fanico?<\/strong><\/p>\n<p>R: Sim, os nossos vestidos foram concebidos para se adaptarem confortavelmente \u00e0 maioria dos adultos.<\/p>\n<p><strong>Q4: Como \u00e9 que estas batas s\u00e3o embaladas?<\/strong><\/p>\n<p>R: As nossas batas s\u00e3o embaladas de forma higi\u00e9nica, com 10 batas por embalagem e 10 embalagens por caixa.<\/p>\n<p><strong>P5: Posso encomendar estas batas a granel?<\/strong><\/p>\n<p>R: Sem d\u00favida. Contacte a nossa equipa de vendas para encomendas a granel ou requisitos personalizados.<\/p>","protected":false},"excerpt":{"rendered":"<p>A bata descart\u00e1vel de polipropileno para visitantes foi concebida a pensar na seguran\u00e7a e na comodidade. As nossas batas para visitantes s\u00e3o a solu\u00e7\u00e3o ideal para quem necessita de vestu\u00e1rio de prote\u00e7\u00e3o tempor\u00e1rio e de alta qualidade.<\/p>","protected":false},"featured_media":6581,"template":"","meta":{"_seopress_robots_primary_cat":"none","_seopress_titles_title":"Discover Premium Protection with Youfu&#039;s Disposable Visitor Gowns: Non-Woven PP, S-5XL, Green Color &amp; More!","_seopress_titles_desc":"Get premium protection for your visitors with our Disposable Green Visitor Gowns! Featuring a comfortable design and superior material, these gowns offer complete protection and an affordable price.","_seopress_robots_index":""},"product_brand":[],"product_cat":[43],"product_tag":[307],"class_list":{"0":"post-6578","1":"product","2":"type-product","3":"status-publish","4":"has-post-thumbnail","6":"product_cat-gowns","7":"product_tag-visitor-gown","9":"first","10":"instock","11":"shipping-taxable","12":"product-type-simple"},"_links":{"self":[{"href":"https:\/\/med-disposable.com\/pt\/wp-json\/wp\/v2\/product\/6578","targetHints":{"allow":["GET"]}}],"collection":[{"href":"https:\/\/med-disposable.com\/pt\/wp-json\/wp\/v2\/product"}],"about":[{"href":"https:\/\/med-disposable.com\/pt\/wp-json\/wp\/v2\/types\/product"}],"version-history":[{"count":0,"href":"https:\/\/med-disposable.com\/pt\/wp-json\/wp\/v2\/product\/6578\/revisions"}],"wp:featuredmedia":[{"embeddable":true,"href":"https:\/\/med-disposable.com\/pt\/wp-json\/wp\/v2\/media\/6581"}],"wp:attachment":[{"href":"https:\/\/med-disposable.com\/pt\/wp-json\/wp\/v2\/media?parent=6578"}],"wp:term":[{"taxonomy":"product_brand","embeddable":true,"href":"https:\/\/med-disposable.com\/pt\/wp-json\/wp\/v2\/product_brand?post=6578"},{"taxonomy":"product_cat","embeddable":true,"href":"https:\/\/med-disposable.com\/pt\/wp-json\/wp\/v2\/product_cat?post=6578"},{"taxonomy":"product_tag","embeddable":true,"href":"https:\/\/med-disposable.com\/pt\/wp-json\/wp\/v2\/product_tag?post=6578"}],"curies":[{"name":"wp","href":"https:\/\/api.w.org\/{rel}","templated":true}]}}