{"id":698,"date":"2021-03-08T14:59:51","date_gmt":"2021-03-08T06:59:51","guid":{"rendered":"https:\/\/med-disposable.com\/?post_type=product&#038;p=698"},"modified":"2023-07-10T18:15:45","modified_gmt":"2023-07-10T10:15:45","slug":"bata-descartavel-de-plastico-com-lacos-para-o-polegar","status":"publish","type":"product","link":"https:\/\/med-disposable.com\/pt\/product\/disposable-plastic-cpe-gown-with-thumb-loops\/","title":{"rendered":"Bata descart\u00e1vel de pl\u00e1stico para EPC com presilhas para o polegar"},"content":{"rendered":"<h2>Especifica\u00e7\u00f5es pormenorizadas:<\/h2>\n<table width=\"642\">\n<tbody>\n<tr style=\"font-style: inherit;font-weight: inherit\">\n<td style=\"font-style: inherit\" width=\"129\"><span style=\"font-style: inherit;font-weight: inherit\">Material:<\/span><\/td>\n<td style=\"font-style: inherit\" width=\"513\"><span style=\"font-style: inherit;font-weight: inherit\">100% Polietileno clorado (CPE)<\/span><\/td>\n<\/tr>\n<tr style=\"font-style: inherit;font-weight: inherit\">\n<td style=\"font-style: inherit\"><span style=\"font-style: inherit;font-weight: inherit\">Peso do material:<\/span><\/td>\n<td style=\"font-style: inherit\"><span style=\"font-style: inherit;font-weight: inherit\">25-70g\/pc<\/span><\/td>\n<\/tr>\n<tr style=\"font-style: inherit;font-weight: inherit\">\n<td style=\"font-style: inherit\"><span style=\"font-style: inherit;font-weight: inherit\">Processo:<\/span><\/td>\n<td style=\"font-style: inherit\"><span style=\"font-style: inherit;font-weight: inherit\">Corte, selagem a quente<\/span><\/td>\n<\/tr>\n<tr style=\"font-style: inherit;font-weight: inherit\">\n<td style=\"font-style: inherit\"><span style=\"font-style: inherit;font-weight: inherit\">Tamanho:<\/span><\/td>\n<td style=\"font-style: inherit\"><span style=\"font-style: inherit;font-weight: inherit\">190*115cm, 120*195cm, 125*200cm, ou conforme os requisitos<\/span><\/td>\n<\/tr>\n<tr style=\"font-style: inherit;font-weight: inherit\">\n<td style=\"font-style: inherit\"><span style=\"font-style: inherit;font-weight: inherit\">Cor:<\/span><\/td>\n<td style=\"font-style: inherit\"><span style=\"font-style: inherit;font-weight: inherit\">Azul, amarelo ou personalizado<\/span><\/td>\n<\/tr>\n<tr style=\"font-style: inherit;font-weight: inherit\">\n<td style=\"font-style: inherit\"><span style=\"font-style: inherit;font-weight: inherit\">Embalagem:<\/span><\/td>\n<td style=\"font-style: inherit\"><span style=\"font-style: inherit;font-weight: inherit\">1pc\/saco, 200pcs\/caixa de cart\u00e3o ou personalizado<\/span><\/td>\n<\/tr>\n<tr style=\"font-style: inherit;font-weight: inherit\">\n<td style=\"font-style: inherit\"><span style=\"font-style: inherit;font-weight: inherit\">Certifica\u00e7\u00e3o:<\/span><\/td>\n<td style=\"font-style: inherit\"><span style=\"font-style: inherit;font-weight: inherit\">FDA, CE, ISO13485<\/span><\/td>\n<\/tr>\n<tr style=\"font-style: inherit;font-weight: inherit\">\n<td style=\"font-style: inherit\"><span style=\"font-style: inherit;font-weight: inherit\">Capacidade:<\/span><\/td>\n<td style=\"font-style: inherit\"><span style=\"font-style: inherit;font-weight: inherit\" data-spm-anchor-id=\"a2700.details.pronpeci14.i3.27639cd7Do9U3i\">100000pcs-150000pcs\/day<\/span><\/td>\n<\/tr>\n<tr style=\"font-style: inherit;font-weight: inherit\">\n<td style=\"font-style: inherit\"><span style=\"font-style: inherit;font-weight: inherit\">Aplica\u00e7\u00e3o:<\/span><\/td>\n<td style=\"font-style: inherit\">M\u00e9dico, laboratorial, dom\u00e9stico, restaurante, ind\u00fastria alimentar e outros<\/td>\n<\/tr>\n<\/tbody>\n<\/table>\n<figure class=\"wp-block-embed wp-block-embed-youtube is-type-video is-provider-youtube epyt-figure\"><div class=\"wp-block-embed__wrapper\"><div  id=\"_ytid_91757\"  width=\"800\" height=\"450\"  data-origwidth=\"800\" data-origheight=\"450\" data-facadesrc=\"https:\/\/www.youtube.com\/embed\/Zpe9IUfABwQ?enablejsapi=1&autoplay=0&cc_load_policy=0&cc_lang_pref=&iv_load_policy=1&loop=0&rel=1&fs=1&playsinline=0&autohide=2&theme=dark&color=red&controls=1&disablekb=0&\" class=\"__youtube_prefs__ epyt-facade no-lazyload\" data-epautoplay=\"1\" ><img decoding=\"async\" data-spai-excluded=\"true\" class=\"epyt-facade-poster skip-lazy\" loading=\"lazy\"  alt=\"Leitor do YouTube\"  src=\"https:\/\/i.ytimg.com\/vi\/Zpe9IUfABwQ\/maxresdefault.jpg\"  \/><button class=\"epyt-facade-play\" aria-label=\"Jogar\"><svg data-no-lazy=\"1\" height=\"100%\" version=\"1.1\" viewbox=\"0 0 68 48\" width=\"100%\"><path class=\"ytp-large-play-button-bg\" d=\"M66.52,7.74c-0.78-2.93-2.49-5.41-5.42-6.19C55.79,.13,34,0,34,0S12.21,.13,6.9,1.55 C3.97,2.33,2.27,4.81,1.48,7.74C0.06,13.05,0,24,0,24s0.06,10.95,1.48,16.26c0.78,2.93,2.49,5.41,5.42,6.19 C12.21,47.87,34,48,34,48s21.79-0.13,27.1-1.55c2.93-0.78,4.64-3.26,5.42-6.19C67.94,34.95,68,24,68,24S67.94,13.05,66.52,7.74z\" fill=\"#f00\"><\/path><path d=\"M 45,24 27,14 27,34\" fill=\"#fff\"><\/path><\/svg><\/button><\/div><\/div><\/figure>\n<p>&nbsp;<\/p>\n<h2>Estilos pormenorizados e vantagens das batas CPE<\/h2>\n<ul>\n<li><strong>Design aberto nas costas:<\/strong>\u00a0O design aberto das costas destas batas permite uma maior respirabilidade e conforto durante o trabalho, tornando-as adequadas para per\u00edodos de utiliza\u00e7\u00e3o prolongados.<\/li>\n<li><strong>Atilhos ajust\u00e1veis na cintura:<\/strong>\u00a0Os atilhos na cintura proporcionam um ajuste personaliz\u00e1vel, garantindo que a bata se mant\u00e9m firmemente no lugar durante as actividades e reduzindo o risco de exposi\u00e7\u00e3o a contaminantes.<\/li>\n<\/ul>\n<p><img fetchpriority=\"high\" decoding=\"async\" class=\"aligncenter wp-image-8535 size-large\" src=\"https:\/\/med-disposable.com\/wp-content\/uploads\/2021\/03\/yellow-color-CPE-gown-5-1024x1024.jpg\" alt=\"\" width=\"800\" height=\"800\" srcset=\"https:\/\/med-disposable.com\/wp-content\/uploads\/2021\/03\/yellow-color-CPE-gown-5-1024x1024.jpg 1024w, https:\/\/med-disposable.com\/wp-content\/uploads\/2021\/03\/yellow-color-CPE-gown-5-300x300.jpg 300w, https:\/\/med-disposable.com\/wp-content\/uploads\/2021\/03\/yellow-color-CPE-gown-5-150x150.jpg 150w, https:\/\/med-disposable.com\/wp-content\/uploads\/2021\/03\/yellow-color-CPE-gown-5-768x768.jpg 768w, https:\/\/med-disposable.com\/wp-content\/uploads\/2021\/03\/yellow-color-CPE-gown-5-1536x1536.jpg 1536w, https:\/\/med-disposable.com\/wp-content\/uploads\/2021\/03\/yellow-color-CPE-gown-5-scaled.jpg 2048w, https:\/\/med-disposable.com\/wp-content\/uploads\/2021\/03\/yellow-color-CPE-gown-5-600x600.jpg 600w, https:\/\/med-disposable.com\/wp-content\/uploads\/2021\/03\/yellow-color-CPE-gown-5-100x100.jpg 100w\" sizes=\"(max-width: 800px) 100vw, 800px\" \/><\/p>\n<ul>\n<li><strong>La\u00e7os para o polegar:<\/strong>\u00a0As presilhas integradas para os polegares impedem que as mangas se enrolem, garantindo uma cobertura total dos bra\u00e7os e uma prote\u00e7\u00e3o adicional durante as tarefas que exigem um elevado n\u00edvel de destreza.<\/li>\n<\/ul>\n<p><img decoding=\"async\" class=\"aligncenter wp-image-8536 size-large\" src=\"https:\/\/med-disposable.com\/wp-content\/uploads\/2021\/03\/yellow-color-CPE-gown-7-1024x1024.jpg\" alt=\"\" width=\"800\" height=\"800\" srcset=\"https:\/\/med-disposable.com\/wp-content\/uploads\/2021\/03\/yellow-color-CPE-gown-7-1024x1024.jpg 1024w, https:\/\/med-disposable.com\/wp-content\/uploads\/2021\/03\/yellow-color-CPE-gown-7-300x300.jpg 300w, https:\/\/med-disposable.com\/wp-content\/uploads\/2021\/03\/yellow-color-CPE-gown-7-150x150.jpg 150w, https:\/\/med-disposable.com\/wp-content\/uploads\/2021\/03\/yellow-color-CPE-gown-7-768x768.jpg 768w, https:\/\/med-disposable.com\/wp-content\/uploads\/2021\/03\/yellow-color-CPE-gown-7-1536x1536.jpg 1536w, https:\/\/med-disposable.com\/wp-content\/uploads\/2021\/03\/yellow-color-CPE-gown-7-scaled.jpg 2048w, https:\/\/med-disposable.com\/wp-content\/uploads\/2021\/03\/yellow-color-CPE-gown-7-600x600.jpg 600w, https:\/\/med-disposable.com\/wp-content\/uploads\/2021\/03\/yellow-color-CPE-gown-7-100x100.jpg 100w\" sizes=\"(max-width: 800px) 100vw, 800px\" \/><\/p>\n<ul>\n<li><strong>Dispon\u00edvel em amarelo, azul e branco:<\/strong>\u00a0Escolha entre tr\u00eas cores diferentes para satisfazer os requisitos espec\u00edficos do seu local de trabalho ou as suas prefer\u00eancias pessoais.<\/li>\n<\/ul>\n<p><img decoding=\"async\" class=\"aligncenter wp-image-8531 size-full\" src=\"https:\/\/med-disposable.com\/wp-content\/uploads\/2021\/03\/disposable-cpe-gowns.jpg\" alt=\"\" width=\"800\" height=\"729\" srcset=\"https:\/\/med-disposable.com\/wp-content\/uploads\/2021\/03\/disposable-cpe-gowns.jpg 800w, https:\/\/med-disposable.com\/wp-content\/uploads\/2021\/03\/disposable-cpe-gowns-300x273.jpg 300w, https:\/\/med-disposable.com\/wp-content\/uploads\/2021\/03\/disposable-cpe-gowns-768x700.jpg 768w, https:\/\/med-disposable.com\/wp-content\/uploads\/2021\/03\/disposable-cpe-gowns-600x547.jpg 600w\" sizes=\"(max-width: 800px) 100vw, 800px\" \/><\/p>\n<ul>\n<li><strong>Material CPE:<\/strong>\u00a0Fabricadas em material de polietileno clorado (CPE) de alta qualidade, estas batas descart\u00e1veis oferecem uma excelente durabilidade, prote\u00e7\u00e3o \u00e0 prova de \u00e1gua e resist\u00eancia a produtos qu\u00edmicos, garantindo uma barreira segura contra contaminantes.<\/li>\n<li><strong>Tamanho universal:<\/strong>\u00a0Concebidas para se adaptarem \u00e0 maioria dos indiv\u00edduos, estas batas proporcionam uma prote\u00e7\u00e3o abrangente sem comprometer o conforto ou a facilidade de movimentos.<\/li>\n<\/ul>\n<p>&nbsp;<\/p>\n<h2>Satisfa\u00e7\u00e3o garantida<\/h2>\n<p>Garantimos a qualidade das nossas Batas CPE Descart\u00e1veis e estamos confiantes de que ficar\u00e1 satisfeito com a sua compra. Se tiver quaisquer problemas ou preocupa\u00e7\u00f5es, n\u00e3o hesite em contactar a nossa equipa de apoio ao cliente para obter assist\u00eancia: info@med-disposable.com.<\/p>\n<p>Mantenha-se protegido e garanta um ambiente de trabalho higi\u00e9nico com as nossas Batas CPE descart\u00e1veis com la\u00e7os para o polegar, dur\u00e1veis, confort\u00e1veis e vers\u00e1teis. Encomende hoje e sinta a diferen\u00e7a!<\/p>\n<p><img loading=\"lazy\" decoding=\"async\" class=\"aligncenter wp-image-6653 size-large\" src=\"https:\/\/med-disposable.com\/wp-content\/uploads\/2023\/05\/\u62fc\u56fe-1-1024x729.jpg\" alt=\"\" width=\"800\" height=\"570\" srcset=\"https:\/\/med-disposable.com\/wp-content\/uploads\/2023\/05\/\u62fc\u56fe-1-1024x729.jpg 1024w, https:\/\/med-disposable.com\/wp-content\/uploads\/2023\/05\/\u62fc\u56fe-1-300x214.jpg 300w, https:\/\/med-disposable.com\/wp-content\/uploads\/2023\/05\/\u62fc\u56fe-1-768x547.jpg 768w, https:\/\/med-disposable.com\/wp-content\/uploads\/2023\/05\/\u62fc\u56fe-1-600x427.jpg 600w, https:\/\/med-disposable.com\/wp-content\/uploads\/2023\/05\/\u62fc\u56fe-1.jpg 1189w\" sizes=\"(max-width: 800px) 100vw, 800px\" \/><\/p>","protected":false},"excerpt":{"rendered":"<p class=\"product_title entry-title elementor-heading-title elementor-size-default\">Mantenha-se protegido e mantenha um elevado padr\u00e3o de higiene com as nossas Batas CPE Descart\u00e1veis, com presilhas para o polegar para maior seguran\u00e7a e conforto. Estas batas s\u00e3o perfeitas para uma variedade de ambientes, incluindo instala\u00e7\u00f5es de cuidados de sa\u00fade, laborat\u00f3rios, f\u00e1bricas de processamento de alimentos e muito mais. Dispon\u00edveis nas cores amarela, azul e branca, estas batas foram concebidas para proporcionar uma prote\u00e7\u00e3o \u00f3ptima, garantindo simultaneamente um ajuste confort\u00e1vel.<\/p>","protected":false},"featured_media":8532,"template":"","meta":{"_seopress_robots_primary_cat":"none","_seopress_titles_title":"Disposable plastic CPE gown with thumb loops - YouFu Medical","_seopress_titles_desc":"Explore a range of Disposable plastic CPE gown with thumb loops for Medical, labortory, household, restaurant and food industry use. Waterproof, anti-fouling, sanitary and convenient.","_seopress_robots_index":""},"product_brand":[],"product_cat":[43],"product_tag":[78,75],"class_list":{"0":"post-698","1":"product","2":"type-product","3":"status-publish","4":"has-post-thumbnail","6":"product_cat-gowns","7":"product_tag-gown","8":"product_tag-plastic","10":"first","11":"instock","12":"shipping-taxable","13":"product-type-simple"},"_links":{"self":[{"href":"https:\/\/med-disposable.com\/pt\/wp-json\/wp\/v2\/product\/698","targetHints":{"allow":["GET"]}}],"collection":[{"href":"https:\/\/med-disposable.com\/pt\/wp-json\/wp\/v2\/product"}],"about":[{"href":"https:\/\/med-disposable.com\/pt\/wp-json\/wp\/v2\/types\/product"}],"version-history":[{"count":0,"href":"https:\/\/med-disposable.com\/pt\/wp-json\/wp\/v2\/product\/698\/revisions"}],"wp:featuredmedia":[{"embeddable":true,"href":"https:\/\/med-disposable.com\/pt\/wp-json\/wp\/v2\/media\/8532"}],"wp:attachment":[{"href":"https:\/\/med-disposable.com\/pt\/wp-json\/wp\/v2\/media?parent=698"}],"wp:term":[{"taxonomy":"product_brand","embeddable":true,"href":"https:\/\/med-disposable.com\/pt\/wp-json\/wp\/v2\/product_brand?post=698"},{"taxonomy":"product_cat","embeddable":true,"href":"https:\/\/med-disposable.com\/pt\/wp-json\/wp\/v2\/product_cat?post=698"},{"taxonomy":"product_tag","embeddable":true,"href":"https:\/\/med-disposable.com\/pt\/wp-json\/wp\/v2\/product_tag?post=698"}],"curies":[{"name":"wp","href":"https:\/\/api.w.org\/{rel}","templated":true}]}}