{"id":920,"date":"2021-03-11T17:26:56","date_gmt":"2021-03-11T09:26:56","guid":{"rendered":"https:\/\/med-disposable.com\/?post_type=product&#038;p=920"},"modified":"2021-09-01T14:19:42","modified_gmt":"2021-09-01T06:19:42","slug":"disposable-sms-surgical-gown","status":"publish","type":"product","link":"https:\/\/med-disposable.com\/pt\/product\/disposable-sms-surgical-gown\/","title":{"rendered":"Bata cir\u00fargica SMS descart\u00e1vel"},"content":{"rendered":"<p>Carater\u00edstica:<br \/>\nUltrasonic seam, AAMI standard;<br \/>\nsterilized by EO, individual paper pouch packaging<\/p>\n<p>Especifica\u00e7\u00f5es pormenorizadas:<\/p>\n<table width=\"667\">\n<tbody>\n<tr style=\"font-style: inherit;font-weight: inherit\">\n<td style=\"font-style: inherit\" width=\"116\">\n<p data-spm-anchor-id=\"a2700.details.0.i15.1e077667Ehv93w\">Material<\/p>\n<\/td>\n<td style=\"font-style: inherit\" width=\"551\">SMS<\/td>\n<\/tr>\n<tr>\n<td>Peso em gramas<\/td>\n<td>35-55g\/m\u00b2<\/td>\n<\/tr>\n<tr style=\"font-style: inherit;font-weight: inherit\">\n<td style=\"font-style: inherit\">Aplica\u00e7\u00e3o<\/td>\n<td style=\"font-style: inherit\">surgery, laboratory, studying to isolate the bacteria and other factors induced by infection<\/td>\n<\/tr>\n<tr style=\"font-style: inherit;font-weight: inherit\">\n<td style=\"font-style: inherit\">Peso<\/td>\n<td style=\"font-style: inherit\">25gsm-70gsm<\/td>\n<\/tr>\n<tr>\n<td rowspan=\"4\">Tamanho<\/td>\n<td style=\"font-style: inherit\">S:115*137cm<\/td>\n<\/tr>\n<tr>\n<td>M:120x140cm<\/td>\n<\/tr>\n<tr>\n<td>L:130x150cm<\/td>\n<\/tr>\n<tr>\n<td>XL:135x160cm<\/td>\n<\/tr>\n<tr style=\"font-style: inherit;font-weight: inherit\">\n<td style=\"font-style: inherit\">Cor<\/td>\n<td style=\"font-style: inherit\">white\/blue\/green\/dark blue<\/td>\n<\/tr>\n<tr>\n<td>Embalagem<\/td>\n<td style=\"font-style: inherit\">1)1pc\/pouch,50pcs per carton (Sterile)<\/td>\n<\/tr>\n<tr style=\"font-style: inherit;font-weight: inherit\">\n<td style=\"font-style: inherit\">Store<\/td>\n<td style=\"font-style: inherit\">Store in dry, humidity below 80%, ventilated, non-corrosive gases warehouse<\/td>\n<\/tr>\n<\/tbody>\n<\/table>","protected":false},"excerpt":{"rendered":"<p>With ties on back neck and waist<br \/>\nRound collar, can be binding as requirements<br \/>\nknitted cuff<\/p>","protected":false},"featured_media":924,"template":"","meta":{"_seopress_robots_primary_cat":"none","_seopress_titles_title":"Disposable SMS surgical gown | AAMI standard - YouFu Medical","_seopress_titles_desc":"Disposable SMS surgical gown for surgery, laboratory, studying to isolate the bacteria and other factors induced by infection. Ultrasonic seam, AAMI standard.","_seopress_robots_index":""},"product_brand":[],"product_cat":[43],"product_tag":[78,71],"class_list":{"0":"post-920","1":"product","2":"type-product","3":"status-publish","4":"has-post-thumbnail","6":"product_cat-gowns","7":"product_tag-gown","8":"product_tag-sms","10":"first","11":"instock","12":"shipping-taxable","13":"product-type-simple"},"_links":{"self":[{"href":"https:\/\/med-disposable.com\/pt\/wp-json\/wp\/v2\/product\/920","targetHints":{"allow":["GET"]}}],"collection":[{"href":"https:\/\/med-disposable.com\/pt\/wp-json\/wp\/v2\/product"}],"about":[{"href":"https:\/\/med-disposable.com\/pt\/wp-json\/wp\/v2\/types\/product"}],"version-history":[{"count":0,"href":"https:\/\/med-disposable.com\/pt\/wp-json\/wp\/v2\/product\/920\/revisions"}],"wp:featuredmedia":[{"embeddable":true,"href":"https:\/\/med-disposable.com\/pt\/wp-json\/wp\/v2\/media\/924"}],"wp:attachment":[{"href":"https:\/\/med-disposable.com\/pt\/wp-json\/wp\/v2\/media?parent=920"}],"wp:term":[{"taxonomy":"product_brand","embeddable":true,"href":"https:\/\/med-disposable.com\/pt\/wp-json\/wp\/v2\/product_brand?post=920"},{"taxonomy":"product_cat","embeddable":true,"href":"https:\/\/med-disposable.com\/pt\/wp-json\/wp\/v2\/product_cat?post=920"},{"taxonomy":"product_tag","embeddable":true,"href":"https:\/\/med-disposable.com\/pt\/wp-json\/wp\/v2\/product_tag?post=920"}],"curies":[{"name":"wp","href":"https:\/\/api.w.org\/{rel}","templated":true}]}}