{"id":968,"date":"2021-03-17T14:33:56","date_gmt":"2021-03-17T06:33:56","guid":{"rendered":"https:\/\/med-disposable.com\/?post_type=product&#038;p=968"},"modified":"2023-08-16T17:40:06","modified_gmt":"2023-08-16T09:40:06","slug":"protecao-ocular-descartavel-mascara-facial","status":"publish","type":"product","link":"https:\/\/med-disposable.com\/pt\/product\/disposable-eye-shield-face-mask\/","title":{"rendered":"M\u00e1scara facial descart\u00e1vel para prote\u00e7\u00e3o dos olhos"},"content":{"rendered":"<p>Melhore o seu jogo de prote\u00e7\u00e3o com a m\u00e1scara facial descart\u00e1vel Eye Shield, habilmente concebida para uma maior seguran\u00e7a. Integrando um sistema de filtragem de alta qualidade com um escudo ocular acoplado, oferece uma dupla camada de prote\u00e7\u00e3o. Concebida para os ambientes exigentes dos ambientes m\u00e9dicos e cir\u00fargicos, esta m\u00e1scara garante que a respirabilidade e a vis\u00e3o permanecem sem compromissos.<\/p>\n<h3><strong>Carater\u00edsticas:<\/strong><\/h3>\n<ol>\n<li><strong>Filtragem Premium<\/strong>: Constru\u00eddo com um papel de filtro BFE99% ensanduichado entre material n\u00e3o tecido, impede eficazmente a entrada de part\u00edculas nocivas.<\/li>\n<li><strong>Prote\u00e7\u00e3o ocular integrada<\/strong>: Possui um escudo ocular anti-embaciamento e anti-respingos, garantindo uma vis\u00e3o clara e prote\u00e7\u00e3o contra salpicos de l\u00edquidos.<\/li>\n<li><strong>Design ergon\u00f3mico<\/strong>: Criado para o conforto, garante um ajuste confort\u00e1vel sem ser restritivo.<\/li>\n<\/ol>\n<p><img fetchpriority=\"high\" decoding=\"async\" class=\"wp-image-3239 size-full\" src=\"https:\/\/med-disposable.com\/wp-content\/uploads\/2022\/03\/Face-mask-with-eye-shield-t.jpg\" alt=\"\" width=\"800\" height=\"800\" srcset=\"https:\/\/med-disposable.com\/wp-content\/uploads\/2022\/03\/Face-mask-with-eye-shield-t.jpg 800w, https:\/\/med-disposable.com\/wp-content\/uploads\/2022\/03\/Face-mask-with-eye-shield-t-300x300.jpg 300w, https:\/\/med-disposable.com\/wp-content\/uploads\/2022\/03\/Face-mask-with-eye-shield-t-150x150.jpg 150w, https:\/\/med-disposable.com\/wp-content\/uploads\/2022\/03\/Face-mask-with-eye-shield-t-768x768.jpg 768w, https:\/\/med-disposable.com\/wp-content\/uploads\/2022\/03\/Face-mask-with-eye-shield-t-600x600.jpg 600w, https:\/\/med-disposable.com\/wp-content\/uploads\/2022\/03\/Face-mask-with-eye-shield-t-100x100.jpg 100w\" sizes=\"(max-width: 800px) 100vw, 800px\" \/><\/p>\n<p><strong>Especifica\u00e7\u00f5es pormenorizadas:<\/strong><\/p>\n<table width=\"588\">\n<tbody>\n<tr>\n<td width=\"114\">Material<\/td>\n<td width=\"474\">Camada exterior: SBPP impresso, 25gr\/m\u00b2<br \/>\nCamada interm\u00e9dia: MB, 25gr\/m\u00b2<br \/>\nCamada interior: PP macio, 25gr\/m\u00b2<\/td>\n<\/tr>\n<tr>\n<td width=\"114\">Tamanho<\/td>\n<td width=\"474\">17,5*9,5cm<\/td>\n<\/tr>\n<tr>\n<td width=\"114\">Estilo<\/td>\n<td width=\"474\">Argola para a orelha ou com atilhos<\/td>\n<\/tr>\n<tr>\n<td width=\"114\">Embalagem<\/td>\n<td width=\"474\">50 pcs\/caixa, 2000pcs\/ctn, pode ser como requisitos<\/td>\n<\/tr>\n<tr>\n<td width=\"114\">Conce\u00e7\u00e3o da embalagem<\/td>\n<td width=\"474\">A impress\u00e3o da caixa interior e da caixa de cart\u00e3o pode ser conforme os requisitos<\/td>\n<\/tr>\n<tr>\n<td width=\"114\">Amostra<\/td>\n<td width=\"474\">amostras gr\u00e1tis para verifica\u00e7\u00e3o no prazo de uma semana<\/td>\n<\/tr>\n<tr>\n<td width=\"114\">Prazo de pagamento<\/td>\n<td width=\"474\">T\/T,L\/C<\/td>\n<\/tr>\n<tr>\n<td width=\"114\">Prazo de entrega<\/td>\n<td width=\"474\">1*40HQ pode ser conclu\u00eddo em 15 dias<\/td>\n<\/tr>\n<tr>\n<td width=\"114\">Porto FOB<\/td>\n<td width=\"474\">Wuhan\/Shanghai\/Guangzhou\/Ningbo<\/td>\n<\/tr>\n<tr>\n<td>Carater\u00edstica:<\/td>\n<td>Amigo do ambiente, macio, confort\u00e1vel, respir\u00e1vel, hipoalerg\u00e9nico<\/td>\n<\/tr>\n<\/tbody>\n<\/table>\n<h3><strong>Vantagens:<\/strong><\/h3>\n<ul>\n<li><strong>Dupla prote\u00e7\u00e3o<\/strong>: Protege as vias respirat\u00f3rias e visuais contra potenciais contaminantes.<\/li>\n<li><strong>Clareza na vis\u00e3o<\/strong>: O design anti-embaciamento garante uma vis\u00e3o desobstru\u00edda mesmo em ambientes de elevada humidade.<\/li>\n<li><strong>Respirabilidade \u00f3ptima<\/strong>: Apesar da sua prote\u00e7\u00e3o completa, a m\u00e1scara permite uma respira\u00e7\u00e3o f\u00e1cil.<\/li>\n<li><strong>Multifuncional<\/strong>: Adequado para uma variedade de ambientes para al\u00e9m das aplica\u00e7\u00f5es m\u00e9dicas.<\/li>\n<\/ul>\n<p>&nbsp;<\/p>\n<h3><strong>Aplica\u00e7\u00f5es:<\/strong><\/h3>\n<p>Perfeito para profissionais de sa\u00fade em cirurgias, ambientes m\u00e9dicos e laborat\u00f3rios. Tamb\u00e9m \u00e9 ideal para qualquer ambiente onde exista o risco de part\u00edculas transportadas pelo ar e salpicos de l\u00edquidos, como instala\u00e7\u00f5es de investiga\u00e7\u00e3o ou instala\u00e7\u00f5es industriais.<\/p>\n<h3><strong>Modo de utiliza\u00e7\u00e3o:<\/strong><\/h3>\n<ol>\n<li>Higienize bem as m\u00e3os antes de manusear a m\u00e1scara.<\/li>\n<li>Segurar pelos ganchos auriculares, assegurando que o escudo ocular fica posicionado na parte superior.<\/li>\n<li>Colocar sobre o rosto, cobrindo o nariz e a boca. Ajustar o escudo ocular para uma cobertura \u00f3ptima.<\/li>\n<li>Assegurar um ajuste seguro, minimizando as folgas nos lados.<\/li>\n<li>Ap\u00f3s a utiliza\u00e7\u00e3o, retirar sem tocar na parte da frente, deitar fora de forma respons\u00e1vel e lavar as m\u00e3os.<\/li>\n<\/ol>\n<p><strong>FAQs para clientes estrangeiros em massa:<\/strong><\/p>\n<ol>\n<li><strong>Que pre\u00e7os ou descontos baseados no volume podem ser esperados para encomendas por grosso?<\/strong>Para encomendas por grosso, oferecemos um sistema de pre\u00e7os escalonados, proporcionando descontos com base na quantidade adquirida. O nosso departamento de vendas pode fornecer uma cota\u00e7\u00e3o detalhada mediante pedido, garantindo o melhor valor para as suas necessidades de aquisi\u00e7\u00e3o.<\/li>\n<li><strong>Como \u00e9 que o escudo ocular mant\u00e9m as suas propriedades anti-embaciamento?<\/strong>O escudo ocular integrado \u00e9 tratado com um revestimento anti-embaciamento especializado, concebido para repelir a humidade e manter a nitidez. Isto garante que o escudo permanece n\u00edtido mesmo em ambientes com varia\u00e7\u00f5es significativas de temperatura ou humidade elevada, como salas de opera\u00e7\u00f5es.<\/li>\n<li><strong>Existe a possibilidade de personalizar a marca ou a embalagem para grandes encomendas?<\/strong>Certamente. Oferecemos op\u00e7\u00f5es de personaliza\u00e7\u00e3o, incluindo marcas e embalagens especializadas, para encomendas em grandes quantidades. A nossa equipa colabora estreitamente com os clientes para garantir que os seus requisitos s\u00e3o cumpridos com a m\u00e1xima satisfa\u00e7\u00e3o.<\/li>\n<\/ol>","protected":false},"excerpt":{"rendered":"<p>A prote\u00e7\u00e3o ocular \u00e9 anti-embaciamento e anti-salpicos<\/p>\n<p>Estilo auricular, tamb\u00e9m pode ser atado<\/p>","protected":false},"featured_media":975,"template":"","meta":{"_seopress_robots_primary_cat":"none","_seopress_titles_title":"Disposable Eye Shield Face Mask | Eye Shield - YouFu Medical","_seopress_titles_desc":"Disposable Eye Shield Face Mask - Anti penetration, anti fog, anti splash. Ear loop or tie on style, as your requirement. Eco-Friendly, soft, comfortable, breathable, hypoallergenic.","_seopress_robots_index":""},"product_brand":[],"product_cat":[100],"product_tag":[81,60],"class_list":{"0":"post-968","1":"product","2":"type-product","3":"status-publish","4":"has-post-thumbnail","6":"product_cat-face-mask","7":"product_tag-eye-shield","8":"product_tag-face-mask","10":"first","11":"instock","12":"shipping-taxable","13":"product-type-simple"},"_links":{"self":[{"href":"https:\/\/med-disposable.com\/pt\/wp-json\/wp\/v2\/product\/968","targetHints":{"allow":["GET"]}}],"collection":[{"href":"https:\/\/med-disposable.com\/pt\/wp-json\/wp\/v2\/product"}],"about":[{"href":"https:\/\/med-disposable.com\/pt\/wp-json\/wp\/v2\/types\/product"}],"version-history":[{"count":0,"href":"https:\/\/med-disposable.com\/pt\/wp-json\/wp\/v2\/product\/968\/revisions"}],"wp:featuredmedia":[{"embeddable":true,"href":"https:\/\/med-disposable.com\/pt\/wp-json\/wp\/v2\/media\/975"}],"wp:attachment":[{"href":"https:\/\/med-disposable.com\/pt\/wp-json\/wp\/v2\/media?parent=968"}],"wp:term":[{"taxonomy":"product_brand","embeddable":true,"href":"https:\/\/med-disposable.com\/pt\/wp-json\/wp\/v2\/product_brand?post=968"},{"taxonomy":"product_cat","embeddable":true,"href":"https:\/\/med-disposable.com\/pt\/wp-json\/wp\/v2\/product_cat?post=968"},{"taxonomy":"product_tag","embeddable":true,"href":"https:\/\/med-disposable.com\/pt\/wp-json\/wp\/v2\/product_tag?post=968"}],"curies":[{"name":"wp","href":"https:\/\/api.w.org\/{rel}","templated":true}]}}